{"id":102922,"date":"2017-03-22T23:22:47","date_gmt":"2017-03-22T23:22:47","guid":{"rendered":"http:\/\/keramika.holest.com\/slovenija\/product\/talne-porcelan-ploscice-cinca-heart-of-stone-grey\/"},"modified":"2026-01-02T00:02:43","modified_gmt":"2026-01-02T00:02:43","slug":"talne-porcelan-ploscice-cinca-heart-of-stone-grey","status":"publish","type":"product","link":"https:\/\/www.keramika.com\/slovenija\/talne-porcelan-ploscice-cinca-heart-of-stone-grey\/","title":{"rendered":"Talne porcelan plo\u0161\u010dice Cinca Heart of Stone Grey"},"content":{"rendered":"<p>Ta plo\u0161\u010dica je na voljo v \u010dudoviti sivi barvi, \u010de \u017eelite kak\u0161no drugo barvo pa nas kontaktirajte in preverili bomo pri proizvajalcu. Redna cena te plo\u0161\u010dice v maloprodaji zna\u0161a 36,5 EUR, v na\u0161i spletni trgovini pa jo lahko dobite \u017ee za 29,2 EUR. Velikost te plo\u0161\u010dice je 50&#215;50 cm. Ta plo\u0161\u010dica prihaja iz Portugalske, ki je znana po kvalitetni keramiki. 10 mm debeline je dovolj tudi za zahtevnej\u0161e kupce.<\/p>\n<p>Kliknite na ime kolekcije za ogled vseh plo\u0161\u010dic iz te serije: <a class=\"pdfcatal\" href=\"\/\/www.ceramictiles.com\/pdf\/cinca\/catalogue_cinca_heart_of_stone.pdf\" onclick=\"recordOutboundLink(this, 'E-mail', 'Description PDF');return false;\">Cinca Heart of Stone<\/a><\/p>\n<p>\u010ce \u017eelite naro\u010diti model iz pdf kataloga te kolekcije, nam pi\u0161ite na: <a href=\"mailto:keramoteka.salon@gmail.com\" onclick=\"recordOutboundLink(this, 'E-mail', 'Description mail');return false;\">keramoteka.salon@gmail.com<\/a> ali pa nas pokli\u010dite na: 031 255 900.<\/p>\n<p>Technical description: <br \/> F 49&#215;99 ; 49&#215;49 ; 32&#215;49 ; 12&#215;49 ; 8,5&#215;49 ; 50&#215;50 ; 33&#215;33 ; 16&#215;33 ; 16&#215;16 <br \/>Heart Of Stone Bege ; Heart Of Stone Noz ; Heart Of Stone Cinza ; Heart Of Stone Cinza Escuro ; Heart Of Stone Preto ;<\/p>\n","protected":false},"excerpt":{"rendered":"<p>Ta plo\u0161\u010dica je na voljo v \u010dudoviti sivi barvi, \u010de \u017eelite kak\u0161no drugo barvo pa nas kontaktirajte in preverili bomo pri proizvajalcu. Redna cena te plo\u0161\u010dice v maloprodaji zna\u0161a 36,5 EUR, v na\u0161i spletni trgovini pa jo lahko dobite \u017ee za 29,2 EUR. Velikost te plo\u0161\u010dice je 50&#215;50 cm. Ta plo\u0161\u010dica prihaja iz Portugalske, ki [&hellip;]<\/p>\n","protected":false},"featured_media":102923,"template":"","meta":[],"product_cat":[999968,200,280,999,270],"product_tag":[],"_links":{"self":[{"href":"https:\/\/www.keramika.com\/slovenija\/wp-json\/wp\/v2\/product\/102922"}],"collection":[{"href":"https:\/\/www.keramika.com\/slovenija\/wp-json\/wp\/v2\/product"}],"about":[{"href":"https:\/\/www.keramika.com\/slovenija\/wp-json\/wp\/v2\/types\/product"}],"wp:featuredmedia":[{"embeddable":true,"href":"https:\/\/www.keramika.com\/slovenija\/wp-json\/wp\/v2\/media\/102923"}],"wp:attachment":[{"href":"https:\/\/www.keramika.com\/slovenija\/wp-json\/wp\/v2\/media?parent=102922"}],"wp:term":[{"taxonomy":"product_cat","embeddable":true,"href":"https:\/\/www.keramika.com\/slovenija\/wp-json\/wp\/v2\/product_cat?post=102922"},{"taxonomy":"product_tag","embeddable":true,"href":"https:\/\/www.keramika.com\/slovenija\/wp-json\/wp\/v2\/product_tag?post=102922"}],"curies":[{"name":"wp","href":"https:\/\/api.w.org\/{rel}","templated":true}]}}