{"id":102908,"date":"2017-03-22T23:22:29","date_gmt":"2017-03-22T23:22:29","guid":{"rendered":"http:\/\/keramika.holest.com\/slovenija\/product\/talne-porcelan-ploscice-cinca-forum-gold\/"},"modified":"2026-01-02T00:02:41","modified_gmt":"2026-01-02T00:02:41","slug":"talne-porcelan-ploscice-cinca-forum-gold","status":"publish","type":"product","link":"https:\/\/www.keramika.com\/slovenija\/talne-porcelan-ploscice-cinca-forum-gold\/","title":{"rendered":"Talne porcelan plo\u0161\u010dice Cinca Forum Gold"},"content":{"rendered":"<p>Namesto 32,56 EUR kot bi za to plo\u0161\u010dico od\u0161teli v klasi\u010dni trgovini, boste v na\u0161i spletni prodajalni od\u0161teli le 26,05 EUR. 10 mm debeline je dovolj tudi za zahtevnej\u0161e kupce. Prihaja iz Portugalske, ki po svetu slovi kot ena bolj\u0161ih proizvajalk kerami\u010dnih plo\u0161\u010dic. Z 50&#215;50 cm je ta plo\u0161\u010dica primerna za razli\u010dne podlage. Keramika v zlati barvi popestri vsak prostor.<\/p>\n<p>Kliknite na ime kolekcije za ogled vseh plo\u0161\u010dic iz te serije: <a class=\"pdfcatal\" href=\"\/\/www.ceramictiles.com\/pdf\/cinca\/catalogue_cinca_forum.pdf\" onclick=\"recordOutboundLink(this, 'E-mail', 'Description PDF');return false;\">Cinca Forum<\/a><\/p>\n<p>\u010ce \u017eelite naro\u010diti model iz pdf kataloga te kolekcije, nam pi\u0161ite na: <a href=\"mailto:keramoteka.salon@gmail.com\" onclick=\"recordOutboundLink(this, 'E-mail', 'Description mail');return false;\">keramoteka.salon@gmail.com<\/a> ali pa nas pokli\u010dite na: 031 255 900.<\/p>\n<p>Technical description: <br \/> F 50&#215;50 ; 33&#215;33 ; 16&#215;16 <br \/>Forum Branco ; Forum Ouro ; Forum Areia ; Forum Noz ;<\/p>\n","protected":false},"excerpt":{"rendered":"<p>Namesto 32,56 EUR kot bi za to plo\u0161\u010dico od\u0161teli v klasi\u010dni trgovini, boste v na\u0161i spletni prodajalni od\u0161teli le 26,05 EUR. 10 mm debeline je dovolj tudi za zahtevnej\u0161e kupce. Prihaja iz Portugalske, ki po svetu slovi kot ena bolj\u0161ih proizvajalk kerami\u010dnih plo\u0161\u010dic. Z 50&#215;50 cm je ta plo\u0161\u010dica primerna za razli\u010dne podlage. Keramika v [&hellip;]<\/p>\n","protected":false},"featured_media":102909,"template":"","meta":[],"product_cat":[999968,200,260,999,290,240],"product_tag":[],"_links":{"self":[{"href":"https:\/\/www.keramika.com\/slovenija\/wp-json\/wp\/v2\/product\/102908"}],"collection":[{"href":"https:\/\/www.keramika.com\/slovenija\/wp-json\/wp\/v2\/product"}],"about":[{"href":"https:\/\/www.keramika.com\/slovenija\/wp-json\/wp\/v2\/types\/product"}],"wp:featuredmedia":[{"embeddable":true,"href":"https:\/\/www.keramika.com\/slovenija\/wp-json\/wp\/v2\/media\/102909"}],"wp:attachment":[{"href":"https:\/\/www.keramika.com\/slovenija\/wp-json\/wp\/v2\/media?parent=102908"}],"wp:term":[{"taxonomy":"product_cat","embeddable":true,"href":"https:\/\/www.keramika.com\/slovenija\/wp-json\/wp\/v2\/product_cat?post=102908"},{"taxonomy":"product_tag","embeddable":true,"href":"https:\/\/www.keramika.com\/slovenija\/wp-json\/wp\/v2\/product_tag?post=102908"}],"curies":[{"name":"wp","href":"https:\/\/api.w.org\/{rel}","templated":true}]}}