{"id":102902,"date":"2017-03-22T23:22:20","date_gmt":"2017-03-22T23:22:20","guid":{"rendered":"http:\/\/keramika.holest.com\/slovenija\/product\/cinca-fasadna-keramika-sand\/"},"modified":"2026-01-02T00:02:41","modified_gmt":"2026-01-02T00:02:41","slug":"cinca-fasadna-keramika-sand","status":"publish","type":"product","link":"https:\/\/www.keramika.com\/slovenija\/cinca-fasadna-keramika-sand\/","title":{"rendered":"Cinca fasadna keramika Sand"},"content":{"rendered":"<p>Ta plo\u0161\u010dica je na voljo v \u010dudoviti be\u017e barvi, \u010de \u017eelite kak\u0161no drugo barvo pa nas kontaktirajte in preverili bomo pri proizvajalcu. \u0160irina in dol\u017eina te plo\u0161\u010dice sta 5,5&#215;24 cm. Cinca facade tiles Sand je pripeljana iz Portugalske in je zelo kvalitetna. Zaradi ni\u017ejih stro\u0161kov pri spletni prodaji boste na na\u0161i strani za to plo\u0161\u010dico od\u0161teli le 17,6 EUR. Plo\u0161\u010dica je debela kar 8 mm, kar jo uvr\u0161\u010da med bolj trde plo\u0161\u010dice.<\/p>\n<p>Kliknite na ime kolekcije za ogled vseh plo\u0161\u010dic iz te serije: <a class=\"pdfcatal\" href=\"\/\/www.ceramictiles.com\/pdf\/cinca\/catalogue_cinca_facade_tiles.pdf\" onclick=\"recordOutboundLink(this, 'E-mail', 'Description PDF');return false;\">Cinca Cinca facade tiles<\/a><\/p>\n<p>\u010ce \u017eelite naro\u010diti model iz pdf kataloga te kolekcije, nam pi\u0161ite na: <a href=\"mailto:keramoteka.salon@gmail.com\" onclick=\"recordOutboundLink(this, 'E-mail', 'Description mail');return false;\">keramoteka.salon@gmail.com<\/a> ali pa nas pokli\u010dite na: 031 255 900.<\/p>\n<p>Technical description: <br \/> W 5,5&#215;24  <br \/>Vidrado R\u00fastico Mate Tabaco ; Vidrado R\u00fastico Mate Laranja ; Vidrado R\u00fastico Mate Tijolo ; Vidrado R\u00fastico Mate Ocre ; Vidrado R\u00fastico Mate Castanho ; Vidrado R\u00fastico Mate Marfim ;<\/p>\n","protected":false},"excerpt":{"rendered":"<p>Ta plo\u0161\u010dica je na voljo v \u010dudoviti be\u017e barvi, \u010de \u017eelite kak\u0161no drugo barvo pa nas kontaktirajte in preverili bomo pri proizvajalcu. \u0160irina in dol\u017eina te plo\u0161\u010dice sta 5,5&#215;24 cm. Cinca facade tiles Sand je pripeljana iz Portugalske in je zelo kvalitetna. Zaradi ni\u017ejih stro\u0161kov pri spletni prodaji boste na na\u0161i strani za to plo\u0161\u010dico [&hellip;]<\/p>\n","protected":false},"featured_media":102903,"template":"","meta":[],"product_cat":[999968,140,100,120,999,110],"product_tag":[],"_links":{"self":[{"href":"https:\/\/www.keramika.com\/slovenija\/wp-json\/wp\/v2\/product\/102902"}],"collection":[{"href":"https:\/\/www.keramika.com\/slovenija\/wp-json\/wp\/v2\/product"}],"about":[{"href":"https:\/\/www.keramika.com\/slovenija\/wp-json\/wp\/v2\/types\/product"}],"wp:featuredmedia":[{"embeddable":true,"href":"https:\/\/www.keramika.com\/slovenija\/wp-json\/wp\/v2\/media\/102903"}],"wp:attachment":[{"href":"https:\/\/www.keramika.com\/slovenija\/wp-json\/wp\/v2\/media?parent=102902"}],"wp:term":[{"taxonomy":"product_cat","embeddable":true,"href":"https:\/\/www.keramika.com\/slovenija\/wp-json\/wp\/v2\/product_cat?post=102902"},{"taxonomy":"product_tag","embeddable":true,"href":"https:\/\/www.keramika.com\/slovenija\/wp-json\/wp\/v2\/product_tag?post=102902"}],"curies":[{"name":"wp","href":"https:\/\/api.w.org\/{rel}","templated":true}]}}