{"id":102900,"date":"2017-03-22T23:22:17","date_gmt":"2017-03-22T23:22:17","guid":{"rendered":"http:\/\/keramika.holest.com\/slovenija\/product\/cinca-klinker-ploscice-red\/"},"modified":"2026-01-02T00:02:41","modified_gmt":"2026-01-02T00:02:41","slug":"cinca-klinker-ploscice-red","status":"publish","type":"product","link":"https:\/\/www.keramika.com\/slovenija\/cinca-klinker-ploscice-red\/","title":{"rendered":"Cinca klinker plo\u0161\u010dice Red"},"content":{"rendered":"<p>Debelina plo\u0161\u010dice je zelo pomembna in 12 mm uvr\u0161\u010da to plo\u0161\u010dico med najkvalitetnej\u0161e. Redna cena te plo\u0161\u010dice v maloprodaji zna\u0161a 24,06 EUR, v na\u0161i spletni trgovini pa jo lahko dobite \u017ee za 19,25 EUR. Cinca extruded tiles Red je pripeljana iz Portugalske in je zelo kvalitetna. Velikost te plo\u0161\u010dice je 30&#215;30 cm in je primerna za razli\u010dne povr\u0161ine. Ta model plo\u0161\u010dice se najbolje prodaja v rde\u010di barvi.<\/p>\n<p>Kliknite na ime kolekcije za ogled vseh plo\u0161\u010dic iz te serije: <a class=\"pdfcatal\" href=\"\/\/www.ceramictiles.com\/pdf\/cinca\/catalogue_cinca_extruded_tiles.pdf\" onclick=\"recordOutboundLink(this, 'E-mail', 'Description PDF');return false;\">Cinca Cinca extruded tiles<\/a><\/p>\n<p>\u010ce \u017eelite naro\u010diti model iz pdf kataloga te kolekcije, nam pi\u0161ite na: <a href=\"mailto:keramoteka.salon@gmail.com\" onclick=\"recordOutboundLink(this, 'E-mail', 'Description mail');return false;\">keramoteka.salon@gmail.com<\/a> ali pa nas pokli\u010dite na: 031 255 900.<\/p>\n<p>Technical description: <br \/> W 30&#215;90 ; 15&#215;60 ; 30&#215;30 ; 24&#215;24 ; 15&#215;30 ; 15&#215;15 ; 11,5&#215;24 ; 11,5&#215;11,5  <br \/>Extrudido N\u00e3o Vidrado Vermelho Claro ; Extrudido N\u00e3o Vidrado Areia Claro ; Extrudido N\u00e3o Vidrado Vermelho Flamejado ; Extrudido N\u00e3o Vidrado Vermelho ; Extrudido N\u00e3o Vidrado Cinza Bet\u00e3o ; Extrudido N\u00e3o Vidrado Areia ; Extrudido N\u00e3o Vidrado Salm\u00e3o ; Extrudido N\u00e3o Vidrado Cinza ; Extrudido N\u00e3o Vidrado Preto ;<\/p>\n","protected":false},"excerpt":{"rendered":"<p>Debelina plo\u0161\u010dice je zelo pomembna in 12 mm uvr\u0161\u010da to plo\u0161\u010dico med najkvalitetnej\u0161e. Redna cena te plo\u0161\u010dice v maloprodaji zna\u0161a 24,06 EUR, v na\u0161i spletni trgovini pa jo lahko dobite \u017ee za 19,25 EUR. Cinca extruded tiles Red je pripeljana iz Portugalske in je zelo kvalitetna. Velikost te plo\u0161\u010dice je 30&#215;30 cm in je primerna [&hellip;]<\/p>\n","protected":false},"featured_media":102901,"template":"","meta":[],"product_cat":[999968,200,100,120,999,290,110],"product_tag":[],"_links":{"self":[{"href":"https:\/\/www.keramika.com\/slovenija\/wp-json\/wp\/v2\/product\/102900"}],"collection":[{"href":"https:\/\/www.keramika.com\/slovenija\/wp-json\/wp\/v2\/product"}],"about":[{"href":"https:\/\/www.keramika.com\/slovenija\/wp-json\/wp\/v2\/types\/product"}],"wp:featuredmedia":[{"embeddable":true,"href":"https:\/\/www.keramika.com\/slovenija\/wp-json\/wp\/v2\/media\/102901"}],"wp:attachment":[{"href":"https:\/\/www.keramika.com\/slovenija\/wp-json\/wp\/v2\/media?parent=102900"}],"wp:term":[{"taxonomy":"product_cat","embeddable":true,"href":"https:\/\/www.keramika.com\/slovenija\/wp-json\/wp\/v2\/product_cat?post=102900"},{"taxonomy":"product_tag","embeddable":true,"href":"https:\/\/www.keramika.com\/slovenija\/wp-json\/wp\/v2\/product_tag?post=102900"}],"curies":[{"name":"wp","href":"https:\/\/api.w.org\/{rel}","templated":true}]}}