{"id":102896,"date":"2017-03-22T23:22:11","date_gmt":"2017-03-22T23:22:11","guid":{"rendered":"http:\/\/keramika.holest.com\/slovenija\/product\/projektne-ploscice-cinca-espace-white\/"},"modified":"2026-01-02T00:02:40","modified_gmt":"2026-01-02T00:02:40","slug":"projektne-ploscice-cinca-espace-white","status":"publish","type":"product","link":"https:\/\/www.keramika.com\/slovenija\/projektne-ploscice-cinca-espace-white\/","title":{"rendered":"Projektne plo\u0161\u0107ice Cinca Espace White"},"content":{"rendered":"<p>Debelina plo\u0161\u010dice je zelo pomembna in 6 mm uvr\u0161\u010da to plo\u0161\u010dico med najkvalitetnej\u0161e. Ta kerami\u010dna plo\u0161\u010dica v \u010dudoviti rumeni barvi bo obogatila vsak prostor. Cinca Espace White je na voljo po zelo ugodni ceni 13,9 EUR. Z velikostjo 20&#215;20 cm je ta plo\u0161\u010dica primerna ze razli\u010dne povr\u0161ine. To plo\u0161\u010dico je izdelal proizvajalec Cinca, ki prihaja iz Portugalske.<\/p>\n<p>Kliknite na ime kolekcije za ogled vseh plo\u0161\u010dic iz te serije: <a class=\"pdfcatal\" href=\"\/\/www.ceramictiles.com\/pdf\/cinca\/catalogue_cinca_espace.pdf\" onclick=\"recordOutboundLink(this, 'E-mail', 'Description PDF');return false;\">Cinca Espace<\/a><\/p>\n<p>\u010ce \u017eelite naro\u010diti model iz pdf kataloga te kolekcije, nam pi\u0161ite na: <a href=\"mailto:keramoteka.salon@gmail.com\" onclick=\"recordOutboundLink(this, 'E-mail', 'Description mail');return false;\">keramoteka.salon@gmail.com<\/a> ali pa nas pokli\u010dite na: 031 255 900.<\/p>\n<p>Technical description: <br \/> F 33&#215;33 ; 20&#215;20 <br \/>Espace Branco ; Espace Castanho ; Espace Cinza ; Espace Salm\u00e3o ;<\/p>\n","protected":false},"excerpt":{"rendered":"<p>Debelina plo\u0161\u010dice je zelo pomembna in 6 mm uvr\u0161\u010da to plo\u0161\u010dico med najkvalitetnej\u0161e. Ta kerami\u010dna plo\u0161\u010dica v \u010dudoviti rumeni barvi bo obogatila vsak prostor. Cinca Espace White je na voljo po zelo ugodni ceni 13,9 EUR. Z velikostjo 20&#215;20 cm je ta plo\u0161\u010dica primerna ze razli\u010dne povr\u0161ine. To plo\u0161\u010dico je izdelal proizvajalec Cinca, ki prihaja [&hellip;]<\/p>\n","protected":false},"featured_media":102897,"template":"","meta":[],"product_cat":[999968,200,999,290,240,270],"product_tag":[],"_links":{"self":[{"href":"https:\/\/www.keramika.com\/slovenija\/wp-json\/wp\/v2\/product\/102896"}],"collection":[{"href":"https:\/\/www.keramika.com\/slovenija\/wp-json\/wp\/v2\/product"}],"about":[{"href":"https:\/\/www.keramika.com\/slovenija\/wp-json\/wp\/v2\/types\/product"}],"wp:featuredmedia":[{"embeddable":true,"href":"https:\/\/www.keramika.com\/slovenija\/wp-json\/wp\/v2\/media\/102897"}],"wp:attachment":[{"href":"https:\/\/www.keramika.com\/slovenija\/wp-json\/wp\/v2\/media?parent=102896"}],"wp:term":[{"taxonomy":"product_cat","embeddable":true,"href":"https:\/\/www.keramika.com\/slovenija\/wp-json\/wp\/v2\/product_cat?post=102896"},{"taxonomy":"product_tag","embeddable":true,"href":"https:\/\/www.keramika.com\/slovenija\/wp-json\/wp\/v2\/product_tag?post=102896"}],"curies":[{"name":"wp","href":"https:\/\/api.w.org\/{rel}","templated":true}]}}