{"id":102892,"date":"2017-03-22T23:22:06","date_gmt":"2017-03-22T23:22:06","guid":{"rendered":"http:\/\/keramika.holest.com\/slovenija\/product\/talne-in-stenske-ploscice-cinca-dunas-black\/"},"modified":"2026-01-02T00:02:39","modified_gmt":"2026-01-02T00:02:39","slug":"talne-in-stenske-ploscice-cinca-dunas-black","status":"publish","type":"product","link":"https:\/\/www.keramika.com\/slovenija\/talne-in-stenske-ploscice-cinca-dunas-black\/","title":{"rendered":"Talne in stenske plo\u0161\u010dice Cinca Dunas Black"},"content":{"rendered":"<p>Z velikostjo 33&#215;45 cm je ta plo\u0161\u010dica primerna ze razli\u010dne povr\u0161ine. Zaradi ni\u017ejih stro\u0161kov pri spletni prodaji boste na na\u0161i strani za to plo\u0161\u010dico od\u0161teli le 23,8 EUR. Zelo moderna plo\u0161\u010dica v \u010drni barvi popestri prav vsak prostor. To plo\u0161\u010dico je izdelal proizvajalec Cinca, ki prihaja iz Portugalske. 9 mm je debelina, ki zadovolji tudi zahtevnej\u0161e kupce.<\/p>\n<p>Kliknite na ime kolekcije za ogled vseh plo\u0161\u010dic iz te serije: <a class=\"pdfcatal\" href=\"\/\/www.ceramictiles.com\/pdf\/cinca\/catalogue_cinca_dunas.pdf\" onclick=\"recordOutboundLink(this, 'E-mail', 'Description PDF');return false;\">Cinca Dunas<\/a><\/p>\n<p>\u010ce \u017eelite naro\u010diti model iz pdf kataloga te kolekcije, nam pi\u0161ite na: <a href=\"mailto:keramoteka.salon@gmail.com\" onclick=\"recordOutboundLink(this, 'E-mail', 'Description mail');return false;\">keramoteka.salon@gmail.com<\/a> ali pa nas pokli\u010dite na: 031 255 900.<\/p>\n<p>Technical description: <br \/> W &#038; F 33&#215;45 ; 33&#215;33 <br \/>Dunas Branco ; Dunas P\u00e9rola ; Dunas Verde ; Dunas Verde \u00c1gua ; Dunas Amarelo ; Dunas Vermelho ; Dunas Preto ;<\/p>\n","protected":false},"excerpt":{"rendered":"<p>Z velikostjo 33&#215;45 cm je ta plo\u0161\u010dica primerna ze razli\u010dne povr\u0161ine. Zaradi ni\u017ejih stro\u0161kov pri spletni prodaji boste na na\u0161i strani za to plo\u0161\u010dico od\u0161teli le 23,8 EUR. Zelo moderna plo\u0161\u010dica v \u010drni barvi popestri prav vsak prostor. To plo\u0161\u010dico je izdelal proizvajalec Cinca, ki prihaja iz Portugalske. 9 mm je debelina, ki zadovolji tudi [&hellip;]<\/p>\n","protected":false},"featured_media":102893,"template":"","meta":[],"product_cat":[999968,200,220,999,250],"product_tag":[],"_links":{"self":[{"href":"https:\/\/www.keramika.com\/slovenija\/wp-json\/wp\/v2\/product\/102892"}],"collection":[{"href":"https:\/\/www.keramika.com\/slovenija\/wp-json\/wp\/v2\/product"}],"about":[{"href":"https:\/\/www.keramika.com\/slovenija\/wp-json\/wp\/v2\/types\/product"}],"wp:featuredmedia":[{"embeddable":true,"href":"https:\/\/www.keramika.com\/slovenija\/wp-json\/wp\/v2\/media\/102893"}],"wp:attachment":[{"href":"https:\/\/www.keramika.com\/slovenija\/wp-json\/wp\/v2\/media?parent=102892"}],"wp:term":[{"taxonomy":"product_cat","embeddable":true,"href":"https:\/\/www.keramika.com\/slovenija\/wp-json\/wp\/v2\/product_cat?post=102892"},{"taxonomy":"product_tag","embeddable":true,"href":"https:\/\/www.keramika.com\/slovenija\/wp-json\/wp\/v2\/product_tag?post=102892"}],"curies":[{"name":"wp","href":"https:\/\/api.w.org\/{rel}","templated":true}]}}