{"id":102888,"date":"2017-03-22T23:22:00","date_gmt":"2017-03-22T23:22:00","guid":{"rendered":"http:\/\/keramika.holest.com\/slovenija\/product\/ploscice-za-kopalnico-cinca-dido-green\/"},"modified":"2026-01-02T00:02:38","modified_gmt":"2026-01-02T00:02:38","slug":"ploscice-za-kopalnico-cinca-dido-green","status":"publish","type":"product","link":"https:\/\/www.keramika.com\/slovenija\/ploscice-za-kopalnico-cinca-dido-green\/","title":{"rendered":"Plo\u0161\u010dice za kopalnico Cinca Dido Green"},"content":{"rendered":"<p>Na spletu boste za to plo\u0161\u010dico od\u0161teli le 20,95 EUR, medtem ko v redni prodaji cena zna\u0161a 26,19 EUR. Ta plo\u0161\u010dica prihaja iz Portugalske, ki je znana po kvalitetni keramiki. \u0160irina in dol\u017eina te plo\u0161\u010dice sta 25&#215;45 cm. Zelo moderna plo\u0161\u010dica v zeleni barvi popestri prav vsak prostor. 8 mm debeline je dovolj tudi za zahtevnej\u0161e kupce.<\/p>\n<p>Kliknite na ime kolekcije za ogled vseh plo\u0161\u010dic iz te serije: <a class=\"pdfcatal\" href=\"\/\/www.ceramictiles.com\/pdf\/cinca\/catalogue_cinca_dido.pdf\" onclick=\"recordOutboundLink(this, 'E-mail', 'Description PDF');return false;\">Cinca Dido<\/a><\/p>\n<p>\u010ce \u017eelite naro\u010diti model iz pdf kataloga te kolekcije, nam pi\u0161ite na: <a href=\"mailto:keramoteka.salon@gmail.com\" onclick=\"recordOutboundLink(this, 'E-mail', 'Description mail');return false;\">keramoteka.salon@gmail.com<\/a> ali pa nas pokli\u010dite na: 031 255 900.<\/p>\n<p>Technical description: <br \/> W &#038; F 25&#215;45 ; 33&#215;33 <br \/>Dido Branco ; Dido Preto ; Dido Vermelho ; Dido Verde ; Dido Laranja ;<\/p>\n","protected":false},"excerpt":{"rendered":"<p>Na spletu boste za to plo\u0161\u010dico od\u0161teli le 20,95 EUR, medtem ko v redni prodaji cena zna\u0161a 26,19 EUR. Ta plo\u0161\u010dica prihaja iz Portugalske, ki je znana po kvalitetni keramiki. \u0160irina in dol\u017eina te plo\u0161\u010dice sta 25&#215;45 cm. Zelo moderna plo\u0161\u010dica v zeleni barvi popestri prav vsak prostor. 8 mm debeline je dovolj tudi za [&hellip;]<\/p>\n","protected":false},"featured_media":102889,"template":"","meta":[],"product_cat":[999968,200,220,999,250],"product_tag":[],"_links":{"self":[{"href":"https:\/\/www.keramika.com\/slovenija\/wp-json\/wp\/v2\/product\/102888"}],"collection":[{"href":"https:\/\/www.keramika.com\/slovenija\/wp-json\/wp\/v2\/product"}],"about":[{"href":"https:\/\/www.keramika.com\/slovenija\/wp-json\/wp\/v2\/types\/product"}],"wp:featuredmedia":[{"embeddable":true,"href":"https:\/\/www.keramika.com\/slovenija\/wp-json\/wp\/v2\/media\/102889"}],"wp:attachment":[{"href":"https:\/\/www.keramika.com\/slovenija\/wp-json\/wp\/v2\/media?parent=102888"}],"wp:term":[{"taxonomy":"product_cat","embeddable":true,"href":"https:\/\/www.keramika.com\/slovenija\/wp-json\/wp\/v2\/product_cat?post=102888"},{"taxonomy":"product_tag","embeddable":true,"href":"https:\/\/www.keramika.com\/slovenija\/wp-json\/wp\/v2\/product_tag?post=102888"}],"curies":[{"name":"wp","href":"https:\/\/api.w.org\/{rel}","templated":true}]}}