{"id":102886,"date":"2017-03-22T23:21:57","date_gmt":"2017-03-22T23:21:57","guid":{"rendered":"http:\/\/keramika.holest.com\/slovenija\/product\/keramicne-ploscice-za-terase-cinca-cotto-d-alcobaca-red\/"},"modified":"2026-01-02T00:02:38","modified_gmt":"2026-01-02T00:02:38","slug":"keramicne-ploscice-za-terase-cinca-cotto-d-alcobaca-red","status":"publish","type":"product","link":"https:\/\/www.keramika.com\/slovenija\/keramicne-ploscice-za-terase-cinca-cotto-d-alcobaca-red\/","title":{"rendered":"Kerami\u010dne plo\u0161\u010dice za terase Cinca Cotto d&#8217; Alcobaca Red"},"content":{"rendered":"<p>Velikost te plo\u0161\u010dice je 16&#215;33 cm in je primerna za razli\u010dne povr\u0161ine. Zaradi ni\u017ejih stro\u0161kov pri spletni prodaji boste na na\u0161i strani za to plo\u0161\u010dico od\u0161teli le 26,05 EUR. Ta plo\u0161\u010dica prihaja iz Portugalske, ki je znana po kvalitetni keramiki. Debelina kar 9 mm dela to plo\u0161\u010dico zelo trpe\u017eno in presti\u017eno na otip. Pri izbiri plo\u0161\u010dice v rde\u010di barvi ne morete zgre\u0161iti.<\/p>\n<p>Kliknite na ime kolekcije za ogled vseh plo\u0161\u010dic iz te serije: <a class=\"pdfcatal\" href=\"\/\/www.ceramictiles.com\/pdf\/cinca\/catalogue_cinca_cotto_d'_alcobaca.pdf\" onclick=\"recordOutboundLink(this, 'E-mail', 'Description PDF');return false;\">Cinca Cotto d&#8217; Alcobaca<\/a><\/p>\n<p>\u010ce \u017eelite naro\u010diti model iz pdf kataloga te kolekcije, nam pi\u0161ite na: <a href=\"mailto:keramoteka.salon@gmail.com\" onclick=\"recordOutboundLink(this, 'E-mail', 'Description mail');return false;\">keramoteka.salon@gmail.com<\/a> ali pa nas pokli\u010dite na: 031 255 900.<\/p>\n<p>Technical description: <br \/> F 33&#215;33 ; 16&#215;33 <br \/>Cotto D&#8217;Alcoba\u00e7a Conhaque ; Cotto D&#8217;Alcoba\u00e7a Vermelho ; Cotto D&#8217;Alcoba\u00e7a Bege ; Cotto D&#8217;Alcoba\u00e7a Rosa ;<\/p>\n","protected":false},"excerpt":{"rendered":"<p>Velikost te plo\u0161\u010dice je 16&#215;33 cm in je primerna za razli\u010dne povr\u0161ine. Zaradi ni\u017ejih stro\u0161kov pri spletni prodaji boste na na\u0161i strani za to plo\u0161\u010dico od\u0161teli le 26,05 EUR. Ta plo\u0161\u010dica prihaja iz Portugalske, ki je znana po kvalitetni keramiki. Debelina kar 9 mm dela to plo\u0161\u010dico zelo trpe\u017eno in presti\u017eno na otip. Pri izbiri [&hellip;]<\/p>\n","protected":false},"featured_media":102887,"template":"","meta":[],"product_cat":[999968,200,230,999,240],"product_tag":[],"_links":{"self":[{"href":"https:\/\/www.keramika.com\/slovenija\/wp-json\/wp\/v2\/product\/102886"}],"collection":[{"href":"https:\/\/www.keramika.com\/slovenija\/wp-json\/wp\/v2\/product"}],"about":[{"href":"https:\/\/www.keramika.com\/slovenija\/wp-json\/wp\/v2\/types\/product"}],"wp:featuredmedia":[{"embeddable":true,"href":"https:\/\/www.keramika.com\/slovenija\/wp-json\/wp\/v2\/media\/102887"}],"wp:attachment":[{"href":"https:\/\/www.keramika.com\/slovenija\/wp-json\/wp\/v2\/media?parent=102886"}],"wp:term":[{"taxonomy":"product_cat","embeddable":true,"href":"https:\/\/www.keramika.com\/slovenija\/wp-json\/wp\/v2\/product_cat?post=102886"},{"taxonomy":"product_tag","embeddable":true,"href":"https:\/\/www.keramika.com\/slovenija\/wp-json\/wp\/v2\/product_tag?post=102886"}],"curies":[{"name":"wp","href":"https:\/\/api.w.org\/{rel}","templated":true}]}}