{"id":102878,"date":"2017-03-22T23:21:44","date_gmt":"2017-03-22T23:21:44","guid":{"rendered":"http:\/\/keramika.holest.com\/slovenija\/product\/porcelan-ploscice-cinca-celtic-itanium\/"},"modified":"2026-01-02T00:02:36","modified_gmt":"2026-01-02T00:02:36","slug":"porcelan-ploscice-cinca-celtic-itanium","status":"publish","type":"product","link":"https:\/\/www.keramika.com\/slovenija\/porcelan-ploscice-cinca-celtic-itanium\/","title":{"rendered":"Porcelan plo\u0161\u010dice Cinca Celtic itanium"},"content":{"rendered":"<p>Ta plo\u0161\u010dica je debela 10 mm in je zelo trpe\u017ena. Ta plo\u0161\u010dica prihaja iz Portugalske, ki je znana po kvalitetni keramiki. Ta model plo\u0161\u010dice se najbolje prodaja v sivi barvi. Zaradi ni\u017ejih stro\u0161kov pri spletni prodaji boste na na\u0161i strani za to plo\u0161\u010dico od\u0161teli le 31,95 EUR. Z velikostjo 50&#215;50 cm je ta plo\u0161\u010dica primerna ze razli\u010dne povr\u0161ine.<\/p>\n<p>Kliknite na ime kolekcije za ogled vseh plo\u0161\u010dic iz te serije: <a class=\"pdfcatal\" href=\"\/\/www.ceramictiles.com\/pdf\/cinca\/catalogue_cinca_celtic.pdf\" onclick=\"recordOutboundLink(this, 'E-mail', 'Description PDF');return false;\">Cinca Celtic<\/a><\/p>\n<p>\u010ce \u017eelite naro\u010diti model iz pdf kataloga te kolekcije, nam pi\u0161ite na: <a href=\"mailto:keramoteka.salon@gmail.com\" onclick=\"recordOutboundLink(this, 'E-mail', 'Description mail');return false;\">keramoteka.salon@gmail.com<\/a> ali pa nas pokli\u010dite na: 031 255 900.<\/p>\n<p>Technical description: <br \/>  F 49&#215;49 ; 50&#215;50 <br \/>Celtic Marfim ; Celtic Tit\u00e2nio ; Celtic Cinza ; Celtic Antracite ;<\/p>\n","protected":false},"excerpt":{"rendered":"<p>Ta plo\u0161\u010dica je debela 10 mm in je zelo trpe\u017ena. Ta plo\u0161\u010dica prihaja iz Portugalske, ki je znana po kvalitetni keramiki. Ta model plo\u0161\u010dice se najbolje prodaja v sivi barvi. Zaradi ni\u017ejih stro\u0161kov pri spletni prodaji boste na na\u0161i strani za to plo\u0161\u010dico od\u0161teli le 31,95 EUR. Z velikostjo 50&#215;50 cm je ta plo\u0161\u010dica primerna [&hellip;]<\/p>\n","protected":false},"featured_media":102879,"template":"","meta":[],"product_cat":[999968,200,999,290,240],"product_tag":[],"_links":{"self":[{"href":"https:\/\/www.keramika.com\/slovenija\/wp-json\/wp\/v2\/product\/102878"}],"collection":[{"href":"https:\/\/www.keramika.com\/slovenija\/wp-json\/wp\/v2\/product"}],"about":[{"href":"https:\/\/www.keramika.com\/slovenija\/wp-json\/wp\/v2\/types\/product"}],"wp:featuredmedia":[{"embeddable":true,"href":"https:\/\/www.keramika.com\/slovenija\/wp-json\/wp\/v2\/media\/102879"}],"wp:attachment":[{"href":"https:\/\/www.keramika.com\/slovenija\/wp-json\/wp\/v2\/media?parent=102878"}],"wp:term":[{"taxonomy":"product_cat","embeddable":true,"href":"https:\/\/www.keramika.com\/slovenija\/wp-json\/wp\/v2\/product_cat?post=102878"},{"taxonomy":"product_tag","embeddable":true,"href":"https:\/\/www.keramika.com\/slovenija\/wp-json\/wp\/v2\/product_tag?post=102878"}],"curies":[{"name":"wp","href":"https:\/\/api.w.org\/{rel}","templated":true}]}}