{"id":102876,"date":"2017-03-22T23:21:41","date_gmt":"2017-03-22T23:21:41","guid":{"rendered":"http:\/\/keramika.holest.com\/slovenija\/product\/ploscice-za-kopalnico-cinca-caliope-orange\/"},"modified":"2026-01-02T00:02:36","modified_gmt":"2026-01-02T00:02:36","slug":"ploscice-za-kopalnico-cinca-caliope-orange","status":"publish","type":"product","link":"https:\/\/www.keramika.com\/slovenija\/ploscice-za-kopalnico-cinca-caliope-orange\/","title":{"rendered":"Plo\u0161\u010dice za kopalnico Cinca Caliope Orange"},"content":{"rendered":"<p>Z 25&#215;45 cm je ta plo\u0161\u010dica primerna za razli\u010dne podlage. Zelo moderna plo\u0161\u010dica v oran\u017eni barvi popestri prav vsak prostor. Cinca Caliope Orange je plo\u0161\u010dica proizvajalca Cinca in prihaja iz Portugalske. 22,62 EUR v klasi\u010dni trgovini, pri nas pa le 18,1 EUR. 8 mm je debelina, ki zadovolji tudi zahtevnej\u0161e kupce.<\/p>\n<p>Kliknite na ime kolekcije za ogled vseh plo\u0161\u010dic iz te serije: <a class=\"pdfcatal\" href=\"\/\/www.ceramictiles.com\/pdf\/cinca\/catalogue_cinca_caliope.pdf\" onclick=\"recordOutboundLink(this, 'E-mail', 'Description PDF');return false;\">Cinca Caliope<\/a><\/p>\n<p>\u010ce \u017eelite naro\u010diti model iz pdf kataloga te kolekcije, nam pi\u0161ite na: <a href=\"mailto:keramoteka.salon@gmail.com\" onclick=\"recordOutboundLink(this, 'E-mail', 'Description mail');return false;\">keramoteka.salon@gmail.com<\/a> ali pa nas pokli\u010dite na: 031 255 900.<\/p>\n<p>Technical description: <br \/>  W &#038; F 25&#215;45 ; 33&#215;33 <br \/>Caliope Laranja ; Caliope Cinza ; Caliope Verde ;<\/p>\n","protected":false},"excerpt":{"rendered":"<p>Z 25&#215;45 cm je ta plo\u0161\u010dica primerna za razli\u010dne podlage. Zelo moderna plo\u0161\u010dica v oran\u017eni barvi popestri prav vsak prostor. Cinca Caliope Orange je plo\u0161\u010dica proizvajalca Cinca in prihaja iz Portugalske. 22,62 EUR v klasi\u010dni trgovini, pri nas pa le 18,1 EUR. 8 mm je debelina, ki zadovolji tudi zahtevnej\u0161e kupce. Kliknite na ime kolekcije [&hellip;]<\/p>\n","protected":false},"featured_media":102877,"template":"","meta":[],"product_cat":[999968,200,220,999,250],"product_tag":[],"_links":{"self":[{"href":"https:\/\/www.keramika.com\/slovenija\/wp-json\/wp\/v2\/product\/102876"}],"collection":[{"href":"https:\/\/www.keramika.com\/slovenija\/wp-json\/wp\/v2\/product"}],"about":[{"href":"https:\/\/www.keramika.com\/slovenija\/wp-json\/wp\/v2\/types\/product"}],"wp:featuredmedia":[{"embeddable":true,"href":"https:\/\/www.keramika.com\/slovenija\/wp-json\/wp\/v2\/media\/102877"}],"wp:attachment":[{"href":"https:\/\/www.keramika.com\/slovenija\/wp-json\/wp\/v2\/media?parent=102876"}],"wp:term":[{"taxonomy":"product_cat","embeddable":true,"href":"https:\/\/www.keramika.com\/slovenija\/wp-json\/wp\/v2\/product_cat?post=102876"},{"taxonomy":"product_tag","embeddable":true,"href":"https:\/\/www.keramika.com\/slovenija\/wp-json\/wp\/v2\/product_tag?post=102876"}],"curies":[{"name":"wp","href":"https:\/\/api.w.org\/{rel}","templated":true}]}}