{"id":102874,"date":"2017-03-22T23:21:37","date_gmt":"2017-03-22T23:21:37","guid":{"rendered":"http:\/\/keramika.holest.com\/slovenija\/product\/ploscice-za-kopalnico-cinca-caesars-brown\/"},"modified":"2026-01-02T00:02:35","modified_gmt":"2026-01-02T00:02:35","slug":"ploscice-za-kopalnico-cinca-caesars-brown","status":"publish","type":"product","link":"https:\/\/www.keramika.com\/slovenija\/ploscice-za-kopalnico-cinca-caesars-brown\/","title":{"rendered":"Plo\u0161\u010dice za kopalnico Cinca Caesars Brown"},"content":{"rendered":"<p>Debelina kar 8 mm dela to plo\u0161\u010dico zelo trpe\u017eno in presti\u017eno na otip. Redna cena te plo\u0161\u010dice v maloprodaji zna\u0161a 27,56 EUR, v na\u0161i spletni trgovini pa jo lahko dobite \u017ee za 22,05 EUR. Cinca Caesars Brown je pripeljana iz Portugalske in je zelo kvalitetna. \u0160irina in dol\u017eina te plo\u0161\u010dice sta 25&#215;55 cm. Pri izbiri plo\u0161\u010dice v rjavi barvi ne morete zgre\u0161iti.<\/p>\n<p>Kliknite na ime kolekcije za ogled vseh plo\u0161\u010dic iz te serije: <a class=\"pdfcatal\" href=\"\/\/www.ceramictiles.com\/pdf\/cinca\/catalogue_cinca_caesars.pdf\" onclick=\"recordOutboundLink(this, 'E-mail', 'Description PDF');return false;\">Cinca Caesars<\/a><\/p>\n<p>\u010ce \u017eelite naro\u010diti model iz pdf kataloga te kolekcije, nam pi\u0161ite na: <a href=\"mailto:keramoteka.salon@gmail.com\" onclick=\"recordOutboundLink(this, 'E-mail', 'Description mail');return false;\">keramoteka.salon@gmail.com<\/a> ali pa nas pokli\u010dite na: 031 255 900.<\/p>\n<p>Technical description: <br \/>  W &#038; F 25&#215;55 ; 33&#215;33 <br \/>Caesars Branco ; Caesars P\u00e9rola ; Caesars Preto ; Caesars Castanho ;<\/p>\n","protected":false},"excerpt":{"rendered":"<p>Debelina kar 8 mm dela to plo\u0161\u010dico zelo trpe\u017eno in presti\u017eno na otip. Redna cena te plo\u0161\u010dice v maloprodaji zna\u0161a 27,56 EUR, v na\u0161i spletni trgovini pa jo lahko dobite \u017ee za 22,05 EUR. Cinca Caesars Brown je pripeljana iz Portugalske in je zelo kvalitetna. \u0160irina in dol\u017eina te plo\u0161\u010dice sta 25&#215;55 cm. Pri izbiri [&hellip;]<\/p>\n","protected":false},"featured_media":102875,"template":"","meta":[],"product_cat":[999968,200,220,999,250],"product_tag":[],"_links":{"self":[{"href":"https:\/\/www.keramika.com\/slovenija\/wp-json\/wp\/v2\/product\/102874"}],"collection":[{"href":"https:\/\/www.keramika.com\/slovenija\/wp-json\/wp\/v2\/product"}],"about":[{"href":"https:\/\/www.keramika.com\/slovenija\/wp-json\/wp\/v2\/types\/product"}],"wp:featuredmedia":[{"embeddable":true,"href":"https:\/\/www.keramika.com\/slovenija\/wp-json\/wp\/v2\/media\/102875"}],"wp:attachment":[{"href":"https:\/\/www.keramika.com\/slovenija\/wp-json\/wp\/v2\/media?parent=102874"}],"wp:term":[{"taxonomy":"product_cat","embeddable":true,"href":"https:\/\/www.keramika.com\/slovenija\/wp-json\/wp\/v2\/product_cat?post=102874"},{"taxonomy":"product_tag","embeddable":true,"href":"https:\/\/www.keramika.com\/slovenija\/wp-json\/wp\/v2\/product_tag?post=102874"}],"curies":[{"name":"wp","href":"https:\/\/api.w.org\/{rel}","templated":true}]}}