{"id":102872,"date":"2017-03-22T23:21:34","date_gmt":"2017-03-22T23:21:34","guid":{"rendered":"http:\/\/keramika.holest.com\/slovenija\/product\/kuhinjske-ploscice-cinca-brancos-brilhante\/"},"modified":"2026-01-02T00:02:35","modified_gmt":"2026-01-02T00:02:35","slug":"kuhinjske-ploscice-cinca-brancos-brilhante","status":"publish","type":"product","link":"https:\/\/www.keramika.com\/slovenija\/kuhinjske-ploscice-cinca-brancos-brilhante\/","title":{"rendered":"Kuhinjske plo\u0161\u010dice Cinca Brancos Brilhante"},"content":{"rendered":"<p>Z velikostjo 32&#215;75 cm je ta plo\u0161\u010dica primerna ze razli\u010dne povr\u0161ine. Cinca Brancos Brilhante prihaja iz Portugalske, ki je znana po zelo kvalitetni keramiki v svetovnem merilu. 11 mm debeline je dovolj tudi za zahtevnej\u0161e kupce. V redni prodaji bi morali za to plo\u0161\u010dico od\u0161teti 56,75 EUR, spletna cena pa zna\u0161a le 45,4 EUR. Ta kerami\u010dna plo\u0161\u010dica v \u010dudoviti beli barvi bo obogatila vsak prostor.<\/p>\n<p>Kliknite na ime kolekcije za ogled vseh plo\u0161\u010dic iz te serije: <a class=\"pdfcatal\" href=\"\/\/www.ceramictiles.com\/pdf\/cinca\/catalogue_cinca_brancos.pdf\" onclick=\"recordOutboundLink(this, 'E-mail', 'Description PDF');return false;\">Cinca Brancos<\/a><\/p>\n<p>\u010ce \u017eelite naro\u010diti model iz pdf kataloga te kolekcije, nam pi\u0161ite na: <a href=\"mailto:keramoteka.salon@gmail.com\" onclick=\"recordOutboundLink(this, 'E-mail', 'Description mail');return false;\">keramoteka.salon@gmail.com<\/a> ali pa nas pokli\u010dite na: 031 255 900.<\/p>\n<p>Technical description: <br \/>  W 32&#215;75 ; 16&#215;75 ; 32&#215;55 <br \/>Branco Brilhante ; P\u00e9rola Brilhante ; Branco Mate ; P\u00e9rola Mate ;<\/p>\n","protected":false},"excerpt":{"rendered":"<p>Z velikostjo 32&#215;75 cm je ta plo\u0161\u010dica primerna ze razli\u010dne povr\u0161ine. Cinca Brancos Brilhante prihaja iz Portugalske, ki je znana po zelo kvalitetni keramiki v svetovnem merilu. 11 mm debeline je dovolj tudi za zahtevnej\u0161e kupce. V redni prodaji bi morali za to plo\u0161\u010dico od\u0161teti 56,75 EUR, spletna cena pa zna\u0161a le 45,4 EUR. Ta [&hellip;]<\/p>\n","protected":false},"featured_media":102873,"template":"","meta":[],"product_cat":[999968,200,220,999,250],"product_tag":[],"_links":{"self":[{"href":"https:\/\/www.keramika.com\/slovenija\/wp-json\/wp\/v2\/product\/102872"}],"collection":[{"href":"https:\/\/www.keramika.com\/slovenija\/wp-json\/wp\/v2\/product"}],"about":[{"href":"https:\/\/www.keramika.com\/slovenija\/wp-json\/wp\/v2\/types\/product"}],"wp:featuredmedia":[{"embeddable":true,"href":"https:\/\/www.keramika.com\/slovenija\/wp-json\/wp\/v2\/media\/102873"}],"wp:attachment":[{"href":"https:\/\/www.keramika.com\/slovenija\/wp-json\/wp\/v2\/media?parent=102872"}],"wp:term":[{"taxonomy":"product_cat","embeddable":true,"href":"https:\/\/www.keramika.com\/slovenija\/wp-json\/wp\/v2\/product_cat?post=102872"},{"taxonomy":"product_tag","embeddable":true,"href":"https:\/\/www.keramika.com\/slovenija\/wp-json\/wp\/v2\/product_tag?post=102872"}],"curies":[{"name":"wp","href":"https:\/\/api.w.org\/{rel}","templated":true}]}}