{"id":102860,"date":"2017-03-22T23:21:18","date_gmt":"2017-03-22T23:21:18","guid":{"rendered":"http:\/\/keramika.holest.com\/slovenija\/product\/ploscice-za-kopalnico-cinca-bellagio-brick\/"},"modified":"2026-01-02T00:02:33","modified_gmt":"2026-01-02T00:02:33","slug":"ploscice-za-kopalnico-cinca-bellagio-brick","status":"publish","type":"product","link":"https:\/\/www.keramika.com\/slovenija\/ploscice-za-kopalnico-cinca-bellagio-brick\/","title":{"rendered":"Plo\u0161\u010dice za kopalnico Cinca Bellagio Brick"},"content":{"rendered":"<p>Cinca Bellagio Brick je plo\u0161\u010dica proizvajalca Cinca in prihaja iz Portugalske. Cinca Bellagio Brick je na voljo po zelo ugodni ceni 17,6 EUR. Ta kerami\u010dna plo\u0161\u010dica v \u010dudoviti rde\u010di barvi bo obogatila vsak prostor. Velikost te plo\u0161\u010dice je 25&#215;55 cm in je primerna za razli\u010dne povr\u0161ine. 8 mm je debelina, ki zadovolji tudi zahtevnej\u0161e kupce.<\/p>\n<p>Kliknite na ime kolekcije za ogled vseh plo\u0161\u010dic iz te serije: <a class=\"pdfcatal\" href=\"\/\/www.ceramictiles.com\/pdf\/cinca\/catalogue_cinca_bellagio.pdf\" onclick=\"recordOutboundLink(this, 'E-mail', 'Description PDF');return false;\">Cinca Bellagio<\/a><\/p>\n<p>\u010ce \u017eelite naro\u010diti model iz pdf kataloga te kolekcije, nam pi\u0161ite na: <a href=\"mailto:keramoteka.salon@gmail.com\" onclick=\"recordOutboundLink(this, 'E-mail', 'Description mail');return false;\">keramoteka.salon@gmail.com<\/a> ali pa nas pokli\u010dite na: 031 255 900.<\/p>\n<p>Technical description: <br \/>  W &#038; F 25&#215;55 ; 33&#215;33 <br \/>Bellagio Cinza ;  Bellagio Antracite ; Bellagio P\u00e9rola ; Bellagio Brick ;<\/p>\n","protected":false},"excerpt":{"rendered":"<p>Cinca Bellagio Brick je plo\u0161\u010dica proizvajalca Cinca in prihaja iz Portugalske. Cinca Bellagio Brick je na voljo po zelo ugodni ceni 17,6 EUR. Ta kerami\u010dna plo\u0161\u010dica v \u010dudoviti rde\u010di barvi bo obogatila vsak prostor. Velikost te plo\u0161\u010dice je 25&#215;55 cm in je primerna za razli\u010dne povr\u0161ine. 8 mm je debelina, ki zadovolji tudi zahtevnej\u0161e kupce. [&hellip;]<\/p>\n","protected":false},"featured_media":102861,"template":"","meta":[],"product_cat":[999968,200,220,999,250],"product_tag":[],"_links":{"self":[{"href":"https:\/\/www.keramika.com\/slovenija\/wp-json\/wp\/v2\/product\/102860"}],"collection":[{"href":"https:\/\/www.keramika.com\/slovenija\/wp-json\/wp\/v2\/product"}],"about":[{"href":"https:\/\/www.keramika.com\/slovenija\/wp-json\/wp\/v2\/types\/product"}],"wp:featuredmedia":[{"embeddable":true,"href":"https:\/\/www.keramika.com\/slovenija\/wp-json\/wp\/v2\/media\/102861"}],"wp:attachment":[{"href":"https:\/\/www.keramika.com\/slovenija\/wp-json\/wp\/v2\/media?parent=102860"}],"wp:term":[{"taxonomy":"product_cat","embeddable":true,"href":"https:\/\/www.keramika.com\/slovenija\/wp-json\/wp\/v2\/product_cat?post=102860"},{"taxonomy":"product_tag","embeddable":true,"href":"https:\/\/www.keramika.com\/slovenija\/wp-json\/wp\/v2\/product_tag?post=102860"}],"curies":[{"name":"wp","href":"https:\/\/api.w.org\/{rel}","templated":true}]}}