{"id":102856,"date":"2017-03-22T23:21:12","date_gmt":"2017-03-22T23:21:12","guid":{"rendered":"http:\/\/keramika.holest.com\/slovenija\/product\/projektne-ploscice-cinca-basaltina-cinza\/"},"modified":"2026-01-02T00:02:33","modified_gmt":"2026-01-02T00:02:33","slug":"projektne-ploscice-cinca-basaltina-cinza","status":"publish","type":"product","link":"https:\/\/www.keramika.com\/slovenija\/projektne-ploscice-cinca-basaltina-cinza\/","title":{"rendered":"Projektne plo\u0161\u0107ice Cinca Basaltina Cinza"},"content":{"rendered":"<p>Zaradi ni\u017ejih stro\u0161kov pri spletni prodaji boste na na\u0161i strani za to plo\u0161\u010dico od\u0161teli le 53,05 EUR. Cinca Basaltina Cinza je plo\u0161\u010dica proizvajalca Cinca in prihaja iz Portugalske. Ta model plo\u0161\u010dice se najbolje prodaja v sivi barvi. 10 mm debeline je dovolj tudi za zahtevnej\u0161e kupce. \u0160irina in dol\u017eina te plo\u0161\u010dice sta 50&#215;50 cm.<\/p>\n<p>Kliknite na ime kolekcije za ogled vseh plo\u0161\u010dic iz te serije: <a class=\"pdfcatal\" href=\"\/\/www.ceramictiles.com\/pdf\/cinca\/catalogue_cinca_basaltina.pdf\" onclick=\"recordOutboundLink(this, 'E-mail', 'Description PDF');return false;\">Cinca Basaltina<\/a><\/p>\n<p>\u010ce \u017eelite naro\u010diti model iz pdf kataloga te kolekcije, nam pi\u0161ite na: <a href=\"mailto:keramoteka.salon@gmail.com\" onclick=\"recordOutboundLink(this, 'E-mail', 'Description mail');return false;\">keramoteka.salon@gmail.com<\/a> ali pa nas pokli\u010dite na: 031 255 900.<\/p>\n<p>Technical description: <br \/> F 49&#215;99 ; 49&#215;49 ; 50&#215;50 <br \/>Basaltina Cinza  ;<\/p>\n","protected":false},"excerpt":{"rendered":"<p>Zaradi ni\u017ejih stro\u0161kov pri spletni prodaji boste na na\u0161i strani za to plo\u0161\u010dico od\u0161teli le 53,05 EUR. Cinca Basaltina Cinza je plo\u0161\u010dica proizvajalca Cinca in prihaja iz Portugalske. Ta model plo\u0161\u010dice se najbolje prodaja v sivi barvi. 10 mm debeline je dovolj tudi za zahtevnej\u0161e kupce. \u0160irina in dol\u017eina te plo\u0161\u010dice sta 50&#215;50 cm. Kliknite [&hellip;]<\/p>\n","protected":false},"featured_media":102857,"template":"","meta":[],"product_cat":[999968,200,999,240,270],"product_tag":[],"_links":{"self":[{"href":"https:\/\/www.keramika.com\/slovenija\/wp-json\/wp\/v2\/product\/102856"}],"collection":[{"href":"https:\/\/www.keramika.com\/slovenija\/wp-json\/wp\/v2\/product"}],"about":[{"href":"https:\/\/www.keramika.com\/slovenija\/wp-json\/wp\/v2\/types\/product"}],"wp:featuredmedia":[{"embeddable":true,"href":"https:\/\/www.keramika.com\/slovenija\/wp-json\/wp\/v2\/media\/102857"}],"wp:attachment":[{"href":"https:\/\/www.keramika.com\/slovenija\/wp-json\/wp\/v2\/media?parent=102856"}],"wp:term":[{"taxonomy":"product_cat","embeddable":true,"href":"https:\/\/www.keramika.com\/slovenija\/wp-json\/wp\/v2\/product_cat?post=102856"},{"taxonomy":"product_tag","embeddable":true,"href":"https:\/\/www.keramika.com\/slovenija\/wp-json\/wp\/v2\/product_tag?post=102856"}],"curies":[{"name":"wp","href":"https:\/\/api.w.org\/{rel}","templated":true}]}}