{"id":102850,"date":"2017-03-22T23:21:04","date_gmt":"2017-03-22T23:21:04","guid":{"rendered":"http:\/\/keramika.holest.com\/slovenija\/product\/keramicne-ploscice-za-terase-cinca-assouan-stone-bege\/"},"modified":"2026-01-02T00:02:32","modified_gmt":"2026-01-02T00:02:32","slug":"keramicne-ploscice-za-terase-cinca-assouan-stone-bege","status":"publish","type":"product","link":"https:\/\/www.keramika.com\/slovenija\/keramicne-ploscice-za-terase-cinca-assouan-stone-bege\/","title":{"rendered":"Kerami\u010dne plo\u0161\u010dice za terase Cinca Assouan Stone Bege"},"content":{"rendered":"<p>Dimenzije te plo\u0161\u010dice so 50&#215;50 cm. To plo\u0161\u010dico je izdelal proizvajalec Cinca, ki prihaja iz Portugalske. Zaradi ni\u017ejih stro\u0161kov pri spletni prodaji boste na na\u0161i strani za to plo\u0161\u010dico od\u0161teli le 29,2 EUR. 10 mm je debelina, ki zadovolji tudi zahtevnej\u0161e kupce. Keramika v be\u017e barvi popestri vsak prostor.<\/p>\n<p>Kliknite na ime kolekcije za ogled vseh plo\u0161\u010dic iz te serije: <a class=\"pdfcatal\" href=\"\/\/www.ceramictiles.com\/pdf\/cinca\/catalogue_cinca_assouan_stone.pdf\" onclick=\"recordOutboundLink(this, 'E-mail', 'Description PDF');return false;\">Cinca Assouan Stone<\/a><\/p>\n<p>\u010ce \u017eelite naro\u010diti model iz pdf kataloga te kolekcije, nam pi\u0161ite na: <a href=\"mailto:keramoteka.salon@gmail.com\" onclick=\"recordOutboundLink(this, 'E-mail', 'Description mail');return false;\">keramoteka.salon@gmail.com<\/a> ali pa nas pokli\u010dite na: 031 255 900.<\/p>\n<p>Technical description: <br \/>  F 50&#215;50 <br \/>Assouan Stone Areia ; Assouan Stone Bege ; Assouan Stone Cinza ;<\/p>\n","protected":false},"excerpt":{"rendered":"<p>Dimenzije te plo\u0161\u010dice so 50&#215;50 cm. To plo\u0161\u010dico je izdelal proizvajalec Cinca, ki prihaja iz Portugalske. Zaradi ni\u017ejih stro\u0161kov pri spletni prodaji boste na na\u0161i strani za to plo\u0161\u010dico od\u0161teli le 29,2 EUR. 10 mm je debelina, ki zadovolji tudi zahtevnej\u0161e kupce. Keramika v be\u017e barvi popestri vsak prostor. Kliknite na ime kolekcije za ogled [&hellip;]<\/p>\n","protected":false},"featured_media":102851,"template":"","meta":[],"product_cat":[999968,200,999,240,270],"product_tag":[],"_links":{"self":[{"href":"https:\/\/www.keramika.com\/slovenija\/wp-json\/wp\/v2\/product\/102850"}],"collection":[{"href":"https:\/\/www.keramika.com\/slovenija\/wp-json\/wp\/v2\/product"}],"about":[{"href":"https:\/\/www.keramika.com\/slovenija\/wp-json\/wp\/v2\/types\/product"}],"wp:featuredmedia":[{"embeddable":true,"href":"https:\/\/www.keramika.com\/slovenija\/wp-json\/wp\/v2\/media\/102851"}],"wp:attachment":[{"href":"https:\/\/www.keramika.com\/slovenija\/wp-json\/wp\/v2\/media?parent=102850"}],"wp:term":[{"taxonomy":"product_cat","embeddable":true,"href":"https:\/\/www.keramika.com\/slovenija\/wp-json\/wp\/v2\/product_cat?post=102850"},{"taxonomy":"product_tag","embeddable":true,"href":"https:\/\/www.keramika.com\/slovenija\/wp-json\/wp\/v2\/product_tag?post=102850"}],"curies":[{"name":"wp","href":"https:\/\/api.w.org\/{rel}","templated":true}]}}