{"id":102844,"date":"2017-03-22T23:20:56","date_gmt":"2017-03-22T23:20:56","guid":{"rendered":"http:\/\/keramika.holest.com\/slovenija\/product\/keramicne-ploscice-za-terase-cinca-area-antracite\/"},"modified":"2026-01-02T00:02:31","modified_gmt":"2026-01-02T00:02:31","slug":"keramicne-ploscice-za-terase-cinca-area-antracite","status":"publish","type":"product","link":"https:\/\/www.keramika.com\/slovenija\/keramicne-ploscice-za-terase-cinca-area-antracite\/","title":{"rendered":"Kerami\u010dne plo\u0161\u010dice za terase Cinca Area Antracite"},"content":{"rendered":"<p>Namesto 36,5 EUR kot bi za to plo\u0161\u010dico od\u0161teli v klasi\u010dni trgovini, boste v na\u0161i spletni prodajalni od\u0161teli le 29,2 EUR. Ta model plo\u0161\u010dice se najbolje prodaja v \u010drni barvi. Debelina kar 10 mm dela to plo\u0161\u010dico zelo trpe\u017eno in presti\u017eno na otip. Z 50&#215;50 cm je ta plo\u0161\u010dica primerna za razli\u010dne podlage. Ta plo\u0161\u010dica prihaja iz Portugalske, ki je znana po kvalitetni keramiki.<\/p>\n<p>Kliknite na ime kolekcije za ogled vseh plo\u0161\u010dic iz te serije: <a class=\"pdfcatal\" href=\"\/\/www.ceramictiles.com\/pdf\/cinca\/catalogue_cinca_area.pdf\" onclick=\"recordOutboundLink(this, 'E-mail', 'Description PDF');return false;\">Cinca Area<\/a><\/p>\n<p>\u010ce \u017eelite naro\u010diti model iz pdf kataloga te kolekcije, nam pi\u0161ite na: <a href=\"mailto:keramoteka.salon@gmail.com\" onclick=\"recordOutboundLink(this, 'E-mail', 'Description mail');return false;\">keramoteka.salon@gmail.com<\/a> ali pa nas pokli\u010dite na: 031 255 900.<\/p>\n<p>Technical description: <br \/>  F 50&#215;50 <br \/>Area Bege ; Area Antracite ;<\/p>\n","protected":false},"excerpt":{"rendered":"<p>Namesto 36,5 EUR kot bi za to plo\u0161\u010dico od\u0161teli v klasi\u010dni trgovini, boste v na\u0161i spletni prodajalni od\u0161teli le 29,2 EUR. Ta model plo\u0161\u010dice se najbolje prodaja v \u010drni barvi. Debelina kar 10 mm dela to plo\u0161\u010dico zelo trpe\u017eno in presti\u017eno na otip. Z 50&#215;50 cm je ta plo\u0161\u010dica primerna za razli\u010dne podlage. Ta plo\u0161\u010dica [&hellip;]<\/p>\n","protected":false},"featured_media":102845,"template":"","meta":[],"product_cat":[999968,200,999,290,270],"product_tag":[],"_links":{"self":[{"href":"https:\/\/www.keramika.com\/slovenija\/wp-json\/wp\/v2\/product\/102844"}],"collection":[{"href":"https:\/\/www.keramika.com\/slovenija\/wp-json\/wp\/v2\/product"}],"about":[{"href":"https:\/\/www.keramika.com\/slovenija\/wp-json\/wp\/v2\/types\/product"}],"wp:featuredmedia":[{"embeddable":true,"href":"https:\/\/www.keramika.com\/slovenija\/wp-json\/wp\/v2\/media\/102845"}],"wp:attachment":[{"href":"https:\/\/www.keramika.com\/slovenija\/wp-json\/wp\/v2\/media?parent=102844"}],"wp:term":[{"taxonomy":"product_cat","embeddable":true,"href":"https:\/\/www.keramika.com\/slovenija\/wp-json\/wp\/v2\/product_cat?post=102844"},{"taxonomy":"product_tag","embeddable":true,"href":"https:\/\/www.keramika.com\/slovenija\/wp-json\/wp\/v2\/product_tag?post=102844"}],"curies":[{"name":"wp","href":"https:\/\/api.w.org\/{rel}","templated":true}]}}