{"id":102842,"date":"2017-03-22T23:20:53","date_gmt":"2017-03-22T23:20:53","guid":{"rendered":"http:\/\/keramika.holest.com\/slovenija\/product\/talne-porcelan-ploscice-cinca-allure-bronze\/"},"modified":"2026-01-02T00:02:30","modified_gmt":"2026-01-02T00:02:30","slug":"talne-porcelan-ploscice-cinca-allure-bronze","status":"publish","type":"product","link":"https:\/\/www.keramika.com\/slovenija\/talne-porcelan-ploscice-cinca-allure-bronze\/","title":{"rendered":"Talne porcelan plo\u0161\u010dice Cinca Allure Bronze"},"content":{"rendered":"<p>Ta plo\u0161\u010dica je debela 10 mm in je zelo trpe\u017ena. Dimenzije te plo\u0161\u010dice so 50&#215;50 cm. Pri izbiri plo\u0161\u010dice v rjavi barvi ne morete zgre\u0161iti. 32,56 EUR v klasi\u010dni trgovini, pri nas pa le 26,05 EUR. Cinca Allure Bronze je pripeljana iz Portugalske in je zelo kvalitetna.<\/p>\n<p>Kliknite na ime kolekcije za ogled vseh plo\u0161\u010dic iz te serije: <a class=\"pdfcatal\" href=\"\/\/www.ceramictiles.com\/pdf\/cinca\/catalogue_cinca_allure.pdf\" onclick=\"recordOutboundLink(this, 'E-mail', 'Description PDF');return false;\">Cinca Allure<\/a><\/p>\n<p>\u010ce \u017eelite naro\u010diti model iz pdf kataloga te kolekcije, nam pi\u0161ite na: <a href=\"mailto:keramoteka.salon@gmail.com\" onclick=\"recordOutboundLink(this, 'E-mail', 'Description mail');return false;\">keramoteka.salon@gmail.com<\/a> ali pa nas pokli\u010dite na: 031 255 900.<\/p>\n<p>Technical description: <br \/>  F 50&#215;50 <br \/>Allure Bege ; Allure Castanho ; Allure Bronze ; Allure Branco ; Allure Cinza ; Allure Preto ;<\/p>\n","protected":false},"excerpt":{"rendered":"<p>Ta plo\u0161\u010dica je debela 10 mm in je zelo trpe\u017ena. Dimenzije te plo\u0161\u010dice so 50&#215;50 cm. Pri izbiri plo\u0161\u010dice v rjavi barvi ne morete zgre\u0161iti. 32,56 EUR v klasi\u010dni trgovini, pri nas pa le 26,05 EUR. Cinca Allure Bronze je pripeljana iz Portugalske in je zelo kvalitetna. Kliknite na ime kolekcije za ogled vseh plo\u0161\u010dic [&hellip;]<\/p>\n","protected":false},"featured_media":102843,"template":"","meta":[],"product_cat":[999968,200,999,290,240],"product_tag":[],"_links":{"self":[{"href":"https:\/\/www.keramika.com\/slovenija\/wp-json\/wp\/v2\/product\/102842"}],"collection":[{"href":"https:\/\/www.keramika.com\/slovenija\/wp-json\/wp\/v2\/product"}],"about":[{"href":"https:\/\/www.keramika.com\/slovenija\/wp-json\/wp\/v2\/types\/product"}],"wp:featuredmedia":[{"embeddable":true,"href":"https:\/\/www.keramika.com\/slovenija\/wp-json\/wp\/v2\/media\/102843"}],"wp:attachment":[{"href":"https:\/\/www.keramika.com\/slovenija\/wp-json\/wp\/v2\/media?parent=102842"}],"wp:term":[{"taxonomy":"product_cat","embeddable":true,"href":"https:\/\/www.keramika.com\/slovenija\/wp-json\/wp\/v2\/product_cat?post=102842"},{"taxonomy":"product_tag","embeddable":true,"href":"https:\/\/www.keramika.com\/slovenija\/wp-json\/wp\/v2\/product_tag?post=102842"}],"curies":[{"name":"wp","href":"https:\/\/api.w.org\/{rel}","templated":true}]}}