{"id":102832,"date":"2017-03-22T23:20:38","date_gmt":"2017-03-22T23:20:38","guid":{"rendered":"http:\/\/keramika.holest.com\/slovenija\/product\/tus-kabina-za-invalide-84x114-wc-care\/"},"modified":"2026-01-02T00:02:26","modified_gmt":"2026-01-02T00:02:26","slug":"tus-kabina-za-invalide-84x114-wc-care","status":"publish","type":"product","link":"https:\/\/www.keramika.com\/slovenija\/tus-kabina-za-invalide-84x114-wc-care\/","title":{"rendered":"Tu\u0161 kabina za invalide 84&#215;114 Wc Care"},"content":{"rendered":"<p>Vrata za tu\u0161 kabino New WcCare<br \/>Koda izdelka : 891940<br \/>Dimenzije : 840&#215;985<br \/>Te\u017ea: 14,1 kg <br \/>Material : Kaljeno steklo<\/p>\n<p>Koda izdelka : 891930<br \/>Dimenzije : 1140&#215;985<br \/>Te\u017ea: 18,7 kg Cena: Po dogovoru <br \/>Material : Kaljeno steklo<\/p>\n<p>Namenjeno osebam z omejeno mo\u017enostjo gibanja. Vi\u0161ina 985 mm.<br \/><a class=\"pdfcatal\" href=\"\/\/www.keramika.com\/pdf\/e-ceramica\/shower_doors&#038;cabins_catalogue.pdf\">Cenik in katalog za tu\u0161 kabine <\/a><\/p>\n<p><strong>Za veleprodajno ceno nas kontaktirajte na: <a href=\"mailto:keramoteka.salon@gmail.com\">keramoteka.salon@gmail.com<\/a><\/strong><\/p>\n<p>Technical description: Product ID: 891940<a class=\"pdfcatal\" href=\"\/\/www.keramika.com\/pdf\/e-ceramica\/sanitary_ware_catalogue.pdf \">Sanitary Ware Catalogue <\/a><br \/><a class=\"pdfcatal\" href=\"\/\/www.keramika.com\/pdf\/e-ceramica\/handicaps_sanitary_ware_catalogue.pdf\">Handicaps Sanitary Ware Catalogue <\/a><br \/><a class=\"pdfcatal\" href=\"\/\/www.keramika.com\/pdf\/e-ceramica\/children's_sanitary_ware_catalogue.pdf\">Children&#8217;s Sanitary Ware Catalogue <\/a><br \/><a class=\"pdfcatal\" href=\"\/\/www.keramika.com\/pdf\/e-ceramica\/special_wash_basin_catalogue.pdf\">Special Wash Basin Catalogue <\/a><br \/><a class=\"pdfcatal\" href=\"\/\/www.keramika.com\/pdf\/e-ceramica\/shower_trays_catalogue.pdf\">Shower Trays Catalogue <\/a><br \/><a class=\"pdfcatal\" href=\"\/\/www.keramika.com\/pdf\/e-ceramica\/shower_doors&#038;cabins_catalogue.pdf\">Shower Doors&#038;Cabins Catalogue <\/a><br \/><a class=\"pdfcatal\" href=\"\/\/www.keramika.com\/pdf\/e-ceramica\/mixers.pdf\">Mixers <\/a><br \/><a class=\"pdfcatal\" href=\"\/\/www.keramika.com\/pdf\/e-ceramica\/bathroom_accessories_catalogue.pdf\">Bathroom Accessories Catalogue <\/a><br \/><a class=\"pdfcatal\" href=\"\/\/www.keramika.com\/pdf\/e-ceramica\/bathtubs_catalogue.pdf\">Bathtubs Catalogue <\/a><br \/><a class=\"pdfcatal\" href=\"\/\/www.keramika.com\/pdf\/e-ceramica\/hydromassage_catalogue.pdf\">Hydromassage Catalogue <\/a><br \/><a class=\"pdfcatal\" href=\"\/\/www.keramika.com\/pdf\/e-ceramica\/bathroom_furniture_catalogue.pdf\">Bathroom Furniture Catalogue<\/a><br \/><a class=\"pdfcatal\" href=\"\/\/www.keramika.com\/pdf\/e-ceramica\/inox_sanitary_ware.pdf\">Stainless steel sanitary ware catalogue <\/a><br ><\/p>\n","protected":false},"excerpt":{"rendered":"<p>Vrata za tu\u0161 kabino New WcCareKoda izdelka : 891940Dimenzije : 840&#215;985Te\u017ea: 14,1 kg Material : Kaljeno steklo Koda izdelka : 891930Dimenzije : 1140&#215;985Te\u017ea: 18,7 kg Cena: Po dogovoru Material : Kaljeno steklo Namenjeno osebam z omejeno mo\u017enostjo gibanja. Vi\u0161ina 985 mm.Cenik in katalog za tu\u0161 kabine Za veleprodajno ceno nas kontaktirajte na: keramoteka.salon@gmail.com Technical description: [&hellip;]<\/p>\n","protected":false},"featured_media":102833,"template":"","meta":[],"product_cat":[500,999,9991580,510,540,511],"product_tag":[],"_links":{"self":[{"href":"https:\/\/www.keramika.com\/slovenija\/wp-json\/wp\/v2\/product\/102832"}],"collection":[{"href":"https:\/\/www.keramika.com\/slovenija\/wp-json\/wp\/v2\/product"}],"about":[{"href":"https:\/\/www.keramika.com\/slovenija\/wp-json\/wp\/v2\/types\/product"}],"wp:featuredmedia":[{"embeddable":true,"href":"https:\/\/www.keramika.com\/slovenija\/wp-json\/wp\/v2\/media\/102833"}],"wp:attachment":[{"href":"https:\/\/www.keramika.com\/slovenija\/wp-json\/wp\/v2\/media?parent=102832"}],"wp:term":[{"taxonomy":"product_cat","embeddable":true,"href":"https:\/\/www.keramika.com\/slovenija\/wp-json\/wp\/v2\/product_cat?post=102832"},{"taxonomy":"product_tag","embeddable":true,"href":"https:\/\/www.keramika.com\/slovenija\/wp-json\/wp\/v2\/product_tag?post=102832"}],"curies":[{"name":"wp","href":"https:\/\/api.w.org\/{rel}","templated":true}]}}