{"id":102830,"date":"2017-03-22T23:20:36","date_gmt":"2017-03-22T23:20:36","guid":{"rendered":"http:\/\/keramika.holest.com\/slovenija\/product\/tus-kabina-za-invalide-new-wccare-90x120\/"},"modified":"2026-01-02T00:02:25","modified_gmt":"2026-01-02T00:02:25","slug":"tus-kabina-za-invalide-new-wccare-90x120","status":"publish","type":"product","link":"https:\/\/www.keramika.com\/slovenija\/tus-kabina-za-invalide-new-wccare-90x120\/","title":{"rendered":"Tu\u0161 kabina za invalide New WCCare 90&#215;120"},"content":{"rendered":"<p>Vrata za tu\u0161 90 New WcCare<br \/>Koda izdelka :  891920<br \/>Material : varnostno steklo<br \/>Dimenzije : 840&#215;1850<br \/>Te\u017ea: 26,7 kg<\/p>\n<p>Na sliki tudi:<\/p>\n<p>Vrata za tu\u0161 120 New WcCare<br \/>Posebej priporo\u010damo za osebe z gibalnimi omejitvami.<br \/>Koda izdelka :  891910<br \/>Material : varnostno steklo<br \/>Dimenzije : 1140&#215;1850<br \/>Te\u017ea: 35,1 kg Cena: Po dogovoru <\/p>\n<p>Tu\u0161 kad New WcCare<br \/>Koda izdelka :  800900<br \/>Material : akril<br \/>Dimenzije : 1200x945x50<br \/>Te\u017ea: 22,0 kg Cena: Po dogovoru <br \/><a class=\"pdfcatal\" href=\"\/\/www.keramika.com\/pdf\/e-ceramica\/shower_doors&#038;cabins_catalogue.pdf\">Cenik in katalog za tu\u0161 kabine <\/a><\/p>\n<p><strong>Za veleprodajno ceno nas kontaktirajte na: <a href=\"mailto:keramoteka.salon@gmail.com\">keramoteka.salon@gmail.com<\/a><\/strong><\/p>\n<p>Technical description: Product ID: 891920<a class=\"pdfcatal\" href=\"\/\/www.keramika.com\/pdf\/e-ceramica\/sanitary_ware_catalogue.pdf \">Sanitary Ware Catalogue <\/a><br \/><a class=\"pdfcatal\" href=\"\/\/www.keramika.com\/pdf\/e-ceramica\/handicaps_sanitary_ware_catalogue.pdf\">Handicaps Sanitary Ware Catalogue <\/a><br \/><a class=\"pdfcatal\" href=\"\/\/www.keramika.com\/pdf\/e-ceramica\/children's_sanitary_ware_catalogue.pdf\">Children&#8217;s Sanitary Ware Catalogue <\/a><br \/><a class=\"pdfcatal\" href=\"\/\/www.keramika.com\/pdf\/e-ceramica\/special_wash_basin_catalogue.pdf\">Special Wash Basin Catalogue <\/a><br \/><a class=\"pdfcatal\" href=\"\/\/www.keramika.com\/pdf\/e-ceramica\/shower_trays_catalogue.pdf\">Shower Trays Catalogue <\/a><br \/><a class=\"pdfcatal\" href=\"\/\/www.keramika.com\/pdf\/e-ceramica\/shower_doors&#038;cabins_catalogue.pdf\">Shower Doors&#038;Cabins Catalogue <\/a><br \/><a class=\"pdfcatal\" href=\"\/\/www.keramika.com\/pdf\/e-ceramica\/mixers.pdf\">Mixers <\/a><br \/><a class=\"pdfcatal\" href=\"\/\/www.keramika.com\/pdf\/e-ceramica\/bathroom_accessories_catalogue.pdf\">Bathroom Accessories Catalogue <\/a><br \/><a class=\"pdfcatal\" href=\"\/\/www.keramika.com\/pdf\/e-ceramica\/bathtubs_catalogue.pdf\">Bathtubs Catalogue <\/a><br \/><a class=\"pdfcatal\" href=\"\/\/www.keramika.com\/pdf\/e-ceramica\/hydromassage_catalogue.pdf\">Hydromassage Catalogue <\/a><br \/><a class=\"pdfcatal\" href=\"\/\/www.keramika.com\/pdf\/e-ceramica\/bathroom_furniture_catalogue.pdf\">Bathroom Furniture Catalogue<\/a><br \/><a class=\"pdfcatal\" href=\"\/\/www.keramika.com\/pdf\/e-ceramica\/inox_sanitary_ware.pdf\">Stainless steel sanitary ware catalogue <\/a><br ><\/p>\n","protected":false},"excerpt":{"rendered":"<p>Vrata za tu\u0161 90 New WcCareKoda izdelka : 891920Material : varnostno stekloDimenzije : 840&#215;1850Te\u017ea: 26,7 kg Na sliki tudi: Vrata za tu\u0161 120 New WcCarePosebej priporo\u010damo za osebe z gibalnimi omejitvami.Koda izdelka : 891910Material : varnostno stekloDimenzije : 1140&#215;1850Te\u017ea: 35,1 kg Cena: Po dogovoru Tu\u0161 kad New WcCareKoda izdelka : 800900Material : akrilDimenzije : 1200x945x50Te\u017ea: [&hellip;]<\/p>\n","protected":false},"featured_media":102831,"template":"","meta":[],"product_cat":[500,999,9991580,540],"product_tag":[],"_links":{"self":[{"href":"https:\/\/www.keramika.com\/slovenija\/wp-json\/wp\/v2\/product\/102830"}],"collection":[{"href":"https:\/\/www.keramika.com\/slovenija\/wp-json\/wp\/v2\/product"}],"about":[{"href":"https:\/\/www.keramika.com\/slovenija\/wp-json\/wp\/v2\/types\/product"}],"wp:featuredmedia":[{"embeddable":true,"href":"https:\/\/www.keramika.com\/slovenija\/wp-json\/wp\/v2\/media\/102831"}],"wp:attachment":[{"href":"https:\/\/www.keramika.com\/slovenija\/wp-json\/wp\/v2\/media?parent=102830"}],"wp:term":[{"taxonomy":"product_cat","embeddable":true,"href":"https:\/\/www.keramika.com\/slovenija\/wp-json\/wp\/v2\/product_cat?post=102830"},{"taxonomy":"product_tag","embeddable":true,"href":"https:\/\/www.keramika.com\/slovenija\/wp-json\/wp\/v2\/product_tag?post=102830"}],"curies":[{"name":"wp","href":"https:\/\/api.w.org\/{rel}","templated":true}]}}