{"id":102824,"date":"2017-03-22T23:20:30","date_gmt":"2017-03-22T23:20:30","guid":{"rendered":"http:\/\/keramika.holest.com\/slovenija\/product\/hydro-masazna-kabina-sensis\/"},"modified":"2026-01-02T00:02:23","modified_gmt":"2026-01-02T00:02:23","slug":"hydro-masazna-kabina-sensis","status":"publish","type":"product","link":"https:\/\/www.keramika.com\/slovenija\/hydro-masazna-kabina-sensis\/","title":{"rendered":"Hydro masa\u017ena kabina Sensis"},"content":{"rendered":"<p>Hydro masa\u017ena kabina Sensis basic<br \/>Koda izdelka : 870100<br \/>Dimenzije : 1120x950x2300<br \/>Te\u017ea: 105,0  kg<br \/>Material: akril, kaljeno steklo<br \/>V kompletu: 12 vertikalno name\u0161\u010denih 3-funkcijskih \u0161ob, 4 hrbtno name\u0161\u010dene 3-funkcijske \u0161obe, stropni tu\u0161 nepremakljiv, ro\u010dni tu\u0161, enoro\u010dna pipa, odstranljiva blazina iz spu\u017eve v beli, zeleni ali sivi barvi, ogledalo, sede\u017e, poli\u010dke, strop, drsna vrata, dno<br \/><a class=\"pdfcatal\" href=\"\/\/www.keramika.com\/pdf\/e-ceramica\/shower_doors&#038;cabins_catalogue.pdf\">Cenik in katalog za tu\u0161 kabine <\/a><\/p>\n<p><strong>Za veleprodajno ceno nas kontaktirajte na: <a href=\"mailto:keramoteka.salon@gmail.com\">keramoteka.salon@gmail.com<\/a><\/strong><\/p>\n<p>Technical description: Product ID: 870100<a class=\"pdfcatal\" href=\"\/\/www.keramika.com\/pdf\/e-ceramica\/sanitary_ware_catalogue.pdf \">Sanitary Ware Catalogue <\/a><br \/><a class=\"pdfcatal\" href=\"\/\/www.keramika.com\/pdf\/e-ceramica\/handicaps_sanitary_ware_catalogue.pdf\">Handicaps Sanitary Ware Catalogue <\/a><br \/><a class=\"pdfcatal\" href=\"\/\/www.keramika.com\/pdf\/e-ceramica\/children's_sanitary_ware_catalogue.pdf\">Children&#8217;s Sanitary Ware Catalogue <\/a><br \/><a class=\"pdfcatal\" href=\"\/\/www.keramika.com\/pdf\/e-ceramica\/special_wash_basin_catalogue.pdf\">Special Wash Basin Catalogue <\/a><br \/><a class=\"pdfcatal\" href=\"\/\/www.keramika.com\/pdf\/e-ceramica\/shower_trays_catalogue.pdf\">Shower Trays Catalogue <\/a><br \/><a class=\"pdfcatal\" href=\"\/\/www.keramika.com\/pdf\/e-ceramica\/shower_doors&#038;cabins_catalogue.pdf\">Shower Doors&#038;Cabins Catalogue <\/a><br \/><a class=\"pdfcatal\" href=\"\/\/www.keramika.com\/pdf\/e-ceramica\/mixers.pdf\">Mixers <\/a><br \/><a class=\"pdfcatal\" href=\"\/\/www.keramika.com\/pdf\/e-ceramica\/bathroom_accessories_catalogue.pdf\">Bathroom Accessories Catalogue <\/a><br \/><a class=\"pdfcatal\" href=\"\/\/www.keramika.com\/pdf\/e-ceramica\/bathtubs_catalogue.pdf\">Bathtubs Catalogue <\/a><br \/><a class=\"pdfcatal\" href=\"\/\/www.keramika.com\/pdf\/e-ceramica\/hydromassage_catalogue.pdf\">Hydromassage Catalogue <\/a><br \/><a class=\"pdfcatal\" href=\"\/\/www.keramika.com\/pdf\/e-ceramica\/bathroom_furniture_catalogue.pdf\">Bathroom Furniture Catalogue<\/a><br \/><a class=\"pdfcatal\" href=\"\/\/www.keramika.com\/pdf\/e-ceramica\/inox_sanitary_ware.pdf\">Stainless steel sanitary ware catalogue <\/a><br ><\/p>\n","protected":false},"excerpt":{"rendered":"<p>Hydro masa\u017ena kabina Sensis basicKoda izdelka : 870100Dimenzije : 1120x950x2300Te\u017ea: 105,0 kgMaterial: akril, kaljeno stekloV kompletu: 12 vertikalno name\u0161\u010denih 3-funkcijskih \u0161ob, 4 hrbtno name\u0161\u010dene 3-funkcijske \u0161obe, stropni tu\u0161 nepremakljiv, ro\u010dni tu\u0161, enoro\u010dna pipa, odstranljiva blazina iz spu\u017eve v beli, zeleni ali sivi barvi, ogledalo, sede\u017e, poli\u010dke, strop, drsna vrata, dnoCenik in katalog za tu\u0161 kabine [&hellip;]<\/p>\n","protected":false},"featured_media":102825,"template":"","meta":[],"product_cat":[500,999,9991580,510,540,512],"product_tag":[],"_links":{"self":[{"href":"https:\/\/www.keramika.com\/slovenija\/wp-json\/wp\/v2\/product\/102824"}],"collection":[{"href":"https:\/\/www.keramika.com\/slovenija\/wp-json\/wp\/v2\/product"}],"about":[{"href":"https:\/\/www.keramika.com\/slovenija\/wp-json\/wp\/v2\/types\/product"}],"wp:featuredmedia":[{"embeddable":true,"href":"https:\/\/www.keramika.com\/slovenija\/wp-json\/wp\/v2\/media\/102825"}],"wp:attachment":[{"href":"https:\/\/www.keramika.com\/slovenija\/wp-json\/wp\/v2\/media?parent=102824"}],"wp:term":[{"taxonomy":"product_cat","embeddable":true,"href":"https:\/\/www.keramika.com\/slovenija\/wp-json\/wp\/v2\/product_cat?post=102824"},{"taxonomy":"product_tag","embeddable":true,"href":"https:\/\/www.keramika.com\/slovenija\/wp-json\/wp\/v2\/product_tag?post=102824"}],"curies":[{"name":"wp","href":"https:\/\/api.w.org\/{rel}","templated":true}]}}