{"id":102806,"date":"2017-03-22T23:20:10","date_gmt":"2017-03-22T23:20:10","guid":{"rendered":"http:\/\/keramika.holest.com\/slovenija\/product\/tus-kad-170x75-strado\/"},"modified":"2026-01-02T00:02:21","modified_gmt":"2026-01-02T00:02:21","slug":"tus-kad-170x75-strado","status":"publish","type":"product","link":"https:\/\/www.keramika.com\/slovenija\/tus-kad-170x75-strado\/","title":{"rendered":"Tu\u0161 kad 170&#215;75 Strado"},"content":{"rendered":"<p>Tu\u0161 kad Strado 120&#215;80<br \/>Koda izdelka : 800720<br \/>Material : visoko kvaliteten akril<br \/>Dimenzije : 1200x750x125<br \/>Te\u017ea: 17.0 kg<br \/>Na razpolago tudi v dimenzijah:<\/p>\n<p>Tu\u0161 kad dimenzije : 1200x800x125 <br \/>Koda izdelka : 800810<br \/>Cena : Po dogovoru <\/p>\n<p>Tu\u0161 kad dimenzije : 1200x900x125<br \/>Koda izdelka : 800850<br \/>Cena : Po dogovoru <br \/><a class=\"pdfcatal\" href=\"\/\/www.keramika.com\/pdf\/e-ceramica\/shower_trays_catalogue.pdf\">Cenik in katalog za tu\u0161 kadi <\/a><\/p>\n<p><strong>Za veleprodajno ceno nas kontaktirajte na: <a href=\"mailto:keramoteka.salon@gmail.com\">keramoteka.salon@gmail.com<\/a><\/strong><\/p>\n<p>Technical description: Product ID: 800720<a class=\"pdfcatal\" href=\"\/\/www.keramika.com\/pdf\/e-ceramica\/sanitary_ware_catalogue.pdf \">Sanitary Ware Catalogue <\/a><br \/><a class=\"pdfcatal\" href=\"\/\/www.keramika.com\/pdf\/e-ceramica\/handicaps_sanitary_ware_catalogue.pdf\">Handicaps Sanitary Ware Catalogue <\/a><br \/><a class=\"pdfcatal\" href=\"\/\/www.keramika.com\/pdf\/e-ceramica\/children's_sanitary_ware_catalogue.pdf\">Children&#8217;s Sanitary Ware Catalogue <\/a><br \/><a class=\"pdfcatal\" href=\"\/\/www.keramika.com\/pdf\/e-ceramica\/special_wash_basin_catalogue.pdf\">Special Wash Basin Catalogue <\/a><br \/><a class=\"pdfcatal\" href=\"\/\/www.keramika.com\/pdf\/e-ceramica\/shower_trays_catalogue.pdf\">Shower Trays Catalogue <\/a><br \/><a class=\"pdfcatal\" href=\"\/\/www.keramika.com\/pdf\/e-ceramica\/shower_doors&#038;cabins_catalogue.pdf\">Shower Doors&#038;Cabins Catalogue <\/a><br \/><a class=\"pdfcatal\" href=\"\/\/www.keramika.com\/pdf\/e-ceramica\/mixers.pdf\">Mixers <\/a><br \/><a class=\"pdfcatal\" href=\"\/\/www.keramika.com\/pdf\/e-ceramica\/bathroom_accessories_catalogue.pdf\">Bathroom Accessories Catalogue <\/a><br \/><a class=\"pdfcatal\" href=\"\/\/www.keramika.com\/pdf\/e-ceramica\/bathtubs_catalogue.pdf\">Bathtubs Catalogue <\/a><br \/><a class=\"pdfcatal\" href=\"\/\/www.keramika.com\/pdf\/e-ceramica\/hydromassage_catalogue.pdf\">Hydromassage Catalogue <\/a><br \/><a class=\"pdfcatal\" href=\"\/\/www.keramika.com\/pdf\/e-ceramica\/bathroom_furniture_catalogue.pdf\">Bathroom Furniture Catalogue<\/a><br \/><a class=\"pdfcatal\" href=\"\/\/www.keramika.com\/pdf\/e-ceramica\/inox_sanitary_ware.pdf\">Stainless steel sanitary ware catalogue <\/a><br ><\/p>\n","protected":false},"excerpt":{"rendered":"<p>Tu\u0161 kad Strado 120&#215;80Koda izdelka : 800720Material : visoko kvaliteten akrilDimenzije : 1200x750x125Te\u017ea: 17.0 kgNa razpolago tudi v dimenzijah: Tu\u0161 kad dimenzije : 1200x800x125 Koda izdelka : 800810Cena : Po dogovoru Tu\u0161 kad dimenzije : 1200x900x125Koda izdelka : 800850Cena : Po dogovoru Cenik in katalog za tu\u0161 kadi Za veleprodajno ceno nas kontaktirajte na: keramoteka.salon@gmail.com [&hellip;]<\/p>\n","protected":false},"featured_media":102807,"template":"","meta":[],"product_cat":[500,999,9991580,510,530,512],"product_tag":[],"_links":{"self":[{"href":"https:\/\/www.keramika.com\/slovenija\/wp-json\/wp\/v2\/product\/102806"}],"collection":[{"href":"https:\/\/www.keramika.com\/slovenija\/wp-json\/wp\/v2\/product"}],"about":[{"href":"https:\/\/www.keramika.com\/slovenija\/wp-json\/wp\/v2\/types\/product"}],"wp:featuredmedia":[{"embeddable":true,"href":"https:\/\/www.keramika.com\/slovenija\/wp-json\/wp\/v2\/media\/102807"}],"wp:attachment":[{"href":"https:\/\/www.keramika.com\/slovenija\/wp-json\/wp\/v2\/media?parent=102806"}],"wp:term":[{"taxonomy":"product_cat","embeddable":true,"href":"https:\/\/www.keramika.com\/slovenija\/wp-json\/wp\/v2\/product_cat?post=102806"},{"taxonomy":"product_tag","embeddable":true,"href":"https:\/\/www.keramika.com\/slovenija\/wp-json\/wp\/v2\/product_tag?post=102806"}],"curies":[{"name":"wp","href":"https:\/\/api.w.org\/{rel}","templated":true}]}}