{"id":102804,"date":"2017-03-22T23:20:05","date_gmt":"2017-03-22T23:20:05","guid":{"rendered":"http:\/\/keramika.holest.com\/slovenija\/product\/kopalna-kad-150x70-eva\/"},"modified":"2026-01-02T00:02:21","modified_gmt":"2026-01-02T00:02:21","slug":"kopalna-kad-150x70-eva","status":"publish","type":"product","link":"https:\/\/www.keramika.com\/slovenija\/kopalna-kad-150x70-eva\/","title":{"rendered":"Kopalna kad 150&#215;70 Eva"},"content":{"rendered":"<p>Kopalna kad Eva 150&#215;70<br \/>Koda izdelka : 800600  Material : Acrylic<br \/>Dimenzije 1500x700x420<br \/>Te\u017ea: 17,7 Kg<br \/>Hidro masa\u017ena kopalna kad Eva 150&#215;70<br \/>Koda izdelka : 82060100 Material : Acrylic<br \/>Te\u017ea: 43,3 Kg<\/p>\n<p><a class=\"pdfcatal\" href=\"\/\/www.keramika.com\/pdf\/e-ceramica\/bathtubs_catalogue.pdf\">Cenik in katalog za kopalne kadi <\/a><\/p>\n<p><strong>Za veleprodajno ceno nas kontaktirajte na: <a href=\"mailto:keramoteka.salon@gmail.com\">keramoteka.salon@gmail.com<\/a><\/strong><br \/>Technical description: Product ID: 800600<\/p>\n<p>Technical description: Product ID: 800600<a class=\"pdfcatal\" href=\"\/\/www.keramika.com\/pdf\/e-ceramica\/sanitary_ware_catalogue.pdf \">Sanitary Ware Catalogue <\/a><br \/><a class=\"pdfcatal\" href=\"\/\/www.keramika.com\/pdf\/e-ceramica\/handicaps_sanitary_ware_catalogue.pdf\">Handicaps Sanitary Ware Catalogue <\/a><br \/><a class=\"pdfcatal\" href=\"\/\/www.keramika.com\/pdf\/e-ceramica\/children's_sanitary_ware_catalogue.pdf\">Children&#8217;s Sanitary Ware Catalogue <\/a><br \/><a class=\"pdfcatal\" href=\"\/\/www.keramika.com\/pdf\/e-ceramica\/special_wash_basin_catalogue.pdf\">Special Wash Basin Catalogue <\/a><br \/><a class=\"pdfcatal\" href=\"\/\/www.keramika.com\/pdf\/e-ceramica\/shower_trays_catalogue.pdf\">Shower Trays Catalogue <\/a><br \/><a class=\"pdfcatal\" href=\"\/\/www.keramika.com\/pdf\/e-ceramica\/shower_doors&#038;cabins_catalogue.pdf\">Shower Doors&#038;Cabins Catalogue <\/a><br \/><a class=\"pdfcatal\" href=\"\/\/www.keramika.com\/pdf\/e-ceramica\/mixers.pdf\">Mixers <\/a><br \/><a class=\"pdfcatal\" href=\"\/\/www.keramika.com\/pdf\/e-ceramica\/bathroom_accessories_catalogue.pdf\">Bathroom Accessories Catalogue <\/a><br \/><a class=\"pdfcatal\" href=\"\/\/www.keramika.com\/pdf\/e-ceramica\/bathtubs_catalogue.pdf\">Bathtubs Catalogue <\/a><br \/><a class=\"pdfcatal\" href=\"\/\/www.keramika.com\/pdf\/e-ceramica\/hydromassage_catalogue.pdf\">Hydromassage Catalogue <\/a><br \/><a class=\"pdfcatal\" href=\"\/\/www.keramika.com\/pdf\/e-ceramica\/bathroom_furniture_catalogue.pdf\">Bathroom Furniture Catalogue<\/a><br \/><a class=\"pdfcatal\" href=\"\/\/www.keramika.com\/pdf\/e-ceramica\/inox_sanitary_ware.pdf\">Stainless steel sanitary ware catalogue <\/a><br ><\/p>\n","protected":false},"excerpt":{"rendered":"<p>Kopalna kad Eva 150&#215;70Koda izdelka : 800600 Material : AcrylicDimenzije 1500x700x420Te\u017ea: 17,7 KgHidro masa\u017ena kopalna kad Eva 150&#215;70Koda izdelka : 82060100 Material : AcrylicTe\u017ea: 43,3 Kg Cenik in katalog za kopalne kadi Za veleprodajno ceno nas kontaktirajte na: keramoteka.salon@gmail.comTechnical description: Product ID: 800600 Technical description: Product ID: 800600Sanitary Ware Catalogue Handicaps Sanitary Ware Catalogue Children&#8217;s [&hellip;]<\/p>\n","protected":false},"featured_media":102805,"template":"","meta":[],"product_cat":[520,500,999,9991580],"product_tag":[],"_links":{"self":[{"href":"https:\/\/www.keramika.com\/slovenija\/wp-json\/wp\/v2\/product\/102804"}],"collection":[{"href":"https:\/\/www.keramika.com\/slovenija\/wp-json\/wp\/v2\/product"}],"about":[{"href":"https:\/\/www.keramika.com\/slovenija\/wp-json\/wp\/v2\/types\/product"}],"wp:featuredmedia":[{"embeddable":true,"href":"https:\/\/www.keramika.com\/slovenija\/wp-json\/wp\/v2\/media\/102805"}],"wp:attachment":[{"href":"https:\/\/www.keramika.com\/slovenija\/wp-json\/wp\/v2\/media?parent=102804"}],"wp:term":[{"taxonomy":"product_cat","embeddable":true,"href":"https:\/\/www.keramika.com\/slovenija\/wp-json\/wp\/v2\/product_cat?post=102804"},{"taxonomy":"product_tag","embeddable":true,"href":"https:\/\/www.keramika.com\/slovenija\/wp-json\/wp\/v2\/product_tag?post=102804"}],"curies":[{"name":"wp","href":"https:\/\/api.w.org\/{rel}","templated":true}]}}