{"id":102770,"date":"2017-03-22T23:19:23","date_gmt":"2017-03-22T23:19:23","guid":{"rendered":"http:\/\/keramika.holest.com\/slovenija\/product\/nadgradni-umivalnik-cuba\/"},"modified":"2026-01-02T00:02:16","modified_gmt":"2026-01-02T00:02:16","slug":"nadgradni-umivalnik-cuba","status":"publish","type":"product","link":"https:\/\/www.keramika.com\/slovenija\/nadgradni-umivalnik-cuba\/","title":{"rendered":"Nadgradni umivalnik Cuba"},"content":{"rendered":"<p>Umivalnik Cuba kuhinjski<br \/>Koda izdelka : 7200<br \/>Dimenzije : \u00d8445&#215;195 Te\u017ea: 9,8 kg <br \/>Material : Porcelan bele barve, enostavno \u010di\u0161\u010denje, dolga \u017eivljenjska doba<br \/>Za vgradnjo v pult, oziroma delovno povr\u0161ino. <\/p>\n<p>Na sliki tudi odcejalnik Plano<br \/>Koda izdelka : 7210<br \/>Dimenzije : \u00d8435&#215;70 Te\u017ea: 5,5 kg <br \/>Cena: Po dogovoru<br \/>Material : Porcelan bele barve, enostavno \u010di\u0161\u010denje, dolga \u017eivljenjska doba<br \/>Za vgradnjo v pult, oziroma delovno povr\u0161ino. <\/p>\n<p>Kuhinjska armatura Mixa<br \/>Koda izdelka : 5203001<br \/>Dimenzije : 130x280x320 Te\u017ea:1,7kg <br \/>Cena: Po dogovoru<br \/><a class=\"pdfcatal\" href=\"\/\/www.keramika.com\/pdf\/e-ceramica\/special_wash_basin_catalogue.pdf\">Cenik in katalog za umivalnike <\/a><\/p>\n<p><strong>Za veleprodajno ceno nas kontaktirajte na: <a href=\"mailto:keramoteka.salon@gmail.com\">keramoteka.salon@gmail.com<\/a><\/strong><\/p>\n<p>Technical description: Product ID: 7200<a class=\"pdfcatal\" href=\"\/\/www.keramika.com\/pdf\/e-ceramica\/sanitary_ware_catalogue.pdf \">Sanitary Ware Catalogue <\/a><br \/><a class=\"pdfcatal\" href=\"\/\/www.keramika.com\/pdf\/e-ceramica\/handicaps_sanitary_ware_catalogue.pdf\">Handicaps Sanitary Ware Catalogue <\/a><br \/><a class=\"pdfcatal\" href=\"\/\/www.keramika.com\/pdf\/e-ceramica\/children's_sanitary_ware_catalogue.pdf\">Children&#8217;s Sanitary Ware Catalogue <\/a><br \/><a class=\"pdfcatal\" href=\"\/\/www.keramika.com\/pdf\/e-ceramica\/special_wash_basin_catalogue.pdf\">Special Wash Basin Catalogue <\/a><br \/><a class=\"pdfcatal\" href=\"\/\/www.keramika.com\/pdf\/e-ceramica\/shower_trays_catalogue.pdf\">Shower Trays Catalogue <\/a><br \/><a class=\"pdfcatal\" href=\"\/\/www.keramika.com\/pdf\/e-ceramica\/shower_doors&#038;cabins_catalogue.pdf\">Shower Doors&#038;Cabins Catalogue <\/a><br \/><a class=\"pdfcatal\" href=\"\/\/www.keramika.com\/pdf\/e-ceramica\/mixers.pdf\">Mixers <\/a><br \/><a class=\"pdfcatal\" href=\"\/\/www.keramika.com\/pdf\/e-ceramica\/bathroom_accessories_catalogue.pdf\">Bathroom Accessories Catalogue <\/a><br \/><a class=\"pdfcatal\" href=\"\/\/www.keramika.com\/pdf\/e-ceramica\/bathtubs_catalogue.pdf\">Bathtubs Catalogue <\/a><br \/><a class=\"pdfcatal\" href=\"\/\/www.keramika.com\/pdf\/e-ceramica\/hydromassage_catalogue.pdf\">Hydromassage Catalogue <\/a><br \/><a class=\"pdfcatal\" href=\"\/\/www.keramika.com\/pdf\/e-ceramica\/bathroom_furniture_catalogue.pdf\">Bathroom Furniture Catalogue<\/a><br \/><a class=\"pdfcatal\" href=\"\/\/www.keramika.com\/pdf\/e-ceramica\/inox_sanitary_ware.pdf\">Stainless steel sanitary ware catalogue <\/a><br ><\/p>\n","protected":false},"excerpt":{"rendered":"<p>Umivalnik Cuba kuhinjskiKoda izdelka : 7200Dimenzije : \u00d8445&#215;195 Te\u017ea: 9,8 kg Material : Porcelan bele barve, enostavno \u010di\u0161\u010denje, dolga \u017eivljenjska dobaZa vgradnjo v pult, oziroma delovno povr\u0161ino. Na sliki tudi odcejalnik PlanoKoda izdelka : 7210Dimenzije : \u00d8435&#215;70 Te\u017ea: 5,5 kg Cena: Po dogovoruMaterial : Porcelan bele barve, enostavno \u010di\u0161\u010denje, dolga \u017eivljenjska dobaZa vgradnjo v pult, [&hellip;]<\/p>\n","protected":false},"featured_media":102771,"template":"","meta":[],"product_cat":[500,999,9991580,510,512],"product_tag":[],"_links":{"self":[{"href":"https:\/\/www.keramika.com\/slovenija\/wp-json\/wp\/v2\/product\/102770"}],"collection":[{"href":"https:\/\/www.keramika.com\/slovenija\/wp-json\/wp\/v2\/product"}],"about":[{"href":"https:\/\/www.keramika.com\/slovenija\/wp-json\/wp\/v2\/types\/product"}],"wp:featuredmedia":[{"embeddable":true,"href":"https:\/\/www.keramika.com\/slovenija\/wp-json\/wp\/v2\/media\/102771"}],"wp:attachment":[{"href":"https:\/\/www.keramika.com\/slovenija\/wp-json\/wp\/v2\/media?parent=102770"}],"wp:term":[{"taxonomy":"product_cat","embeddable":true,"href":"https:\/\/www.keramika.com\/slovenija\/wp-json\/wp\/v2\/product_cat?post=102770"},{"taxonomy":"product_tag","embeddable":true,"href":"https:\/\/www.keramika.com\/slovenija\/wp-json\/wp\/v2\/product_tag?post=102770"}],"curies":[{"name":"wp","href":"https:\/\/api.w.org\/{rel}","templated":true}]}}