{"id":102764,"date":"2017-03-22T23:19:17","date_gmt":"2017-03-22T23:19:17","guid":{"rendered":"http:\/\/keramika.holest.com\/slovenija\/product\/kopalnisko-ogledalo-nau\/"},"modified":"2026-01-02T00:02:15","modified_gmt":"2026-01-02T00:02:15","slug":"kopalnisko-ogledalo-nau","status":"publish","type":"product","link":"https:\/\/www.keramika.com\/slovenija\/kopalnisko-ogledalo-nau\/","title":{"rendered":"Kopalni\u0161ko ogledalo Nau"},"content":{"rendered":"<p>Ogledalo Nau<br \/>Brez osvetlitve<br \/>Koda izdelka : 6617087 <br \/>Dimenzije : 1060x44x350<br \/>Te\u017ea:  25,0 kg<br \/>Osvetlitev:<br \/>Koda izdelka : 6A610187 Cena : Po dogovoru<\/p>\n<p>Na sliki tudi: <\/p>\n<p>Pohi\u0161tveni element Nau<br \/>Zgornji brez umivalnika.<br \/>Koda izdelka : 6610187  <br \/>Dimenzije : 1060x535x230<br \/>Te\u017ea:  30,0 kg Cena : Po dogovoru <\/p>\n<p>Pohi\u0161tveni element Nau<br \/>Spodnji, z dvema predaloma.<br \/>Koda izdelka : 6612087  <br \/>Dimenzije : 1060x560x270<br \/>Te\u017ea:  30,0 kg Cena : Po dogovoru <\/p>\n<p>Pohi\u0161tveni element Nau<br \/>Samostoje\u010da omarica<br \/>Koda izdelka : 6613087 <br \/>Dimenzije : 400x400x740<br \/>Te\u017ea:  8,0 kg Cena : Po dogovoru <\/p>\n<p>Umivalnik Nau 66                         <br \/>Koda izdelka :  106320<br \/>Material : Porcelan, enostavno \u010di\u0161\u010denje in dolga \u017eivljenjska doba.<br \/>Dimenzije : 610x450x195<br \/>Te\u017ea:  15,6 kg Cena : Po dogovoru <\/p>\n<p>Armatura za umivalnik Arqua<br \/>Koda izdelka : 5330300  Cena : Po dogovoru <br \/>Armatura je pakirana v kartonsko embala\u017eo, te\u017ea : 2,6 kg<\/p>\n<p>Vsak element posamezno pakiran v kartonsko embala\u017eo.<br \/><a class=\"pdfcatal\" href=\"\/\/www.keramika.com\/pdf\/e-ceramica\/bathroom_furniture_catalogue.pdf\">Cenik in katalog za kopalni\u0161ko pohi\u0161tvo <\/a><\/p>\n<p><strong>Za veleprodajno ceno nas kontaktirajte na: <a href=\"mailto:keramoteka.salon@gmail.com\">keramoteka.salon@gmail.com<\/a><\/strong><\/p>\n<p>Technical description: Product ID: 6617087<a class=\"pdfcatal\" href=\"\/\/www.keramika.com\/pdf\/e-ceramica\/sanitary_ware_catalogue.pdf \">Sanitary Ware Catalogue <\/a><br \/><a class=\"pdfcatal\" href=\"\/\/www.keramika.com\/pdf\/e-ceramica\/handicaps_sanitary_ware_catalogue.pdf\">Handicaps Sanitary Ware Catalogue <\/a><br \/><a class=\"pdfcatal\" href=\"\/\/www.keramika.com\/pdf\/e-ceramica\/children's_sanitary_ware_catalogue.pdf\">Children&#8217;s Sanitary Ware Catalogue <\/a><br \/><a class=\"pdfcatal\" href=\"\/\/www.keramika.com\/pdf\/e-ceramica\/special_wash_basin_catalogue.pdf\">Special Wash Basin Catalogue <\/a><br \/><a class=\"pdfcatal\" href=\"\/\/www.keramika.com\/pdf\/e-ceramica\/shower_trays_catalogue.pdf\">Shower Trays Catalogue <\/a><br \/><a class=\"pdfcatal\" href=\"\/\/www.keramika.com\/pdf\/e-ceramica\/shower_doors&#038;cabins_catalogue.pdf\">Shower Doors&#038;Cabins Catalogue <\/a><br \/><a class=\"pdfcatal\" href=\"\/\/www.keramika.com\/pdf\/e-ceramica\/mixers.pdf\">Mixers <\/a><br \/><a class=\"pdfcatal\" href=\"\/\/www.keramika.com\/pdf\/e-ceramica\/bathroom_accessories_catalogue.pdf\">Bathroom Accessories Catalogue <\/a><br \/><a class=\"pdfcatal\" href=\"\/\/www.keramika.com\/pdf\/e-ceramica\/bathtubs_catalogue.pdf\">Bathtubs Catalogue <\/a><br \/><a class=\"pdfcatal\" href=\"\/\/www.keramika.com\/pdf\/e-ceramica\/hydromassage_catalogue.pdf\">Hydromassage Catalogue <\/a><br \/><a class=\"pdfcatal\" href=\"\/\/www.keramika.com\/pdf\/e-ceramica\/bathroom_furniture_catalogue.pdf\">Bathroom Furniture Catalogue<\/a><br \/><a class=\"pdfcatal\" href=\"\/\/www.keramika.com\/pdf\/e-ceramica\/inox_sanitary_ware.pdf\">Stainless steel sanitary ware catalogue <\/a><br ><\/p>\n","protected":false},"excerpt":{"rendered":"<p>Ogledalo NauBrez osvetlitveKoda izdelka : 6617087 Dimenzije : 1060x44x350Te\u017ea: 25,0 kgOsvetlitev:Koda izdelka : 6A610187 Cena : Po dogovoru Na sliki tudi: Pohi\u0161tveni element NauZgornji brez umivalnika.Koda izdelka : 6610187 Dimenzije : 1060x535x230Te\u017ea: 30,0 kg Cena : Po dogovoru Pohi\u0161tveni element NauSpodnji, z dvema predaloma.Koda izdelka : 6612087 Dimenzije : 1060x560x270Te\u017ea: 30,0 kg Cena : Po [&hellip;]<\/p>\n","protected":false},"featured_media":102765,"template":"","meta":[],"product_cat":[500,550,999,9991580],"product_tag":[],"_links":{"self":[{"href":"https:\/\/www.keramika.com\/slovenija\/wp-json\/wp\/v2\/product\/102764"}],"collection":[{"href":"https:\/\/www.keramika.com\/slovenija\/wp-json\/wp\/v2\/product"}],"about":[{"href":"https:\/\/www.keramika.com\/slovenija\/wp-json\/wp\/v2\/types\/product"}],"wp:featuredmedia":[{"embeddable":true,"href":"https:\/\/www.keramika.com\/slovenija\/wp-json\/wp\/v2\/media\/102765"}],"wp:attachment":[{"href":"https:\/\/www.keramika.com\/slovenija\/wp-json\/wp\/v2\/media?parent=102764"}],"wp:term":[{"taxonomy":"product_cat","embeddable":true,"href":"https:\/\/www.keramika.com\/slovenija\/wp-json\/wp\/v2\/product_cat?post=102764"},{"taxonomy":"product_tag","embeddable":true,"href":"https:\/\/www.keramika.com\/slovenija\/wp-json\/wp\/v2\/product_tag?post=102764"}],"curies":[{"name":"wp","href":"https:\/\/api.w.org\/{rel}","templated":true}]}}