{"id":102754,"date":"2017-03-22T23:19:07","date_gmt":"2017-03-22T23:19:07","guid":{"rendered":"http:\/\/keramika.holest.com\/slovenija\/product\/kopalnisko-pohistvo-advance\/"},"modified":"2026-01-02T00:02:13","modified_gmt":"2026-01-02T00:02:13","slug":"kopalnisko-pohistvo-advance","status":"publish","type":"product","link":"https:\/\/www.keramika.com\/slovenija\/kopalnisko-pohistvo-advance\/","title":{"rendered":"Kopalni\u0161ko pohi\u0161tvo Advance"},"content":{"rendered":"<p>Pohi\u0161tvo kopalni\u0161ko \u2013 element pod umivalnikom<br \/>Dimenzije : 900x490x460<br \/>Koda izdelka : 6270206 <br \/>Te\u017ea 39,00 kg<br \/>Te\u010daji iz nerjave\u010dega jekla.<br \/>Primerno za kopalnice. \u010crno \u2013 bela barvna kombinacija.<\/p>\n<p>Umivalnik Advance 90<br \/>Koda izdelka : 127320 Cena : Po dogovoru<br \/>Material : Porcelan<br \/>Dimenzije : 900x520x170<br \/>Te\u017ea:  35,2 kg<br \/>Pakirano v kartonsko embala\u017eo<\/p>\n<p>Armatura za umivalnik Step<br \/>Koda izdelka : 5490300  Cena : Po dogovoru <br \/>Armatura je pakirana v kartonsko embala\u017eo, te\u017ea : 1,8 kg.<\/p>\n<p><a class=\"pdfcatal\" href=\"\/\/www.keramika.com\/pdf\/e-ceramica\/bathroom_furniture_catalogue.pdf\">Cenik in katalog za kopalni\u0161ko pohi\u0161tvo <\/a><\/p>\n<p><strong>Za veleprodajno ceno nas kontaktirajte na: <a href=\"mailto:keramoteka.salon@gmail.com\">keramoteka.salon@gmail.com<\/a><\/strong><\/p>\n<p>Technical description: Product ID: 6270206<a class=\"pdfcatal\" href=\"\/\/www.keramika.com\/pdf\/e-ceramica\/sanitary_ware_catalogue.pdf \">Sanitary Ware Catalogue <\/a><br \/><a class=\"pdfcatal\" href=\"\/\/www.keramika.com\/pdf\/e-ceramica\/handicaps_sanitary_ware_catalogue.pdf\">Handicaps Sanitary Ware Catalogue <\/a><br \/><a class=\"pdfcatal\" href=\"\/\/www.keramika.com\/pdf\/e-ceramica\/children's_sanitary_ware_catalogue.pdf\">Children&#8217;s Sanitary Ware Catalogue <\/a><br \/><a class=\"pdfcatal\" href=\"\/\/www.keramika.com\/pdf\/e-ceramica\/special_wash_basin_catalogue.pdf\">Special Wash Basin Catalogue <\/a><br \/><a class=\"pdfcatal\" href=\"\/\/www.keramika.com\/pdf\/e-ceramica\/shower_trays_catalogue.pdf\">Shower Trays Catalogue <\/a><br \/><a class=\"pdfcatal\" href=\"\/\/www.keramika.com\/pdf\/e-ceramica\/shower_doors&#038;cabins_catalogue.pdf\">Shower Doors&#038;Cabins Catalogue <\/a><br \/><a class=\"pdfcatal\" href=\"\/\/www.keramika.com\/pdf\/e-ceramica\/mixers.pdf\">Mixers <\/a><br \/><a class=\"pdfcatal\" href=\"\/\/www.keramika.com\/pdf\/e-ceramica\/bathroom_accessories_catalogue.pdf\">Bathroom Accessories Catalogue <\/a><br \/><a class=\"pdfcatal\" href=\"\/\/www.keramika.com\/pdf\/e-ceramica\/bathtubs_catalogue.pdf\">Bathtubs Catalogue <\/a><br \/><a class=\"pdfcatal\" href=\"\/\/www.keramika.com\/pdf\/e-ceramica\/hydromassage_catalogue.pdf\">Hydromassage Catalogue <\/a><br \/><a class=\"pdfcatal\" href=\"\/\/www.keramika.com\/pdf\/e-ceramica\/bathroom_furniture_catalogue.pdf\">Bathroom Furniture Catalogue<\/a><br \/><a class=\"pdfcatal\" href=\"\/\/www.keramika.com\/pdf\/e-ceramica\/inox_sanitary_ware.pdf\">Stainless steel sanitary ware catalogue <\/a><br ><\/p>\n","protected":false},"excerpt":{"rendered":"<p>Pohi\u0161tvo kopalni\u0161ko \u2013 element pod umivalnikomDimenzije : 900x490x460Koda izdelka : 6270206 Te\u017ea 39,00 kgTe\u010daji iz nerjave\u010dega jekla.Primerno za kopalnice. \u010crno \u2013 bela barvna kombinacija. Umivalnik Advance 90Koda izdelka : 127320 Cena : Po dogovoruMaterial : PorcelanDimenzije : 900x520x170Te\u017ea: 35,2 kgPakirano v kartonsko embala\u017eo Armatura za umivalnik StepKoda izdelka : 5490300 Cena : Po dogovoru Armatura [&hellip;]<\/p>\n","protected":false},"featured_media":102755,"template":"","meta":[],"product_cat":[500,550,999,9991580],"product_tag":[],"_links":{"self":[{"href":"https:\/\/www.keramika.com\/slovenija\/wp-json\/wp\/v2\/product\/102754"}],"collection":[{"href":"https:\/\/www.keramika.com\/slovenija\/wp-json\/wp\/v2\/product"}],"about":[{"href":"https:\/\/www.keramika.com\/slovenija\/wp-json\/wp\/v2\/types\/product"}],"wp:featuredmedia":[{"embeddable":true,"href":"https:\/\/www.keramika.com\/slovenija\/wp-json\/wp\/v2\/media\/102755"}],"wp:attachment":[{"href":"https:\/\/www.keramika.com\/slovenija\/wp-json\/wp\/v2\/media?parent=102754"}],"wp:term":[{"taxonomy":"product_cat","embeddable":true,"href":"https:\/\/www.keramika.com\/slovenija\/wp-json\/wp\/v2\/product_cat?post=102754"},{"taxonomy":"product_tag","embeddable":true,"href":"https:\/\/www.keramika.com\/slovenija\/wp-json\/wp\/v2\/product_tag?post=102754"}],"curies":[{"name":"wp","href":"https:\/\/api.w.org\/{rel}","templated":true}]}}