{"id":102750,"date":"2017-03-22T23:18:59","date_gmt":"2017-03-22T23:18:59","guid":{"rendered":"http:\/\/keramika.holest.com\/slovenija\/product\/pregradna-stena-za-wckids\/"},"modified":"2026-01-02T00:02:13","modified_gmt":"2026-01-02T00:02:13","slug":"pregradna-stena-za-wckids","status":"publish","type":"product","link":"https:\/\/www.keramika.com\/slovenija\/pregradna-stena-za-wckids\/","title":{"rendered":"Pregradna stena za WcKids"},"content":{"rendered":"<p>Pregradna stena WcKids<br \/>Otro\u0161ki program.<br \/>Koda izdelka : 62541<br \/>Material : odporen na vlago<br \/>Dimenzije : 608x65x1115<br \/>Te\u017ea: 10.1 kg <br \/>Barve: modra ali rumena<br \/>Posami\u010dno pakiranje v kartonsko embala\u017eo.<\/p>\n<p>WC \u0161koljka WcKids<br \/>Koda izdelka : 125011 <br \/>Material : Porcelan, visoka kvaliteta zagotavlja enostavno \u010di\u0161\u010denje in dolgo \u017eivljenjsko dobo.<br \/>Dimenzije : 275x420x310<br \/>Cena : Po dogovoru <br \/>Te\u017ea:  17,8 kg<br \/>Posami\u010dno pakiranje v kartonsko embala\u017eo.<\/p>\n<p>Deska za WC \u0161koljko WcKids<br \/>Koda izdelka : 22511 <br \/>Cena : Po dogovoru<br \/><a class=\"pdfcatal\" href=\"\/\/www.keramika.com\/pdf\/e-ceramica\/children's_sanitary_ware_catalogue.pdf\">Cenik in katalog otro\u0161ke sanitarne keramike <\/a><\/p>\n<p><strong>Za veleprodajno ceno nas kontaktirajte na: <a href=\"mailto:keramoteka.salon@gmail.com\">keramoteka.salon@gmail.com<\/a><\/strong><\/p>\n<p>Technical description: Product ID: 62541<a class=\"pdfcatal\" href=\"\/\/www.keramika.com\/pdf\/e-ceramica\/sanitary_ware_catalogue.pdf \">Sanitary Ware Catalogue <\/a><br \/><a class=\"pdfcatal\" href=\"\/\/www.keramika.com\/pdf\/e-ceramica\/handicaps_sanitary_ware_catalogue.pdf\">Handicaps Sanitary Ware Catalogue <\/a><br \/><a class=\"pdfcatal\" href=\"\/\/www.keramika.com\/pdf\/e-ceramica\/children's_sanitary_ware_catalogue.pdf\">Children&#8217;s Sanitary Ware Catalogue <\/a><br \/><a class=\"pdfcatal\" href=\"\/\/www.keramika.com\/pdf\/e-ceramica\/special_wash_basin_catalogue.pdf\">Special Wash Basin Catalogue <\/a><br \/><a class=\"pdfcatal\" href=\"\/\/www.keramika.com\/pdf\/e-ceramica\/shower_trays_catalogue.pdf\">Shower Trays Catalogue <\/a><br \/><a class=\"pdfcatal\" href=\"\/\/www.keramika.com\/pdf\/e-ceramica\/shower_doors&#038;cabins_catalogue.pdf\">Shower Doors&#038;Cabins Catalogue <\/a><br \/><a class=\"pdfcatal\" href=\"\/\/www.keramika.com\/pdf\/e-ceramica\/mixers.pdf\">Mixers <\/a><br \/><a class=\"pdfcatal\" href=\"\/\/www.keramika.com\/pdf\/e-ceramica\/bathroom_accessories_catalogue.pdf\">Bathroom Accessories Catalogue <\/a><br \/><a class=\"pdfcatal\" href=\"\/\/www.keramika.com\/pdf\/e-ceramica\/bathtubs_catalogue.pdf\">Bathtubs Catalogue <\/a><br \/><a class=\"pdfcatal\" href=\"\/\/www.keramika.com\/pdf\/e-ceramica\/hydromassage_catalogue.pdf\">Hydromassage Catalogue <\/a><br \/><a class=\"pdfcatal\" href=\"\/\/www.keramika.com\/pdf\/e-ceramica\/bathroom_furniture_catalogue.pdf\">Bathroom Furniture Catalogue<\/a><br \/><a class=\"pdfcatal\" href=\"\/\/www.keramika.com\/pdf\/e-ceramica\/inox_sanitary_ware.pdf\">Stainless steel sanitary ware catalogue <\/a><br ><\/p>\n","protected":false},"excerpt":{"rendered":"<p>Pregradna stena WcKidsOtro\u0161ki program.Koda izdelka : 62541Material : odporen na vlagoDimenzije : 608x65x1115Te\u017ea: 10.1 kg Barve: modra ali rumenaPosami\u010dno pakiranje v kartonsko embala\u017eo. WC \u0161koljka WcKidsKoda izdelka : 125011 Material : Porcelan, visoka kvaliteta zagotavlja enostavno \u010di\u0161\u010denje in dolgo \u017eivljenjsko dobo.Dimenzije : 275x420x310Cena : Po dogovoru Te\u017ea: 17,8 kgPosami\u010dno pakiranje v kartonsko embala\u017eo. Deska za [&hellip;]<\/p>\n","protected":false},"featured_media":102751,"template":"","meta":[],"product_cat":[500,999,9991580,510,512],"product_tag":[],"_links":{"self":[{"href":"https:\/\/www.keramika.com\/slovenija\/wp-json\/wp\/v2\/product\/102750"}],"collection":[{"href":"https:\/\/www.keramika.com\/slovenija\/wp-json\/wp\/v2\/product"}],"about":[{"href":"https:\/\/www.keramika.com\/slovenija\/wp-json\/wp\/v2\/types\/product"}],"wp:featuredmedia":[{"embeddable":true,"href":"https:\/\/www.keramika.com\/slovenija\/wp-json\/wp\/v2\/media\/102751"}],"wp:attachment":[{"href":"https:\/\/www.keramika.com\/slovenija\/wp-json\/wp\/v2\/media?parent=102750"}],"wp:term":[{"taxonomy":"product_cat","embeddable":true,"href":"https:\/\/www.keramika.com\/slovenija\/wp-json\/wp\/v2\/product_cat?post=102750"},{"taxonomy":"product_tag","embeddable":true,"href":"https:\/\/www.keramika.com\/slovenija\/wp-json\/wp\/v2\/product_tag?post=102750"}],"curies":[{"name":"wp","href":"https:\/\/api.w.org\/{rel}","templated":true}]}}