{"id":102738,"date":"2017-03-22T23:18:48","date_gmt":"2017-03-22T23:18:48","guid":{"rendered":"http:\/\/keramika.holest.com\/slovenija\/product\/kopalnisko-pohistvo-65-city\/"},"modified":"2026-01-02T00:02:12","modified_gmt":"2026-01-02T00:02:12","slug":"kopalnisko-pohistvo-65-city","status":"publish","type":"product","link":"https:\/\/www.keramika.com\/slovenija\/kopalnisko-pohistvo-65-city\/","title":{"rendered":"Kopalni\u0161ko pohi\u0161tvo 65 City"},"content":{"rendered":"<p>Pohi\u0161tvo za umivalnik City 65<br \/>Koda izdelka : 62000 <br \/>Dimenzije : 650x470x595<br \/>Te\u017ea:  28,1 kg<br \/>Na razpolago v barvah: bela, srebrno-siva, hrast\/oran\u017ena in hrast.<br \/>Bela, srebrno siva in hrast\/oran\u017ena omarica imajo lice predalov iz 3 mm stekla. Omarica v barvi hrast pa ima tudi lice predalov iz hrasta.<\/p>\n<p>Umivalnik  vgradni City 65<br \/>Koda izdelka : 120350<br \/>Dimenzije : 650x470x195<br \/>Material : Porcelan, visoka kvaliteta zagotavlja enostavno \u010di\u0161\u010denje in dolgo \u017eivljenjsko dobo.<br \/>Te\u017ea:  18,9 kg Cena: Po dogovoru <\/p>\n<p>Videz va\u0161e kopalnice lepo zaklju\u010dita \u0161e ogledalo in poli\u010dka<br \/>Ogledalo City 65<br \/>Koda izdelka : 62072<br \/>Dimenzije : 650x50x500<br \/>Te\u017ea: 6,7 kg Cena : Po dogovoru <br \/>Na razpolago v barvah: bela, srebrno-siva, hrast\/oran\u017ena in hrast.<\/p>\n<p>Poli\u010dka City 65<br \/>Koda izdelka : 62033<br \/>Dimenzije : 650x100x40<br \/>Te\u017ea:  2,7 kg Cena : Po dogovoru <br \/>Na razpolago v barvah: bela, srebrno-siva, hrast\/oran\u017ena in hrast.<br \/><a class=\"pdfcatal\" href=\"\/\/www.keramika.com\/pdf\/e-ceramica\/bathroom_furniture_catalogue.pdf\">Cenik in katalog za kopalni\u0161ko pohi\u0161tvo <\/a><\/p>\n<p><strong>Za veleprodajno ceno nas kontaktirajte na: <a href=\"mailto:keramoteka.salon@gmail.com\">keramoteka.salon@gmail.com<\/a><\/strong><\/p>\n<p>Technical description: Product ID: 62000 00\/78\/03<a class=\"pdfcatal\" href=\"\/\/www.keramika.com\/pdf\/e-ceramica\/sanitary_ware_catalogue.pdf \">Sanitary Ware Catalogue <\/a><br \/><a class=\"pdfcatal\" href=\"\/\/www.keramika.com\/pdf\/e-ceramica\/handicaps_sanitary_ware_catalogue.pdf\">Handicaps Sanitary Ware Catalogue <\/a><br \/><a class=\"pdfcatal\" href=\"\/\/www.keramika.com\/pdf\/e-ceramica\/children's_sanitary_ware_catalogue.pdf\">Children&#8217;s Sanitary Ware Catalogue <\/a><br \/><a class=\"pdfcatal\" href=\"\/\/www.keramika.com\/pdf\/e-ceramica\/special_wash_basin_catalogue.pdf\">Special Wash Basin Catalogue <\/a><br \/><a class=\"pdfcatal\" href=\"\/\/www.keramika.com\/pdf\/e-ceramica\/shower_trays_catalogue.pdf\">Shower Trays Catalogue <\/a><br \/><a class=\"pdfcatal\" href=\"\/\/www.keramika.com\/pdf\/e-ceramica\/shower_doors&#038;cabins_catalogue.pdf\">Shower Doors&#038;Cabins Catalogue <\/a><br \/><a class=\"pdfcatal\" href=\"\/\/www.keramika.com\/pdf\/e-ceramica\/mixers.pdf\">Mixers <\/a><br \/><a class=\"pdfcatal\" href=\"\/\/www.keramika.com\/pdf\/e-ceramica\/bathroom_accessories_catalogue.pdf\">Bathroom Accessories Catalogue <\/a><br \/><a class=\"pdfcatal\" href=\"\/\/www.keramika.com\/pdf\/e-ceramica\/bathtubs_catalogue.pdf\">Bathtubs Catalogue <\/a><br \/><a class=\"pdfcatal\" href=\"\/\/www.keramika.com\/pdf\/e-ceramica\/hydromassage_catalogue.pdf\">Hydromassage Catalogue <\/a><br \/><a class=\"pdfcatal\" href=\"\/\/www.keramika.com\/pdf\/e-ceramica\/bathroom_furniture_catalogue.pdf\">Bathroom Furniture Catalogue<\/a><br \/><a class=\"pdfcatal\" href=\"\/\/www.keramika.com\/pdf\/e-ceramica\/inox_sanitary_ware.pdf\">Stainless steel sanitary ware catalogue <\/a><br ><\/p>\n","protected":false},"excerpt":{"rendered":"<p>Pohi\u0161tvo za umivalnik City 65Koda izdelka : 62000 Dimenzije : 650x470x595Te\u017ea: 28,1 kgNa razpolago v barvah: bela, srebrno-siva, hrast\/oran\u017ena in hrast.Bela, srebrno siva in hrast\/oran\u017ena omarica imajo lice predalov iz 3 mm stekla. Omarica v barvi hrast pa ima tudi lice predalov iz hrasta. Umivalnik vgradni City 65Koda izdelka : 120350Dimenzije : 650x470x195Material : Porcelan, [&hellip;]<\/p>\n","protected":false},"featured_media":102739,"template":"","meta":[],"product_cat":[500,550,999,9991580],"product_tag":[],"_links":{"self":[{"href":"https:\/\/www.keramika.com\/slovenija\/wp-json\/wp\/v2\/product\/102738"}],"collection":[{"href":"https:\/\/www.keramika.com\/slovenija\/wp-json\/wp\/v2\/product"}],"about":[{"href":"https:\/\/www.keramika.com\/slovenija\/wp-json\/wp\/v2\/types\/product"}],"wp:featuredmedia":[{"embeddable":true,"href":"https:\/\/www.keramika.com\/slovenija\/wp-json\/wp\/v2\/media\/102739"}],"wp:attachment":[{"href":"https:\/\/www.keramika.com\/slovenija\/wp-json\/wp\/v2\/media?parent=102738"}],"wp:term":[{"taxonomy":"product_cat","embeddable":true,"href":"https:\/\/www.keramika.com\/slovenija\/wp-json\/wp\/v2\/product_cat?post=102738"},{"taxonomy":"product_tag","embeddable":true,"href":"https:\/\/www.keramika.com\/slovenija\/wp-json\/wp\/v2\/product_tag?post=102738"}],"curies":[{"name":"wp","href":"https:\/\/api.w.org\/{rel}","templated":true}]}}