{"id":102718,"date":"2017-03-22T23:18:28","date_gmt":"2017-03-22T23:18:28","guid":{"rendered":"http:\/\/keramika.holest.com\/slovenija\/product\/pohistvo-za-kopalnico-100-newday\/"},"modified":"2026-01-02T00:02:08","modified_gmt":"2026-01-02T00:02:08","slug":"pohistvo-za-kopalnico-100-newday","status":"publish","type":"product","link":"https:\/\/www.keramika.com\/slovenija\/pohistvo-za-kopalnico-100-newday\/","title":{"rendered":"Pohi\u0161tvo za kopalnico 100 Newday"},"content":{"rendered":"<p>Kopalni\u0161ko pohi\u0161tvo New Day 100<br \/>Dimenzije : 1000x437x710<br \/>Koda izdelka : 61301<br \/>Te\u017ea 35,3 kg<br \/>Material primeren za kopalnice. Barve: zelena ali hrast. Zgornja plo\u0161\u010da bele barve ali iz 12 milimetrskega stekla \u010drne barve.<\/p>\n<p>Umivalnik New Day 80<br \/>Dimenzije : 805x540x145<br \/>Material: keramika, odporno na kemikalije<br \/>Koda izdelka : 113770<br \/>Te\u017ea 23,5 kg Cena : Po dogovoru <\/p>\n<p>Armatura za umivalnik Serie T<br \/>Koda izdelka : 5350300  Cena : Po dogovoru <br \/>Armatura je pakirana v kartonsko embala\u017eo, te\u017ea : 2,4 kg<br \/><a class=\"pdfcatal\" href=\"\/\/www.keramika.com\/pdf\/e-ceramica\/bathroom_furniture_catalogue.pdf\">Cenik in katalog za kopalni\u0161ko pohi\u0161tvo <\/a><\/p>\n<p><strong>Za veleprodajno ceno nas kontaktirajte na: <a href=\"mailto:keramoteka.salon@gmail.com\">keramoteka.salon@gmail.com<\/a><\/strong><\/p>\n<p>Technical description: Product ID: 61301<a class=\"pdfcatal\" href=\"\/\/www.keramika.com\/pdf\/e-ceramica\/sanitary_ware_catalogue.pdf \">Sanitary Ware Catalogue <\/a><br \/><a class=\"pdfcatal\" href=\"\/\/www.keramika.com\/pdf\/e-ceramica\/handicaps_sanitary_ware_catalogue.pdf\">Handicaps Sanitary Ware Catalogue <\/a><br \/><a class=\"pdfcatal\" href=\"\/\/www.keramika.com\/pdf\/e-ceramica\/children's_sanitary_ware_catalogue.pdf\">Children&#8217;s Sanitary Ware Catalogue <\/a><br \/><a class=\"pdfcatal\" href=\"\/\/www.keramika.com\/pdf\/e-ceramica\/special_wash_basin_catalogue.pdf\">Special Wash Basin Catalogue <\/a><br \/><a class=\"pdfcatal\" href=\"\/\/www.keramika.com\/pdf\/e-ceramica\/shower_trays_catalogue.pdf\">Shower Trays Catalogue <\/a><br \/><a class=\"pdfcatal\" href=\"\/\/www.keramika.com\/pdf\/e-ceramica\/shower_doors&#038;cabins_catalogue.pdf\">Shower Doors&#038;Cabins Catalogue <\/a><br \/><a class=\"pdfcatal\" href=\"\/\/www.keramika.com\/pdf\/e-ceramica\/mixers.pdf\">Mixers <\/a><br \/><a class=\"pdfcatal\" href=\"\/\/www.keramika.com\/pdf\/e-ceramica\/bathroom_accessories_catalogue.pdf\">Bathroom Accessories Catalogue <\/a><br \/><a class=\"pdfcatal\" href=\"\/\/www.keramika.com\/pdf\/e-ceramica\/bathtubs_catalogue.pdf\">Bathtubs Catalogue <\/a><br \/><a class=\"pdfcatal\" href=\"\/\/www.keramika.com\/pdf\/e-ceramica\/hydromassage_catalogue.pdf\">Hydromassage Catalogue <\/a><br \/><a class=\"pdfcatal\" href=\"\/\/www.keramika.com\/pdf\/e-ceramica\/bathroom_furniture_catalogue.pdf\">Bathroom Furniture Catalogue<\/a><br \/><a class=\"pdfcatal\" href=\"\/\/www.keramika.com\/pdf\/e-ceramica\/inox_sanitary_ware.pdf\">Stainless steel sanitary ware catalogue <\/a><br ><\/p>\n","protected":false},"excerpt":{"rendered":"<p>Kopalni\u0161ko pohi\u0161tvo New Day 100Dimenzije : 1000x437x710Koda izdelka : 61301Te\u017ea 35,3 kgMaterial primeren za kopalnice. Barve: zelena ali hrast. Zgornja plo\u0161\u010da bele barve ali iz 12 milimetrskega stekla \u010drne barve. Umivalnik New Day 80Dimenzije : 805x540x145Material: keramika, odporno na kemikalijeKoda izdelka : 113770Te\u017ea 23,5 kg Cena : Po dogovoru Armatura za umivalnik Serie TKoda izdelka [&hellip;]<\/p>\n","protected":false},"featured_media":102719,"template":"","meta":[],"product_cat":[500,550,999,9991580],"product_tag":[],"_links":{"self":[{"href":"https:\/\/www.keramika.com\/slovenija\/wp-json\/wp\/v2\/product\/102718"}],"collection":[{"href":"https:\/\/www.keramika.com\/slovenija\/wp-json\/wp\/v2\/product"}],"about":[{"href":"https:\/\/www.keramika.com\/slovenija\/wp-json\/wp\/v2\/types\/product"}],"wp:featuredmedia":[{"embeddable":true,"href":"https:\/\/www.keramika.com\/slovenija\/wp-json\/wp\/v2\/media\/102719"}],"wp:attachment":[{"href":"https:\/\/www.keramika.com\/slovenija\/wp-json\/wp\/v2\/media?parent=102718"}],"wp:term":[{"taxonomy":"product_cat","embeddable":true,"href":"https:\/\/www.keramika.com\/slovenija\/wp-json\/wp\/v2\/product_cat?post=102718"},{"taxonomy":"product_tag","embeddable":true,"href":"https:\/\/www.keramika.com\/slovenija\/wp-json\/wp\/v2\/product_tag?post=102718"}],"curies":[{"name":"wp","href":"https:\/\/api.w.org\/{rel}","templated":true}]}}