{"id":102716,"date":"2017-03-22T23:18:26","date_gmt":"2017-03-22T23:18:26","guid":{"rendered":"http:\/\/keramika.holest.com\/slovenija\/product\/kopalnisko-pohistvo-80-newday\/"},"modified":"2026-01-02T00:02:07","modified_gmt":"2026-01-02T00:02:07","slug":"kopalnisko-pohistvo-80-newday","status":"publish","type":"product","link":"https:\/\/www.keramika.com\/slovenija\/kopalnisko-pohistvo-80-newday\/","title":{"rendered":"Kopalni\u0161ko pohi\u0161tvo 80 Newday"},"content":{"rendered":"<p>Kopalni\u0161ko pohi\u0161tvo New Day 80<br \/>Dimenzije : 800x437x710<br \/>Koda izdelka : 61300<br \/>Te\u017ea 29,5 kg<br \/>Material primeren za kopalnice. Barve: zelena ali hrast. Zgornja plo\u0161\u010da bele barve ali iz 12 milimetrskega stekla \u010drne barve.<\/p>\n<p>Umivalnik New Day 80<br \/>Dimenzije : 805x540x145<br \/>Koda izdelka : 113770<br \/>Material: keramika, odporno na kemikalije.<br \/>Te\u017ea 23,5 kg,  Cena : Po dogovoru <\/p>\n<p>Armatura za umivalnik Serie T<br \/>Koda izdelka : 5350300  Cena : Po dogovoru <br \/>Armatura je pakirana v kartonsko embala\u017eo, te\u017ea : 2,4 kg<\/p>\n<p>Element z ogledalom New Day<br \/>Dimenzije : 800x155x450<br \/>Koda izdelka : 61370<br \/>Te\u017ea 20,5 kg Cena : Po dogovoru <br \/>Material primeren za kopalnice. Z osvetlitvijo. Barve: zelena ali hrast.<br \/><a class=\"pdfcatal\" href=\"\/\/www.keramika.com\/pdf\/e-ceramica\/bathroom_furniture_catalogue.pdf\">Cenik in katalog za kopalni\u0161ko pohi\u0161tvo <\/a><\/p>\n<p><strong>Za veleprodajno ceno nas kontaktirajte na: <a href=\"mailto:keramoteka.salon@gmail.com\">keramoteka.salon@gmail.com<\/a><\/strong><\/p>\n<p>Technical description: Product ID: 61300<a class=\"pdfcatal\" href=\"\/\/www.keramika.com\/pdf\/e-ceramica\/sanitary_ware_catalogue.pdf \">Sanitary Ware Catalogue <\/a><br \/><a class=\"pdfcatal\" href=\"\/\/www.keramika.com\/pdf\/e-ceramica\/handicaps_sanitary_ware_catalogue.pdf\">Handicaps Sanitary Ware Catalogue <\/a><br \/><a class=\"pdfcatal\" href=\"\/\/www.keramika.com\/pdf\/e-ceramica\/children's_sanitary_ware_catalogue.pdf\">Children&#8217;s Sanitary Ware Catalogue <\/a><br \/><a class=\"pdfcatal\" href=\"\/\/www.keramika.com\/pdf\/e-ceramica\/special_wash_basin_catalogue.pdf\">Special Wash Basin Catalogue <\/a><br \/><a class=\"pdfcatal\" href=\"\/\/www.keramika.com\/pdf\/e-ceramica\/shower_trays_catalogue.pdf\">Shower Trays Catalogue <\/a><br \/><a class=\"pdfcatal\" href=\"\/\/www.keramika.com\/pdf\/e-ceramica\/shower_doors&#038;cabins_catalogue.pdf\">Shower Doors&#038;Cabins Catalogue <\/a><br \/><a class=\"pdfcatal\" href=\"\/\/www.keramika.com\/pdf\/e-ceramica\/mixers.pdf\">Mixers <\/a><br \/><a class=\"pdfcatal\" href=\"\/\/www.keramika.com\/pdf\/e-ceramica\/bathroom_accessories_catalogue.pdf\">Bathroom Accessories Catalogue <\/a><br \/><a class=\"pdfcatal\" href=\"\/\/www.keramika.com\/pdf\/e-ceramica\/bathtubs_catalogue.pdf\">Bathtubs Catalogue <\/a><br \/><a class=\"pdfcatal\" href=\"\/\/www.keramika.com\/pdf\/e-ceramica\/hydromassage_catalogue.pdf\">Hydromassage Catalogue <\/a><br \/><a class=\"pdfcatal\" href=\"\/\/www.keramika.com\/pdf\/e-ceramica\/bathroom_furniture_catalogue.pdf\">Bathroom Furniture Catalogue<\/a><br \/><a class=\"pdfcatal\" href=\"\/\/www.keramika.com\/pdf\/e-ceramica\/inox_sanitary_ware.pdf\">Stainless steel sanitary ware catalogue <\/a><br ><\/p>\n","protected":false},"excerpt":{"rendered":"<p>Kopalni\u0161ko pohi\u0161tvo New Day 80Dimenzije : 800x437x710Koda izdelka : 61300Te\u017ea 29,5 kgMaterial primeren za kopalnice. Barve: zelena ali hrast. Zgornja plo\u0161\u010da bele barve ali iz 12 milimetrskega stekla \u010drne barve. Umivalnik New Day 80Dimenzije : 805x540x145Koda izdelka : 113770Material: keramika, odporno na kemikalije.Te\u017ea 23,5 kg, Cena : Po dogovoru Armatura za umivalnik Serie TKoda izdelka [&hellip;]<\/p>\n","protected":false},"featured_media":102717,"template":"","meta":[],"product_cat":[500,550,999,9991580],"product_tag":[],"_links":{"self":[{"href":"https:\/\/www.keramika.com\/slovenija\/wp-json\/wp\/v2\/product\/102716"}],"collection":[{"href":"https:\/\/www.keramika.com\/slovenija\/wp-json\/wp\/v2\/product"}],"about":[{"href":"https:\/\/www.keramika.com\/slovenija\/wp-json\/wp\/v2\/types\/product"}],"wp:featuredmedia":[{"embeddable":true,"href":"https:\/\/www.keramika.com\/slovenija\/wp-json\/wp\/v2\/media\/102717"}],"wp:attachment":[{"href":"https:\/\/www.keramika.com\/slovenija\/wp-json\/wp\/v2\/media?parent=102716"}],"wp:term":[{"taxonomy":"product_cat","embeddable":true,"href":"https:\/\/www.keramika.com\/slovenija\/wp-json\/wp\/v2\/product_cat?post=102716"},{"taxonomy":"product_tag","embeddable":true,"href":"https:\/\/www.keramika.com\/slovenija\/wp-json\/wp\/v2\/product_tag?post=102716"}],"curies":[{"name":"wp","href":"https:\/\/api.w.org\/{rel}","templated":true}]}}