{"id":102708,"date":"2017-03-22T23:18:15","date_gmt":"2017-03-22T23:18:15","guid":{"rendered":"http:\/\/keramika.holest.com\/slovenija\/product\/elektronski-senzorski-izplakovalnik-za-wc-skoljko\/"},"modified":"2026-01-02T00:02:06","modified_gmt":"2026-01-02T00:02:06","slug":"elektronski-senzorski-izplakovalnik-za-wc-skoljko","status":"publish","type":"product","link":"https:\/\/www.keramika.com\/slovenija\/elektronski-senzorski-izplakovalnik-za-wc-skoljko\/","title":{"rendered":"Elektronski senzorski izplakovalnik za Wc \u0161koljko"},"content":{"rendered":"<p>Elektronski senzorski izplakovalnik Plan<br \/>Z  okvirjem za vise\u010do Wc \u0161koljko in transformatorjem.<br \/>Koda izdelka : 5E12078113<br \/>Dimenzije : 220x220x12<br \/>Barva : krom satinirano<br \/>Napajanje: 9V adapter <br \/>Priporo\u010den pritisk vode 1,0 &#8211; 8,0 bar (7,3-116 PSI)<br \/>Za izpust treh ali \u0161estih litrov vode.<br \/>Nastavljiv radij senzorja. Funkcije ( \u010dasovni varnosti izklop, izklop glede na prisotnost\/odsotnost roke, podro\u010dje delovanja senzorja\u2026.) nastavljive z daljinskim upravljalcem. Indikator mo\u010di baterije.<br \/><a class=\"pdfcatal\" href=\"\/\/www.keramika.com\/pdf\/e-ceramica\/mixers.pdf\">Cenik in katalog za armature <\/a><\/p>\n<p><strong>Za veleprodajno ceno nas kontaktirajte na: <a href=\"mailto:keramoteka.salon@gmail.com\">keramoteka.salon@gmail.com<\/a><\/strong><\/p>\n<p>Technical description: Product ID: 5E12078113<a class=\"pdfcatal\" href=\"\/\/www.keramika.com\/pdf\/e-ceramica\/sanitary_ware_catalogue.pdf \">Sanitary Ware Catalogue <\/a><br \/><a class=\"pdfcatal\" href=\"\/\/www.keramika.com\/pdf\/e-ceramica\/handicaps_sanitary_ware_catalogue.pdf\">Handicaps Sanitary Ware Catalogue <\/a><br \/><a class=\"pdfcatal\" href=\"\/\/www.keramika.com\/pdf\/e-ceramica\/children's_sanitary_ware_catalogue.pdf\">Children&#8217;s Sanitary Ware Catalogue <\/a><br \/><a class=\"pdfcatal\" href=\"\/\/www.keramika.com\/pdf\/e-ceramica\/special_wash_basin_catalogue.pdf\">Special Wash Basin Catalogue <\/a><br \/><a class=\"pdfcatal\" href=\"\/\/www.keramika.com\/pdf\/e-ceramica\/shower_trays_catalogue.pdf\">Shower Trays Catalogue <\/a><br \/><a class=\"pdfcatal\" href=\"\/\/www.keramika.com\/pdf\/e-ceramica\/shower_doors&#038;cabins_catalogue.pdf\">Shower Doors&#038;Cabins Catalogue <\/a><br \/><a class=\"pdfcatal\" href=\"\/\/www.keramika.com\/pdf\/e-ceramica\/mixers.pdf\">Mixers <\/a><br \/><a class=\"pdfcatal\" href=\"\/\/www.keramika.com\/pdf\/e-ceramica\/bathroom_accessories_catalogue.pdf\">Bathroom Accessories Catalogue <\/a><br \/><a class=\"pdfcatal\" href=\"\/\/www.keramika.com\/pdf\/e-ceramica\/bathtubs_catalogue.pdf\">Bathtubs Catalogue <\/a><br \/><a class=\"pdfcatal\" href=\"\/\/www.keramika.com\/pdf\/e-ceramica\/hydromassage_catalogue.pdf\">Hydromassage Catalogue <\/a><br \/><a class=\"pdfcatal\" href=\"\/\/www.keramika.com\/pdf\/e-ceramica\/bathroom_furniture_catalogue.pdf\">Bathroom Furniture Catalogue<\/a><br \/><a class=\"pdfcatal\" href=\"\/\/www.keramika.com\/pdf\/e-ceramica\/inox_sanitary_ware.pdf\">Stainless steel sanitary ware catalogue <\/a><br ><\/p>\n","protected":false},"excerpt":{"rendered":"<p>Elektronski senzorski izplakovalnik PlanZ okvirjem za vise\u010do Wc \u0161koljko in transformatorjem.Koda izdelka : 5E12078113Dimenzije : 220x220x12Barva : krom satiniranoNapajanje: 9V adapter Priporo\u010den pritisk vode 1,0 &#8211; 8,0 bar (7,3-116 PSI)Za izpust treh ali \u0161estih litrov vode.Nastavljiv radij senzorja. Funkcije ( \u010dasovni varnosti izklop, izklop glede na prisotnost\/odsotnost roke, podro\u010dje delovanja senzorja\u2026.) nastavljive z daljinskim upravljalcem. [&hellip;]<\/p>\n","protected":false},"featured_media":102709,"template":"","meta":[],"product_cat":[600,640,500,610,999,9991580],"product_tag":[],"_links":{"self":[{"href":"https:\/\/www.keramika.com\/slovenija\/wp-json\/wp\/v2\/product\/102708"}],"collection":[{"href":"https:\/\/www.keramika.com\/slovenija\/wp-json\/wp\/v2\/product"}],"about":[{"href":"https:\/\/www.keramika.com\/slovenija\/wp-json\/wp\/v2\/types\/product"}],"wp:featuredmedia":[{"embeddable":true,"href":"https:\/\/www.keramika.com\/slovenija\/wp-json\/wp\/v2\/media\/102709"}],"wp:attachment":[{"href":"https:\/\/www.keramika.com\/slovenija\/wp-json\/wp\/v2\/media?parent=102708"}],"wp:term":[{"taxonomy":"product_cat","embeddable":true,"href":"https:\/\/www.keramika.com\/slovenija\/wp-json\/wp\/v2\/product_cat?post=102708"},{"taxonomy":"product_tag","embeddable":true,"href":"https:\/\/www.keramika.com\/slovenija\/wp-json\/wp\/v2\/product_tag?post=102708"}],"curies":[{"name":"wp","href":"https:\/\/api.w.org\/{rel}","templated":true}]}}