{"id":102694,"date":"2017-03-22T23:17:58","date_gmt":"2017-03-22T23:17:58","guid":{"rendered":"http:\/\/keramika.holest.com\/slovenija\/product\/elektronska-termostatska-stenska-pipa\/"},"modified":"2026-01-02T00:02:05","modified_gmt":"2026-01-02T00:02:05","slug":"elektronska-termostatska-stenska-pipa","status":"publish","type":"product","link":"https:\/\/www.keramika.com\/slovenija\/elektronska-termostatska-stenska-pipa\/","title":{"rendered":"Elektronska termostatska stenska pipa"},"content":{"rendered":"<p>Elektronska termostatska pipa Score za tu\u0161 <br \/>Me\u0161alna, stenska monta\u017ea<br \/>Koda izdelka : 5488771<br \/>Dimenzije : \u00d8172&#215;81<br \/>Napajanje: 9V baterija <br \/>Priporo\u010den pritisk vode 1 &#8211; 6,0 bar (15,0-88,0 PSI)<br \/>Obseg dometa senzorja prilagodljiv ro\u010dno ali z daljinskim upravljalnikom. Z daljinskim upravljalnikom se regulirajo tudi druge funkcije npr. \u010dasovni varnosti izklop, izklop glede na prisotnost\/odsotnost roke, podro\u010dje delovanja senzorja\u2026<br \/>Varnostni na\u010din: Po 10 minutah se voda avtomati\u010dno zapre, \u010das je mogo\u010de tudi nastaviti.<br \/>Poraba energije: 100mA<br \/><a class=\"pdfcatal\" href=\"\/\/www.keramika.com\/pdf\/e-ceramica\/mixers.pdf\">Cenik in katalog za armature <\/a><\/p>\n<p><strong>Za veleprodajno ceno nas kontaktirajte na: <a href=\"mailto:keramoteka.salon@gmail.com\">keramoteka.salon@gmail.com<\/a><\/strong><\/p>\n<p>Technical description: Product ID: 5488771<a class=\"pdfcatal\" href=\"\/\/www.keramika.com\/pdf\/e-ceramica\/sanitary_ware_catalogue.pdf \">Sanitary Ware Catalogue <\/a><br \/><a class=\"pdfcatal\" href=\"\/\/www.keramika.com\/pdf\/e-ceramica\/handicaps_sanitary_ware_catalogue.pdf\">Handicaps Sanitary Ware Catalogue <\/a><br \/><a class=\"pdfcatal\" href=\"\/\/www.keramika.com\/pdf\/e-ceramica\/children's_sanitary_ware_catalogue.pdf\">Children&#8217;s Sanitary Ware Catalogue <\/a><br \/><a class=\"pdfcatal\" href=\"\/\/www.keramika.com\/pdf\/e-ceramica\/special_wash_basin_catalogue.pdf\">Special Wash Basin Catalogue <\/a><br \/><a class=\"pdfcatal\" href=\"\/\/www.keramika.com\/pdf\/e-ceramica\/shower_trays_catalogue.pdf\">Shower Trays Catalogue <\/a><br \/><a class=\"pdfcatal\" href=\"\/\/www.keramika.com\/pdf\/e-ceramica\/shower_doors&#038;cabins_catalogue.pdf\">Shower Doors&#038;Cabins Catalogue <\/a><br \/><a class=\"pdfcatal\" href=\"\/\/www.keramika.com\/pdf\/e-ceramica\/mixers.pdf\">Mixers <\/a><br \/><a class=\"pdfcatal\" href=\"\/\/www.keramika.com\/pdf\/e-ceramica\/bathroom_accessories_catalogue.pdf\">Bathroom Accessories Catalogue <\/a><br \/><a class=\"pdfcatal\" href=\"\/\/www.keramika.com\/pdf\/e-ceramica\/bathtubs_catalogue.pdf\">Bathtubs Catalogue <\/a><br \/><a class=\"pdfcatal\" href=\"\/\/www.keramika.com\/pdf\/e-ceramica\/hydromassage_catalogue.pdf\">Hydromassage Catalogue <\/a><br \/><a class=\"pdfcatal\" href=\"\/\/www.keramika.com\/pdf\/e-ceramica\/bathroom_furniture_catalogue.pdf\">Bathroom Furniture Catalogue<\/a><br \/><a class=\"pdfcatal\" href=\"\/\/www.keramika.com\/pdf\/e-ceramica\/inox_sanitary_ware.pdf\">Stainless steel sanitary ware catalogue <\/a><br ><\/p>\n","protected":false},"excerpt":{"rendered":"<p>Elektronska termostatska pipa Score za tu\u0161 Me\u0161alna, stenska monta\u017eaKoda izdelka : 5488771Dimenzije : \u00d8172&#215;81Napajanje: 9V baterija Priporo\u010den pritisk vode 1 &#8211; 6,0 bar (15,0-88,0 PSI)Obseg dometa senzorja prilagodljiv ro\u010dno ali z daljinskim upravljalnikom. Z daljinskim upravljalnikom se regulirajo tudi druge funkcije npr. \u010dasovni varnosti izklop, izklop glede na prisotnost\/odsotnost roke, podro\u010dje delovanja senzorja\u2026Varnostni na\u010din: Po [&hellip;]<\/p>\n","protected":false},"featured_media":102695,"template":"","meta":[],"product_cat":[600,640,620,999,9991580],"product_tag":[],"_links":{"self":[{"href":"https:\/\/www.keramika.com\/slovenija\/wp-json\/wp\/v2\/product\/102694"}],"collection":[{"href":"https:\/\/www.keramika.com\/slovenija\/wp-json\/wp\/v2\/product"}],"about":[{"href":"https:\/\/www.keramika.com\/slovenija\/wp-json\/wp\/v2\/types\/product"}],"wp:featuredmedia":[{"embeddable":true,"href":"https:\/\/www.keramika.com\/slovenija\/wp-json\/wp\/v2\/media\/102695"}],"wp:attachment":[{"href":"https:\/\/www.keramika.com\/slovenija\/wp-json\/wp\/v2\/media?parent=102694"}],"wp:term":[{"taxonomy":"product_cat","embeddable":true,"href":"https:\/\/www.keramika.com\/slovenija\/wp-json\/wp\/v2\/product_cat?post=102694"},{"taxonomy":"product_tag","embeddable":true,"href":"https:\/\/www.keramika.com\/slovenija\/wp-json\/wp\/v2\/product_tag?post=102694"}],"curies":[{"name":"wp","href":"https:\/\/api.w.org\/{rel}","templated":true}]}}