{"id":102692,"date":"2017-03-22T23:17:56","date_gmt":"2017-03-22T23:17:56","guid":{"rendered":"http:\/\/keramika.holest.com\/slovenija\/product\/podometna-senzorska-pipa-score\/"},"modified":"2026-01-02T00:02:04","modified_gmt":"2026-01-02T00:02:04","slug":"podometna-senzorska-pipa-score","status":"publish","type":"product","link":"https:\/\/www.keramika.com\/slovenija\/podometna-senzorska-pipa-score\/","title":{"rendered":"Podometna senzorska pipa Score"},"content":{"rendered":"<p>Elektronska senzorska kontrola tu\u0161 pipe Score z baterijskim napajanjem<br \/>Za hladno vodo ali predhodno me\u0161ano toplo vodo ( en vhod )<br \/>Koda izdelka : 5482771<br \/>Dimenzije : \u00d8136&#215;41<br \/>Napajanje: 9V baterija<br \/>Priporo\u010den pritisk vode 0,5-8,0 bar (7,0-116 PSI)<br \/>Maksimalna temperatura tople vode: 70 \u00b0 C<br \/>Ro\u010dna prednastavitev senzorja ali z daljinskim upravljalcem. Funkcije ( \u010dasovni varnosti izklop, izklop glede na prisotnost\/odsotnost roke, podro\u010dje delovanja senzorja\u2026.) nastavljive z daljinskim upravljalcem. Idikator mo\u010di baterije.<br \/><a class=\"pdfcatal\" href=\"\/\/www.keramika.com\/pdf\/e-ceramica\/mixers.pdf\">Cenik in katalog za armature <\/a><\/p>\n<p><strong>Za veleprodajno ceno nas kontaktirajte na: <a href=\"mailto:keramoteka.salon@gmail.com\">keramoteka.salon@gmail.com<\/a><\/strong><\/p>\n<p>Technical description: Product ID: 5482771<a class=\"pdfcatal\" href=\"\/\/www.keramika.com\/pdf\/e-ceramica\/sanitary_ware_catalogue.pdf \">Sanitary Ware Catalogue <\/a><br \/><a class=\"pdfcatal\" href=\"\/\/www.keramika.com\/pdf\/e-ceramica\/handicaps_sanitary_ware_catalogue.pdf\">Handicaps Sanitary Ware Catalogue <\/a><br \/><a class=\"pdfcatal\" href=\"\/\/www.keramika.com\/pdf\/e-ceramica\/children's_sanitary_ware_catalogue.pdf\">Children&#8217;s Sanitary Ware Catalogue <\/a><br \/><a class=\"pdfcatal\" href=\"\/\/www.keramika.com\/pdf\/e-ceramica\/special_wash_basin_catalogue.pdf\">Special Wash Basin Catalogue <\/a><br \/><a class=\"pdfcatal\" href=\"\/\/www.keramika.com\/pdf\/e-ceramica\/shower_trays_catalogue.pdf\">Shower Trays Catalogue <\/a><br \/><a class=\"pdfcatal\" href=\"\/\/www.keramika.com\/pdf\/e-ceramica\/shower_doors&#038;cabins_catalogue.pdf\">Shower Doors&#038;Cabins Catalogue <\/a><br \/><a class=\"pdfcatal\" href=\"\/\/www.keramika.com\/pdf\/e-ceramica\/mixers.pdf\">Mixers <\/a><br \/><a class=\"pdfcatal\" href=\"\/\/www.keramika.com\/pdf\/e-ceramica\/bathroom_accessories_catalogue.pdf\">Bathroom Accessories Catalogue <\/a><br \/><a class=\"pdfcatal\" href=\"\/\/www.keramika.com\/pdf\/e-ceramica\/bathtubs_catalogue.pdf\">Bathtubs Catalogue <\/a><br \/><a class=\"pdfcatal\" href=\"\/\/www.keramika.com\/pdf\/e-ceramica\/hydromassage_catalogue.pdf\">Hydromassage Catalogue <\/a><br \/><a class=\"pdfcatal\" href=\"\/\/www.keramika.com\/pdf\/e-ceramica\/bathroom_furniture_catalogue.pdf\">Bathroom Furniture Catalogue<\/a><br \/><a class=\"pdfcatal\" href=\"\/\/www.keramika.com\/pdf\/e-ceramica\/inox_sanitary_ware.pdf\">Stainless steel sanitary ware catalogue <\/a><br ><\/p>\n","protected":false},"excerpt":{"rendered":"<p>Elektronska senzorska kontrola tu\u0161 pipe Score z baterijskim napajanjemZa hladno vodo ali predhodno me\u0161ano toplo vodo ( en vhod )Koda izdelka : 5482771Dimenzije : \u00d8136&#215;41Napajanje: 9V baterijaPriporo\u010den pritisk vode 0,5-8,0 bar (7,0-116 PSI)Maksimalna temperatura tople vode: 70 \u00b0 CRo\u010dna prednastavitev senzorja ali z daljinskim upravljalcem. Funkcije ( \u010dasovni varnosti izklop, izklop glede na prisotnost\/odsotnost roke, [&hellip;]<\/p>\n","protected":false},"featured_media":102693,"template":"","meta":[],"product_cat":[600,640,500,610,999,9991580],"product_tag":[],"_links":{"self":[{"href":"https:\/\/www.keramika.com\/slovenija\/wp-json\/wp\/v2\/product\/102692"}],"collection":[{"href":"https:\/\/www.keramika.com\/slovenija\/wp-json\/wp\/v2\/product"}],"about":[{"href":"https:\/\/www.keramika.com\/slovenija\/wp-json\/wp\/v2\/types\/product"}],"wp:featuredmedia":[{"embeddable":true,"href":"https:\/\/www.keramika.com\/slovenija\/wp-json\/wp\/v2\/media\/102693"}],"wp:attachment":[{"href":"https:\/\/www.keramika.com\/slovenija\/wp-json\/wp\/v2\/media?parent=102692"}],"wp:term":[{"taxonomy":"product_cat","embeddable":true,"href":"https:\/\/www.keramika.com\/slovenija\/wp-json\/wp\/v2\/product_cat?post=102692"},{"taxonomy":"product_tag","embeddable":true,"href":"https:\/\/www.keramika.com\/slovenija\/wp-json\/wp\/v2\/product_tag?post=102692"}],"curies":[{"name":"wp","href":"https:\/\/api.w.org\/{rel}","templated":true}]}}