{"id":102690,"date":"2017-03-22T23:17:54","date_gmt":"2017-03-22T23:17:54","guid":{"rendered":"http:\/\/keramika.holest.com\/slovenija\/product\/stenska-senzorska-armatura-square\/"},"modified":"2026-01-02T00:02:04","modified_gmt":"2026-01-02T00:02:04","slug":"stenska-senzorska-armatura-square","status":"publish","type":"product","link":"https:\/\/www.keramika.com\/slovenija\/stenska-senzorska-armatura-square\/","title":{"rendered":"Stenska senzorska armatura Square"},"content":{"rendered":"<p>Elektronska senzorska armatura Square<br \/>Stenska monta\u017ea. <br \/>Koda izdelka : 5477391<br \/>Dimenzije : 112x230x62<br \/>Napajanje: transformator<br \/>Priporo\u010den pritisk vode 0,5-8,0 bar (7,0-116 PSI)<br \/>Ro\u010dna prednastavitev senzorja. Funkcije ( \u010dasovni varnosti izklop, izklop glede na prisotnost\/odsotnost roke, podro\u010dje delovanja senzorja\u2026.) nastavljive z daljinskim upravljalcem.<\/p>\n<p><a class=\"pdfcatal\" href=\"\/\/www.keramika.com\/pdf\/e-ceramica\/mixers.pdf\">Cenik in katalog za armature <\/a><\/p>\n<p><strong>Za veleprodajno ceno nas kontaktirajte na: <a href=\"mailto:keramoteka.salon@gmail.com\">keramoteka.salon@gmail.com<\/a><\/strong><\/p>\n<p>Technical description: Product ID: 5477391<a class=\"pdfcatal\" href=\"\/\/www.keramika.com\/pdf\/e-ceramica\/sanitary_ware_catalogue.pdf \">Sanitary Ware Catalogue <\/a><br \/><a class=\"pdfcatal\" href=\"\/\/www.keramika.com\/pdf\/e-ceramica\/handicaps_sanitary_ware_catalogue.pdf\">Handicaps Sanitary Ware Catalogue <\/a><br \/><a class=\"pdfcatal\" href=\"\/\/www.keramika.com\/pdf\/e-ceramica\/children's_sanitary_ware_catalogue.pdf\">Children&#8217;s Sanitary Ware Catalogue <\/a><br \/><a class=\"pdfcatal\" href=\"\/\/www.keramika.com\/pdf\/e-ceramica\/special_wash_basin_catalogue.pdf\">Special Wash Basin Catalogue <\/a><br \/><a class=\"pdfcatal\" href=\"\/\/www.keramika.com\/pdf\/e-ceramica\/shower_trays_catalogue.pdf\">Shower Trays Catalogue <\/a><br \/><a class=\"pdfcatal\" href=\"\/\/www.keramika.com\/pdf\/e-ceramica\/shower_doors&#038;cabins_catalogue.pdf\">Shower Doors&#038;Cabins Catalogue <\/a><br \/><a class=\"pdfcatal\" href=\"\/\/www.keramika.com\/pdf\/e-ceramica\/mixers.pdf\">Mixers <\/a><br \/><a class=\"pdfcatal\" href=\"\/\/www.keramika.com\/pdf\/e-ceramica\/bathroom_accessories_catalogue.pdf\">Bathroom Accessories Catalogue <\/a><br \/><a class=\"pdfcatal\" href=\"\/\/www.keramika.com\/pdf\/e-ceramica\/bathtubs_catalogue.pdf\">Bathtubs Catalogue <\/a><br \/><a class=\"pdfcatal\" href=\"\/\/www.keramika.com\/pdf\/e-ceramica\/hydromassage_catalogue.pdf\">Hydromassage Catalogue <\/a><br \/><a class=\"pdfcatal\" href=\"\/\/www.keramika.com\/pdf\/e-ceramica\/bathroom_furniture_catalogue.pdf\">Bathroom Furniture Catalogue<\/a><br \/><a class=\"pdfcatal\" href=\"\/\/www.keramika.com\/pdf\/e-ceramica\/inox_sanitary_ware.pdf\">Stainless steel sanitary ware catalogue <\/a><br ><\/p>\n","protected":false},"excerpt":{"rendered":"<p>Elektronska senzorska armatura SquareStenska monta\u017ea. Koda izdelka : 5477391Dimenzije : 112x230x62Napajanje: transformatorPriporo\u010den pritisk vode 0,5-8,0 bar (7,0-116 PSI)Ro\u010dna prednastavitev senzorja. Funkcije ( \u010dasovni varnosti izklop, izklop glede na prisotnost\/odsotnost roke, podro\u010dje delovanja senzorja\u2026.) nastavljive z daljinskim upravljalcem. Cenik in katalog za armature Za veleprodajno ceno nas kontaktirajte na: keramoteka.salon@gmail.com Technical description: Product ID: 5477391Sanitary Ware [&hellip;]<\/p>\n","protected":false},"featured_media":102691,"template":"","meta":[],"product_cat":[600,640,500,610,999,9991580],"product_tag":[],"_links":{"self":[{"href":"https:\/\/www.keramika.com\/slovenija\/wp-json\/wp\/v2\/product\/102690"}],"collection":[{"href":"https:\/\/www.keramika.com\/slovenija\/wp-json\/wp\/v2\/product"}],"about":[{"href":"https:\/\/www.keramika.com\/slovenija\/wp-json\/wp\/v2\/types\/product"}],"wp:featuredmedia":[{"embeddable":true,"href":"https:\/\/www.keramika.com\/slovenija\/wp-json\/wp\/v2\/media\/102691"}],"wp:attachment":[{"href":"https:\/\/www.keramika.com\/slovenija\/wp-json\/wp\/v2\/media?parent=102690"}],"wp:term":[{"taxonomy":"product_cat","embeddable":true,"href":"https:\/\/www.keramika.com\/slovenija\/wp-json\/wp\/v2\/product_cat?post=102690"},{"taxonomy":"product_tag","embeddable":true,"href":"https:\/\/www.keramika.com\/slovenija\/wp-json\/wp\/v2\/product_tag?post=102690"}],"curies":[{"name":"wp","href":"https:\/\/api.w.org\/{rel}","templated":true}]}}