{"id":102674,"date":"2017-03-22T23:17:34","date_gmt":"2017-03-22T23:17:34","guid":{"rendered":"http:\/\/keramika.holest.com\/slovenija\/product\/elektronska-senzorska-pipa-za-umivalnik\/"},"modified":"2026-01-02T00:02:02","modified_gmt":"2026-01-02T00:02:02","slug":"elektronska-senzorska-pipa-za-umivalnik","status":"publish","type":"product","link":"https:\/\/www.keramika.com\/slovenija\/elektronska-senzorska-pipa-za-umivalnik\/","title":{"rendered":"Elektronska senzorska pipa za umivalnik"},"content":{"rendered":"<p>Elektronska senzorska pipa Spot za umivalnik z osvetlitvijo<br \/>Za hladno ali predhodno me\u0161ano toplo vodo<br \/>Koda izdelka : 5437381<br \/>Dimenzije : 50x140x130<br \/>Napajanje: baterija <br \/>Priporo\u010den pritisk vode 0,5-4,0 bar <br \/>Voda mrzla ali predgreta, maksimalna temperatura tople vode: 70 \u00b0 C<br \/>\u010ce obstaja mo\u017enost pritiska vode, ve\u010d kot 4 bare, je nujna uporaba reducirnega ventila za zmanj\u0161anje pritiska.<br \/>Pipa se aktivira z dotikom to\u010dke sredi osvetljenega prstana. Voda te\u010de 8 sekund ( mo\u017enost nastavitve 1 \u2013 60 sekund), medtem prstan utripa. Z dotikom se lahko tok vode tudi pred\u010dasno prekine. <br \/>Zaradi enostavne oblike brez zunanjih gibljivih delov, je pipa precej odporna na vandalske po\u0161kodbe. Varna funkcija: \u010de zmanjka energije, pipa ne more ostati odprta.<br \/><a class=\"pdfcatal\" href=\"\/\/www.keramika.com\/pdf\/e-ceramica\/mixers.pdf\">Cenik in katalog za armature <\/a><\/p>\n<p><strong>Za veleprodajno ceno nas kontaktirajte na: <a href=\"mailto:keramoteka.salon@gmail.com\">keramoteka.salon@gmail.com<\/a><\/strong><\/p>\n<p>Technical description: Product ID: 5437381<a class=\"pdfcatal\" href=\"\/\/www.keramika.com\/pdf\/e-ceramica\/sanitary_ware_catalogue.pdf \">Sanitary Ware Catalogue <\/a><br \/><a class=\"pdfcatal\" href=\"\/\/www.keramika.com\/pdf\/e-ceramica\/handicaps_sanitary_ware_catalogue.pdf\">Handicaps Sanitary Ware Catalogue <\/a><br \/><a class=\"pdfcatal\" href=\"\/\/www.keramika.com\/pdf\/e-ceramica\/children's_sanitary_ware_catalogue.pdf\">Children&#8217;s Sanitary Ware Catalogue <\/a><br \/><a class=\"pdfcatal\" href=\"\/\/www.keramika.com\/pdf\/e-ceramica\/special_wash_basin_catalogue.pdf\">Special Wash Basin Catalogue <\/a><br \/><a class=\"pdfcatal\" href=\"\/\/www.keramika.com\/pdf\/e-ceramica\/shower_trays_catalogue.pdf\">Shower Trays Catalogue <\/a><br \/><a class=\"pdfcatal\" href=\"\/\/www.keramika.com\/pdf\/e-ceramica\/shower_doors&#038;cabins_catalogue.pdf\">Shower Doors&#038;Cabins Catalogue <\/a><br \/><a class=\"pdfcatal\" href=\"\/\/www.keramika.com\/pdf\/e-ceramica\/mixers.pdf\">Mixers <\/a><br \/><a class=\"pdfcatal\" href=\"\/\/www.keramika.com\/pdf\/e-ceramica\/bathroom_accessories_catalogue.pdf\">Bathroom Accessories Catalogue <\/a><br \/><a class=\"pdfcatal\" href=\"\/\/www.keramika.com\/pdf\/e-ceramica\/bathtubs_catalogue.pdf\">Bathtubs Catalogue <\/a><br \/><a class=\"pdfcatal\" href=\"\/\/www.keramika.com\/pdf\/e-ceramica\/hydromassage_catalogue.pdf\">Hydromassage Catalogue <\/a><br \/><a class=\"pdfcatal\" href=\"\/\/www.keramika.com\/pdf\/e-ceramica\/bathroom_furniture_catalogue.pdf\">Bathroom Furniture Catalogue<\/a><br \/><a class=\"pdfcatal\" href=\"\/\/www.keramika.com\/pdf\/e-ceramica\/inox_sanitary_ware.pdf\">Stainless steel sanitary ware catalogue <\/a><br ><\/p>\n","protected":false},"excerpt":{"rendered":"<p>Elektronska senzorska pipa Spot za umivalnik z osvetlitvijoZa hladno ali predhodno me\u0161ano toplo vodoKoda izdelka : 5437381Dimenzije : 50x140x130Napajanje: baterija Priporo\u010den pritisk vode 0,5-4,0 bar Voda mrzla ali predgreta, maksimalna temperatura tople vode: 70 \u00b0 C\u010ce obstaja mo\u017enost pritiska vode, ve\u010d kot 4 bare, je nujna uporaba reducirnega ventila za zmanj\u0161anje pritiska.Pipa se aktivira z [&hellip;]<\/p>\n","protected":false},"featured_media":102675,"template":"","meta":[],"product_cat":[600,640,620,999,9991580],"product_tag":[],"_links":{"self":[{"href":"https:\/\/www.keramika.com\/slovenija\/wp-json\/wp\/v2\/product\/102674"}],"collection":[{"href":"https:\/\/www.keramika.com\/slovenija\/wp-json\/wp\/v2\/product"}],"about":[{"href":"https:\/\/www.keramika.com\/slovenija\/wp-json\/wp\/v2\/types\/product"}],"wp:featuredmedia":[{"embeddable":true,"href":"https:\/\/www.keramika.com\/slovenija\/wp-json\/wp\/v2\/media\/102675"}],"wp:attachment":[{"href":"https:\/\/www.keramika.com\/slovenija\/wp-json\/wp\/v2\/media?parent=102674"}],"wp:term":[{"taxonomy":"product_cat","embeddable":true,"href":"https:\/\/www.keramika.com\/slovenija\/wp-json\/wp\/v2\/product_cat?post=102674"},{"taxonomy":"product_tag","embeddable":true,"href":"https:\/\/www.keramika.com\/slovenija\/wp-json\/wp\/v2\/product_tag?post=102674"}],"curies":[{"name":"wp","href":"https:\/\/api.w.org\/{rel}","templated":true}]}}