{"id":102672,"date":"2017-03-22T23:17:32","date_gmt":"2017-03-22T23:17:32","guid":{"rendered":"http:\/\/keramika.holest.com\/slovenija\/product\/senzorska-pipa-spot\/"},"modified":"2026-01-02T00:02:01","modified_gmt":"2026-01-02T00:02:01","slug":"senzorska-pipa-spot","status":"publish","type":"product","link":"https:\/\/www.keramika.com\/slovenija\/senzorska-pipa-spot\/","title":{"rendered":"Senzorska pipa Spot"},"content":{"rendered":"<p>Elektronska senzorska armatura Spot z baterijskim napajanjem<br \/>Koda izdelka : 5436371<br \/>Dimenzije : 50x140x130<br \/>Te\u017ea: 1,8 kg<br \/>Napajanje: 9V baterija<br \/>Vklop z rahlim dotikom, kar omogo\u010da enostavno uporabo tudi za otroke in osebe s posebnimi potrebami. Armatura nima zunanjih premi\u010dnih delov, kar mo\u010dno zmanj\u0161a mo\u017enost vandalskih posegov. Mo\u017enost prilagoditve trajanja iztoka vode, mo\u017enost pred\u010dasne prekinitve iztoka z dotikom.<br \/><a class=\"pdfcatal\" href=\"\/\/www.keramika.com\/pdf\/e-ceramica\/mixers.pdf\">Cenik in katalog za armature <\/a><\/p>\n<p><strong>Za veleprodajno ceno nas kontaktirajte na: <a href=\"mailto:keramoteka.salon@gmail.com\">keramoteka.salon@gmail.com<\/a><\/strong><\/p>\n<p>Technical description: Product ID: 5436371<a class=\"pdfcatal\" href=\"\/\/www.keramika.com\/pdf\/e-ceramica\/sanitary_ware_catalogue.pdf \">Sanitary Ware Catalogue <\/a><br \/><a class=\"pdfcatal\" href=\"\/\/www.keramika.com\/pdf\/e-ceramica\/handicaps_sanitary_ware_catalogue.pdf\">Handicaps Sanitary Ware Catalogue <\/a><br \/><a class=\"pdfcatal\" href=\"\/\/www.keramika.com\/pdf\/e-ceramica\/children's_sanitary_ware_catalogue.pdf\">Children&#8217;s Sanitary Ware Catalogue <\/a><br \/><a class=\"pdfcatal\" href=\"\/\/www.keramika.com\/pdf\/e-ceramica\/special_wash_basin_catalogue.pdf\">Special Wash Basin Catalogue <\/a><br \/><a class=\"pdfcatal\" href=\"\/\/www.keramika.com\/pdf\/e-ceramica\/shower_trays_catalogue.pdf\">Shower Trays Catalogue <\/a><br \/><a class=\"pdfcatal\" href=\"\/\/www.keramika.com\/pdf\/e-ceramica\/shower_doors&#038;cabins_catalogue.pdf\">Shower Doors&#038;Cabins Catalogue <\/a><br \/><a class=\"pdfcatal\" href=\"\/\/www.keramika.com\/pdf\/e-ceramica\/mixers.pdf\">Mixers <\/a><br \/><a class=\"pdfcatal\" href=\"\/\/www.keramika.com\/pdf\/e-ceramica\/bathroom_accessories_catalogue.pdf\">Bathroom Accessories Catalogue <\/a><br \/><a class=\"pdfcatal\" href=\"\/\/www.keramika.com\/pdf\/e-ceramica\/bathtubs_catalogue.pdf\">Bathtubs Catalogue <\/a><br \/><a class=\"pdfcatal\" href=\"\/\/www.keramika.com\/pdf\/e-ceramica\/hydromassage_catalogue.pdf\">Hydromassage Catalogue <\/a><br \/><a class=\"pdfcatal\" href=\"\/\/www.keramika.com\/pdf\/e-ceramica\/bathroom_furniture_catalogue.pdf\">Bathroom Furniture Catalogue<\/a><br \/><a class=\"pdfcatal\" href=\"\/\/www.keramika.com\/pdf\/e-ceramica\/inox_sanitary_ware.pdf\">Stainless steel sanitary ware catalogue <\/a><br ><\/p>\n","protected":false},"excerpt":{"rendered":"<p>Elektronska senzorska armatura Spot z baterijskim napajanjemKoda izdelka : 5436371Dimenzije : 50x140x130Te\u017ea: 1,8 kgNapajanje: 9V baterijaVklop z rahlim dotikom, kar omogo\u010da enostavno uporabo tudi za otroke in osebe s posebnimi potrebami. Armatura nima zunanjih premi\u010dnih delov, kar mo\u010dno zmanj\u0161a mo\u017enost vandalskih posegov. Mo\u017enost prilagoditve trajanja iztoka vode, mo\u017enost pred\u010dasne prekinitve iztoka z dotikom.Cenik in katalog [&hellip;]<\/p>\n","protected":false},"featured_media":102673,"template":"","meta":[],"product_cat":[600,640,500,610,999,9991580],"product_tag":[],"_links":{"self":[{"href":"https:\/\/www.keramika.com\/slovenija\/wp-json\/wp\/v2\/product\/102672"}],"collection":[{"href":"https:\/\/www.keramika.com\/slovenija\/wp-json\/wp\/v2\/product"}],"about":[{"href":"https:\/\/www.keramika.com\/slovenija\/wp-json\/wp\/v2\/types\/product"}],"wp:featuredmedia":[{"embeddable":true,"href":"https:\/\/www.keramika.com\/slovenija\/wp-json\/wp\/v2\/media\/102673"}],"wp:attachment":[{"href":"https:\/\/www.keramika.com\/slovenija\/wp-json\/wp\/v2\/media?parent=102672"}],"wp:term":[{"taxonomy":"product_cat","embeddable":true,"href":"https:\/\/www.keramika.com\/slovenija\/wp-json\/wp\/v2\/product_cat?post=102672"},{"taxonomy":"product_tag","embeddable":true,"href":"https:\/\/www.keramika.com\/slovenija\/wp-json\/wp\/v2\/product_tag?post=102672"}],"curies":[{"name":"wp","href":"https:\/\/api.w.org\/{rel}","templated":true}]}}