{"id":102664,"date":"2017-03-22T23:17:24","date_gmt":"2017-03-22T23:17:24","guid":{"rendered":"http:\/\/keramika.holest.com\/slovenija\/product\/senzorska-armatura-za-pisoar-unit\/"},"modified":"2026-01-02T00:02:00","modified_gmt":"2026-01-02T00:02:00","slug":"senzorska-armatura-za-pisoar-unit","status":"publish","type":"product","link":"https:\/\/www.keramika.com\/slovenija\/senzorska-armatura-za-pisoar-unit\/","title":{"rendered":"Senzorska armatura za pisoar Unit"},"content":{"rendered":"<p>Elektronska pipa za pisoar Unit z baterijo<br \/>Koda izdelka : 5410571<br \/>Dimenzije : 135x15x190<br \/>Te\u017ea: 1,1 kg<br \/>Material : inox<br \/>Napajanje: 9V baterija <br \/>Priporo\u010den pritisk vode 0,3-8,0 bar (4,0-116 PSI)<br \/>Pred nastavljen domet senzorja 55 cm, mo\u017enost regulacije. \u010cas izpiranja nastavljiv od 3 do 20 sekund. \u010ce obstaja mo\u017enost pritiska vode, ve\u010d kot 8 barov, je nujna uporaba reducirnega ventila za zmanj\u0161anje pritiska. <br \/>24 urno avtomatsko izpiranje \u2013 \u010de pisoar ni uporabljen, se izpiranje avtomatsko vklju\u010di vsakih 24 ur.<br \/>Poraba energije: 100mA<\/p>\n<p>Elektronska pipa za pisoar Unit s transformatorjem<br \/>Koda izdelka : 5410581<br \/>Dimenzije : 135x15x190<br \/>Te\u017ea: 1,3 kg<br \/>Material : inox<br \/>Napajanje: transformator<br \/>Cena: Po dogovoru <br \/><a class=\"pdfcatal\" href=\"\/\/www.keramika.com\/pdf\/e-ceramica\/mixers.pdf\">Cenik in katalog za armature <\/a><\/p>\n<p><strong>Za veleprodajno ceno nas kontaktirajte na: <a href=\"mailto:keramoteka.salon@gmail.com\">keramoteka.salon@gmail.com<\/a><\/strong><\/p>\n<p>Technical description: Product ID: 5410571<a class=\"pdfcatal\" href=\"\/\/www.keramika.com\/pdf\/e-ceramica\/sanitary_ware_catalogue.pdf \">Sanitary Ware Catalogue <\/a><br \/><a class=\"pdfcatal\" href=\"\/\/www.keramika.com\/pdf\/e-ceramica\/handicaps_sanitary_ware_catalogue.pdf\">Handicaps Sanitary Ware Catalogue <\/a><br \/><a class=\"pdfcatal\" href=\"\/\/www.keramika.com\/pdf\/e-ceramica\/children's_sanitary_ware_catalogue.pdf\">Children&#8217;s Sanitary Ware Catalogue <\/a><br \/><a class=\"pdfcatal\" href=\"\/\/www.keramika.com\/pdf\/e-ceramica\/special_wash_basin_catalogue.pdf\">Special Wash Basin Catalogue <\/a><br \/><a class=\"pdfcatal\" href=\"\/\/www.keramika.com\/pdf\/e-ceramica\/shower_trays_catalogue.pdf\">Shower Trays Catalogue <\/a><br \/><a class=\"pdfcatal\" href=\"\/\/www.keramika.com\/pdf\/e-ceramica\/shower_doors&#038;cabins_catalogue.pdf\">Shower Doors&#038;Cabins Catalogue <\/a><br \/><a class=\"pdfcatal\" href=\"\/\/www.keramika.com\/pdf\/e-ceramica\/mixers.pdf\">Mixers <\/a><br \/><a class=\"pdfcatal\" href=\"\/\/www.keramika.com\/pdf\/e-ceramica\/bathroom_accessories_catalogue.pdf\">Bathroom Accessories Catalogue <\/a><br \/><a class=\"pdfcatal\" href=\"\/\/www.keramika.com\/pdf\/e-ceramica\/bathtubs_catalogue.pdf\">Bathtubs Catalogue <\/a><br \/><a class=\"pdfcatal\" href=\"\/\/www.keramika.com\/pdf\/e-ceramica\/hydromassage_catalogue.pdf\">Hydromassage Catalogue <\/a><br \/><a class=\"pdfcatal\" href=\"\/\/www.keramika.com\/pdf\/e-ceramica\/bathroom_furniture_catalogue.pdf\">Bathroom Furniture Catalogue<\/a><br \/><a class=\"pdfcatal\" href=\"\/\/www.keramika.com\/pdf\/e-ceramica\/inox_sanitary_ware.pdf\">Stainless steel sanitary ware catalogue <\/a><br ><\/p>\n","protected":false},"excerpt":{"rendered":"<p>Elektronska pipa za pisoar Unit z baterijoKoda izdelka : 5410571Dimenzije : 135x15x190Te\u017ea: 1,1 kgMaterial : inoxNapajanje: 9V baterija Priporo\u010den pritisk vode 0,3-8,0 bar (4,0-116 PSI)Pred nastavljen domet senzorja 55 cm, mo\u017enost regulacije. \u010cas izpiranja nastavljiv od 3 do 20 sekund. \u010ce obstaja mo\u017enost pritiska vode, ve\u010d kot 8 barov, je nujna uporaba reducirnega ventila za [&hellip;]<\/p>\n","protected":false},"featured_media":102665,"template":"","meta":[],"product_cat":[600,640,620,999,9991580],"product_tag":[],"_links":{"self":[{"href":"https:\/\/www.keramika.com\/slovenija\/wp-json\/wp\/v2\/product\/102664"}],"collection":[{"href":"https:\/\/www.keramika.com\/slovenija\/wp-json\/wp\/v2\/product"}],"about":[{"href":"https:\/\/www.keramika.com\/slovenija\/wp-json\/wp\/v2\/types\/product"}],"wp:featuredmedia":[{"embeddable":true,"href":"https:\/\/www.keramika.com\/slovenija\/wp-json\/wp\/v2\/media\/102665"}],"wp:attachment":[{"href":"https:\/\/www.keramika.com\/slovenija\/wp-json\/wp\/v2\/media?parent=102664"}],"wp:term":[{"taxonomy":"product_cat","embeddable":true,"href":"https:\/\/www.keramika.com\/slovenija\/wp-json\/wp\/v2\/product_cat?post=102664"},{"taxonomy":"product_tag","embeddable":true,"href":"https:\/\/www.keramika.com\/slovenija\/wp-json\/wp\/v2\/product_tag?post=102664"}],"curies":[{"name":"wp","href":"https:\/\/api.w.org\/{rel}","templated":true}]}}