{"id":102662,"date":"2017-03-22T23:17:22","date_gmt":"2017-03-22T23:17:22","guid":{"rendered":"http:\/\/keramika.holest.com\/slovenija\/product\/elektronska-senzorska-armatura-hera\/"},"modified":"2026-01-02T00:02:00","modified_gmt":"2026-01-02T00:02:00","slug":"elektronska-senzorska-armatura-hera","status":"publish","type":"product","link":"https:\/\/www.keramika.com\/slovenija\/elektronska-senzorska-armatura-hera\/","title":{"rendered":"Elektronska senzorska armatura Hera"},"content":{"rendered":"<p>Elektronska senzorska pipa Hera z baterijo za umivalnik<br \/>za hladno vodo ali predhodno me\u0161ano toplo vodo<br \/>Koda izdelka : 5406371<br \/>Dimenzije : 65x160x175<br \/>Te\u017ea: 2,7 kg<br \/>Material : medenina<br \/>Povr\u0161inska za\u0161\u010dita : krom<br \/>Napajanje: 9V baterija <br \/>Priporo\u010den pritisk vode 0,5-8,0 bar (7,0-116 PSI)<br \/>Maksimalna temperatura tople vode: 70 \u00b0 C<br \/>Pred nastavitev senzorja je na 220 mm. Minimalno podro\u010dje delovanja 80 mm. Maksimalno podro\u010dje delovanja 300 mm. Vmesne stopnje se poljubno nastavljajo.<br \/>Varnostni na\u010din : \u010ce senzor ne zazna gibanja ve\u010d kot 90 sekund, se vodni tok samodejno prekine<br \/>\u010ce obstaja mo\u017enost pritiska vode, ve\u010d kot 8 barov, je nujna uporaba reducirnega ventila za zmanj\u0161anje pritiska.<br \/>Poraba energije: 100mA<br \/><a class=\"pdfcatal\" href=\"\/\/www.keramika.com\/pdf\/e-ceramica\/mixers.pdf\">Cenik in katalog za armature <\/a><\/p>\n<p><strong>Za veleprodajno ceno nas kontaktirajte na: <a href=\"mailto:keramoteka.salon@gmail.com\">keramoteka.salon@gmail.com<\/a><\/strong><\/p>\n<p>Technical description: Product ID: 5406371<a class=\"pdfcatal\" href=\"\/\/www.keramika.com\/pdf\/e-ceramica\/sanitary_ware_catalogue.pdf \">Sanitary Ware Catalogue <\/a><br \/><a class=\"pdfcatal\" href=\"\/\/www.keramika.com\/pdf\/e-ceramica\/handicaps_sanitary_ware_catalogue.pdf\">Handicaps Sanitary Ware Catalogue <\/a><br \/><a class=\"pdfcatal\" href=\"\/\/www.keramika.com\/pdf\/e-ceramica\/children's_sanitary_ware_catalogue.pdf\">Children&#8217;s Sanitary Ware Catalogue <\/a><br \/><a class=\"pdfcatal\" href=\"\/\/www.keramika.com\/pdf\/e-ceramica\/special_wash_basin_catalogue.pdf\">Special Wash Basin Catalogue <\/a><br \/><a class=\"pdfcatal\" href=\"\/\/www.keramika.com\/pdf\/e-ceramica\/shower_trays_catalogue.pdf\">Shower Trays Catalogue <\/a><br \/><a class=\"pdfcatal\" href=\"\/\/www.keramika.com\/pdf\/e-ceramica\/shower_doors&#038;cabins_catalogue.pdf\">Shower Doors&#038;Cabins Catalogue <\/a><br \/><a class=\"pdfcatal\" href=\"\/\/www.keramika.com\/pdf\/e-ceramica\/mixers.pdf\">Mixers <\/a><br \/><a class=\"pdfcatal\" href=\"\/\/www.keramika.com\/pdf\/e-ceramica\/bathroom_accessories_catalogue.pdf\">Bathroom Accessories Catalogue <\/a><br \/><a class=\"pdfcatal\" href=\"\/\/www.keramika.com\/pdf\/e-ceramica\/bathtubs_catalogue.pdf\">Bathtubs Catalogue <\/a><br \/><a class=\"pdfcatal\" href=\"\/\/www.keramika.com\/pdf\/e-ceramica\/hydromassage_catalogue.pdf\">Hydromassage Catalogue <\/a><br \/><a class=\"pdfcatal\" href=\"\/\/www.keramika.com\/pdf\/e-ceramica\/bathroom_furniture_catalogue.pdf\">Bathroom Furniture Catalogue<\/a><br \/><a class=\"pdfcatal\" href=\"\/\/www.keramika.com\/pdf\/e-ceramica\/inox_sanitary_ware.pdf\">Stainless steel sanitary ware catalogue <\/a><br ><\/p>\n","protected":false},"excerpt":{"rendered":"<p>Elektronska senzorska pipa Hera z baterijo za umivalnikza hladno vodo ali predhodno me\u0161ano toplo vodoKoda izdelka : 5406371Dimenzije : 65x160x175Te\u017ea: 2,7 kgMaterial : medeninaPovr\u0161inska za\u0161\u010dita : kromNapajanje: 9V baterija Priporo\u010den pritisk vode 0,5-8,0 bar (7,0-116 PSI)Maksimalna temperatura tople vode: 70 \u00b0 CPred nastavitev senzorja je na 220 mm. Minimalno podro\u010dje delovanja 80 mm. Maksimalno podro\u010dje [&hellip;]<\/p>\n","protected":false},"featured_media":102663,"template":"","meta":[],"product_cat":[600,640,500,610,999,9991580],"product_tag":[],"_links":{"self":[{"href":"https:\/\/www.keramika.com\/slovenija\/wp-json\/wp\/v2\/product\/102662"}],"collection":[{"href":"https:\/\/www.keramika.com\/slovenija\/wp-json\/wp\/v2\/product"}],"about":[{"href":"https:\/\/www.keramika.com\/slovenija\/wp-json\/wp\/v2\/types\/product"}],"wp:featuredmedia":[{"embeddable":true,"href":"https:\/\/www.keramika.com\/slovenija\/wp-json\/wp\/v2\/media\/102663"}],"wp:attachment":[{"href":"https:\/\/www.keramika.com\/slovenija\/wp-json\/wp\/v2\/media?parent=102662"}],"wp:term":[{"taxonomy":"product_cat","embeddable":true,"href":"https:\/\/www.keramika.com\/slovenija\/wp-json\/wp\/v2\/product_cat?post=102662"},{"taxonomy":"product_tag","embeddable":true,"href":"https:\/\/www.keramika.com\/slovenija\/wp-json\/wp\/v2\/product_tag?post=102662"}],"curies":[{"name":"wp","href":"https:\/\/api.w.org\/{rel}","templated":true}]}}