{"id":102648,"date":"2017-07-29T23:17:09","date_gmt":"2017-07-29T23:17:09","guid":{"rendered":"http:\/\/keramika.holest.com\/slovenija\/product\/mesalna-beterija-za-tus-aple\/"},"modified":"2019-06-03T07:24:06","modified_gmt":"2019-06-03T07:24:06","slug":"sodelujte-z-nami","status":"publish","type":"product","link":"https:\/\/www.keramika.com\/slovenija\/sodelujte-z-nami\/","title":{"rendered":"Sodelujte z nami"},"content":{"rendered":"<p>Dobrodo\u0161li v oddelku za delo z nami e-Ceramica.<br \/>\nNenehno i\u0161\u010demo lokalne agente ali prodajalce. Upravi\u010deni so tako posamezniki kot podjetja.<br \/>\nEdina zahteva je, prodaja.<br \/>\nPo\u0161ljite nam svoje predloge na <em><strong><a href=\"mailto:keramoteka.salon@gmail.com\">kontaktno po\u0161to.<\/a><\/strong><\/em><\/p>\n<p>&nbsp;<\/p>\n<p>\u0160ifra izdelka: 6266<\/p>\n","protected":false},"excerpt":{"rendered":"<p>Dobrodo\u0161li v oddelku za delo z nami e-Ceramica. Nenehno i\u0161\u010demo lokalne agente ali prodajalce. Upravi\u010deni so tako posamezniki kot podjetja. Edina zahteva je, prodaja. Po\u0161ljite nam svoje predloge na kontaktno po\u0161to. &nbsp; \u0160ifra izdelka: 6266<\/p>\n","protected":false},"featured_media":112178,"template":"","meta":[],"product_cat":[9991,999],"product_tag":[],"_links":{"self":[{"href":"https:\/\/www.keramika.com\/slovenija\/wp-json\/wp\/v2\/product\/102648"}],"collection":[{"href":"https:\/\/www.keramika.com\/slovenija\/wp-json\/wp\/v2\/product"}],"about":[{"href":"https:\/\/www.keramika.com\/slovenija\/wp-json\/wp\/v2\/types\/product"}],"wp:featuredmedia":[{"embeddable":true,"href":"https:\/\/www.keramika.com\/slovenija\/wp-json\/wp\/v2\/media\/112178"}],"wp:attachment":[{"href":"https:\/\/www.keramika.com\/slovenija\/wp-json\/wp\/v2\/media?parent=102648"}],"wp:term":[{"taxonomy":"product_cat","embeddable":true,"href":"https:\/\/www.keramika.com\/slovenija\/wp-json\/wp\/v2\/product_cat?post=102648"},{"taxonomy":"product_tag","embeddable":true,"href":"https:\/\/www.keramika.com\/slovenija\/wp-json\/wp\/v2\/product_tag?post=102648"}],"curies":[{"name":"wp","href":"https:\/\/api.w.org\/{rel}","templated":true}]}}