{"id":102616,"date":"2017-03-22T23:16:39","date_gmt":"2017-03-22T23:16:39","guid":{"rendered":"http:\/\/keramika.holest.com\/slovenija\/product\/kopalniska-armatura-easy\/"},"modified":"2026-01-02T00:01:55","modified_gmt":"2026-01-02T00:01:55","slug":"kopalniska-armatura-easy","status":"publish","type":"product","link":"https:\/\/www.keramika.com\/slovenija\/kopalniska-armatura-easy\/","title":{"rendered":"Kopalni\u0161ka armatura Easy"},"content":{"rendered":"<p>Kopalni\u0161ka armatura Easy<br \/>Za umivalnik, vklju\u010duje mehanizem za odtok<br \/>Koda izdelka : 5360300<br \/>Material : Medenina, kromirano<br \/>Dimenzije : 50x142x120<br \/>Te\u017ea:  1,46 kg <\/p>\n<p>Kopalni\u0161ka armatura Easy<br \/>Za umivalnik, brez mehanizma za odtok<br \/>Koda izdelka : 5360301<br \/>Material : Medenina, kromirano<br \/>Dimenzije : 50x142x120<br \/>Te\u017ea:  1,46 kg Cena: Po dogovoru <br \/><a class=\"pdfcatal\" href=\"\/\/www.keramika.com\/pdf\/e-ceramica\/mixers.pdf\">Cenik in katalog za armature <\/a><\/p>\n<p><strong>Za veleprodajno ceno nas kontaktirajte na: <a href=\"mailto:keramoteka.salon@gmail.com\">keramoteka.salon@gmail.com<\/a><\/strong><\/p>\n<p>Technical description: Product ID: 5360300<a class=\"pdfcatal\" href=\"\/\/www.keramika.com\/pdf\/e-ceramica\/sanitary_ware_catalogue.pdf \">Sanitary Ware Catalogue <\/a><br \/><a class=\"pdfcatal\" href=\"\/\/www.keramika.com\/pdf\/e-ceramica\/handicaps_sanitary_ware_catalogue.pdf\">Handicaps Sanitary Ware Catalogue <\/a><br \/><a class=\"pdfcatal\" href=\"\/\/www.keramika.com\/pdf\/e-ceramica\/children's_sanitary_ware_catalogue.pdf\">Children&#8217;s Sanitary Ware Catalogue <\/a><br \/><a class=\"pdfcatal\" href=\"\/\/www.keramika.com\/pdf\/e-ceramica\/special_wash_basin_catalogue.pdf\">Special Wash Basin Catalogue <\/a><br \/><a class=\"pdfcatal\" href=\"\/\/www.keramika.com\/pdf\/e-ceramica\/shower_trays_catalogue.pdf\">Shower Trays Catalogue <\/a><br \/><a class=\"pdfcatal\" href=\"\/\/www.keramika.com\/pdf\/e-ceramica\/shower_doors&#038;cabins_catalogue.pdf\">Shower Doors&#038;Cabins Catalogue <\/a><br \/><a class=\"pdfcatal\" href=\"\/\/www.keramika.com\/pdf\/e-ceramica\/mixers.pdf\">Mixers <\/a><br \/><a class=\"pdfcatal\" href=\"\/\/www.keramika.com\/pdf\/e-ceramica\/bathroom_accessories_catalogue.pdf\">Bathroom Accessories Catalogue <\/a><br \/><a class=\"pdfcatal\" href=\"\/\/www.keramika.com\/pdf\/e-ceramica\/bathtubs_catalogue.pdf\">Bathtubs Catalogue <\/a><br \/><a class=\"pdfcatal\" href=\"\/\/www.keramika.com\/pdf\/e-ceramica\/hydromassage_catalogue.pdf\">Hydromassage Catalogue <\/a><br \/><a class=\"pdfcatal\" href=\"\/\/www.keramika.com\/pdf\/e-ceramica\/bathroom_furniture_catalogue.pdf\">Bathroom Furniture Catalogue<\/a><br \/><a class=\"pdfcatal\" href=\"\/\/www.keramika.com\/pdf\/e-ceramica\/inox_sanitary_ware.pdf\">Stainless steel sanitary ware catalogue <\/a><br ><\/p>\n","protected":false},"excerpt":{"rendered":"<p>Kopalni\u0161ka armatura EasyZa umivalnik, vklju\u010duje mehanizem za odtokKoda izdelka : 5360300Material : Medenina, kromiranoDimenzije : 50x142x120Te\u017ea: 1,46 kg Kopalni\u0161ka armatura EasyZa umivalnik, brez mehanizma za odtokKoda izdelka : 5360301Material : Medenina, kromiranoDimenzije : 50x142x120Te\u017ea: 1,46 kg Cena: Po dogovoru Cenik in katalog za armature Za veleprodajno ceno nas kontaktirajte na: keramoteka.salon@gmail.com Technical description: Product ID: [&hellip;]<\/p>\n","protected":false},"featured_media":102617,"template":"","meta":[],"product_cat":[600,560,500,610,999,9991580],"product_tag":[],"_links":{"self":[{"href":"https:\/\/www.keramika.com\/slovenija\/wp-json\/wp\/v2\/product\/102616"}],"collection":[{"href":"https:\/\/www.keramika.com\/slovenija\/wp-json\/wp\/v2\/product"}],"about":[{"href":"https:\/\/www.keramika.com\/slovenija\/wp-json\/wp\/v2\/types\/product"}],"wp:featuredmedia":[{"embeddable":true,"href":"https:\/\/www.keramika.com\/slovenija\/wp-json\/wp\/v2\/media\/102617"}],"wp:attachment":[{"href":"https:\/\/www.keramika.com\/slovenija\/wp-json\/wp\/v2\/media?parent=102616"}],"wp:term":[{"taxonomy":"product_cat","embeddable":true,"href":"https:\/\/www.keramika.com\/slovenija\/wp-json\/wp\/v2\/product_cat?post=102616"},{"taxonomy":"product_tag","embeddable":true,"href":"https:\/\/www.keramika.com\/slovenija\/wp-json\/wp\/v2\/product_tag?post=102616"}],"curies":[{"name":"wp","href":"https:\/\/api.w.org\/{rel}","templated":true}]}}