{"id":102608,"date":"2017-03-22T23:16:31","date_gmt":"2017-03-22T23:16:31","guid":{"rendered":"http:\/\/keramika.holest.com\/slovenija\/product\/armatura-t-za-bide\/"},"modified":"2026-01-02T00:01:54","modified_gmt":"2026-01-02T00:01:54","slug":"armatura-t-za-bide","status":"publish","type":"product","link":"https:\/\/www.keramika.com\/slovenija\/armatura-t-za-bide\/","title":{"rendered":"Armatura T za bide"},"content":{"rendered":"<p>Pipe Serie T za bide<br \/>Vklju\u010duje povle\u010dni \u010dep za odtok<br \/>Koda izdelka : 5350400<br \/>Material : Medenina, povr\u0161inska obdelava  krom<br \/>Dimenzije : 45x195x180<br \/>Te\u017ea:  2,3 kg <br \/><a class=\"pdfcatal\" href=\"\/\/www.keramika.com\/pdf\/e-ceramica\/mixers.pdf\">Cenik in katalog za armature <\/a><\/p>\n<p><strong>Za veleprodajno ceno nas kontaktirajte na: <a href=\"mailto:keramoteka.salon@gmail.com\">keramoteka.salon@gmail.com<\/a><\/strong><\/p>\n<p>Technical description: Product ID: 5350400<a class=\"pdfcatal\" href=\"\/\/www.keramika.com\/pdf\/e-ceramica\/sanitary_ware_catalogue.pdf \">Sanitary Ware Catalogue <\/a><br \/><a class=\"pdfcatal\" href=\"\/\/www.keramika.com\/pdf\/e-ceramica\/handicaps_sanitary_ware_catalogue.pdf\">Handicaps Sanitary Ware Catalogue <\/a><br \/><a class=\"pdfcatal\" href=\"\/\/www.keramika.com\/pdf\/e-ceramica\/children's_sanitary_ware_catalogue.pdf\">Children&#8217;s Sanitary Ware Catalogue <\/a><br \/><a class=\"pdfcatal\" href=\"\/\/www.keramika.com\/pdf\/e-ceramica\/special_wash_basin_catalogue.pdf\">Special Wash Basin Catalogue <\/a><br \/><a class=\"pdfcatal\" href=\"\/\/www.keramika.com\/pdf\/e-ceramica\/shower_trays_catalogue.pdf\">Shower Trays Catalogue <\/a><br \/><a class=\"pdfcatal\" href=\"\/\/www.keramika.com\/pdf\/e-ceramica\/shower_doors&#038;cabins_catalogue.pdf\">Shower Doors&#038;Cabins Catalogue <\/a><br \/><a class=\"pdfcatal\" href=\"\/\/www.keramika.com\/pdf\/e-ceramica\/mixers.pdf\">Mixers <\/a><br \/><a class=\"pdfcatal\" href=\"\/\/www.keramika.com\/pdf\/e-ceramica\/bathroom_accessories_catalogue.pdf\">Bathroom Accessories Catalogue <\/a><br \/><a class=\"pdfcatal\" href=\"\/\/www.keramika.com\/pdf\/e-ceramica\/bathtubs_catalogue.pdf\">Bathtubs Catalogue <\/a><br \/><a class=\"pdfcatal\" href=\"\/\/www.keramika.com\/pdf\/e-ceramica\/hydromassage_catalogue.pdf\">Hydromassage Catalogue <\/a><br \/><a class=\"pdfcatal\" href=\"\/\/www.keramika.com\/pdf\/e-ceramica\/bathroom_furniture_catalogue.pdf\">Bathroom Furniture Catalogue<\/a><br \/><a class=\"pdfcatal\" href=\"\/\/www.keramika.com\/pdf\/e-ceramica\/inox_sanitary_ware.pdf\">Stainless steel sanitary ware catalogue <\/a><br ><\/p>\n","protected":false},"excerpt":{"rendered":"<p>Pipe Serie T za bideVklju\u010duje povle\u010dni \u010dep za odtokKoda izdelka : 5350400Material : Medenina, povr\u0161inska obdelava kromDimenzije : 45x195x180Te\u017ea: 2,3 kg Cenik in katalog za armature Za veleprodajno ceno nas kontaktirajte na: keramoteka.salon@gmail.com Technical description: Product ID: 5350400Sanitary Ware Catalogue Handicaps Sanitary Ware Catalogue Children&#8217;s Sanitary Ware Catalogue Special Wash Basin Catalogue Shower Trays Catalogue [&hellip;]<\/p>\n","protected":false},"featured_media":102609,"template":"","meta":[],"product_cat":[600,560,500,610,999,9991580],"product_tag":[],"_links":{"self":[{"href":"https:\/\/www.keramika.com\/slovenija\/wp-json\/wp\/v2\/product\/102608"}],"collection":[{"href":"https:\/\/www.keramika.com\/slovenija\/wp-json\/wp\/v2\/product"}],"about":[{"href":"https:\/\/www.keramika.com\/slovenija\/wp-json\/wp\/v2\/types\/product"}],"wp:featuredmedia":[{"embeddable":true,"href":"https:\/\/www.keramika.com\/slovenija\/wp-json\/wp\/v2\/media\/102609"}],"wp:attachment":[{"href":"https:\/\/www.keramika.com\/slovenija\/wp-json\/wp\/v2\/media?parent=102608"}],"wp:term":[{"taxonomy":"product_cat","embeddable":true,"href":"https:\/\/www.keramika.com\/slovenija\/wp-json\/wp\/v2\/product_cat?post=102608"},{"taxonomy":"product_tag","embeddable":true,"href":"https:\/\/www.keramika.com\/slovenija\/wp-json\/wp\/v2\/product_tag?post=102608"}],"curies":[{"name":"wp","href":"https:\/\/api.w.org\/{rel}","templated":true}]}}