{"id":102542,"date":"2017-03-22T23:15:25","date_gmt":"2017-03-22T23:15:25","guid":{"rendered":"http:\/\/keramika.holest.com\/slovenija\/product\/armatura-za-tus-rimini\/"},"modified":"2026-01-02T00:01:46","modified_gmt":"2026-01-02T00:01:46","slug":"armatura-za-tus-rimini","status":"publish","type":"product","link":"https:\/\/www.keramika.com\/slovenija\/armatura-za-tus-rimini\/","title":{"rendered":"Armatura za tu\u0161 Rimini"},"content":{"rendered":"<p>Pipa Rimini za tu\u0161<br \/>Za monta\u017eo na steno, z ro\u010dico za tu\u0161 Grecia in gibljivo cevjo.<br \/>Koda izdelka : 5180761<br \/>Material : Medenina, povr\u0161inska obdelava krom<br \/>Dimenzije : 220x130x70<br \/>Te\u017ea:  2,0 kg <br \/>Posami\u010dno pakiranje v kartonsko embala\u017eo.<br \/>Armatura Rimini <br \/>Za monta\u017eo na pult ali umivalnik s tremi odprtinami.<br \/>Koda izdelka : 5181360<br \/>Material : Medenina, povr\u0161inska obdelava krom<br \/>Dimenzije : 265x205x295<br \/>Te\u017ea:  3,0 kg <br \/>Posami\u010dno pakiranje v kartonsko embala\u017eo.<br \/><a class=\"pdfcatal\" href=\"\/\/www.keramika.com\/pdf\/e-ceramica\/mixers.pdf\">Cenik in katalog za armature <\/a><\/p>\n<p><strong>Za veleprodajno ceno nas kontaktirajte na: <a href=\"mailto:keramoteka.salon@gmail.com\">keramoteka.salon@gmail.com<\/a><\/strong><\/p>\n<p>Technical description: Product ID: 5180761<a class=\"pdfcatal\" href=\"\/\/www.keramika.com\/pdf\/e-ceramica\/sanitary_ware_catalogue.pdf \">Sanitary Ware Catalogue <\/a><br \/><a class=\"pdfcatal\" href=\"\/\/www.keramika.com\/pdf\/e-ceramica\/handicaps_sanitary_ware_catalogue.pdf\">Handicaps Sanitary Ware Catalogue <\/a><br \/><a class=\"pdfcatal\" href=\"\/\/www.keramika.com\/pdf\/e-ceramica\/children's_sanitary_ware_catalogue.pdf\">Children&#8217;s Sanitary Ware Catalogue <\/a><br \/><a class=\"pdfcatal\" href=\"\/\/www.keramika.com\/pdf\/e-ceramica\/special_wash_basin_catalogue.pdf\">Special Wash Basin Catalogue <\/a><br \/><a class=\"pdfcatal\" href=\"\/\/www.keramika.com\/pdf\/e-ceramica\/shower_trays_catalogue.pdf\">Shower Trays Catalogue <\/a><br \/><a class=\"pdfcatal\" href=\"\/\/www.keramika.com\/pdf\/e-ceramica\/shower_doors&#038;cabins_catalogue.pdf\">Shower Doors&#038;Cabins Catalogue <\/a><br \/><a class=\"pdfcatal\" href=\"\/\/www.keramika.com\/pdf\/e-ceramica\/mixers.pdf\">Mixers <\/a><br \/><a class=\"pdfcatal\" href=\"\/\/www.keramika.com\/pdf\/e-ceramica\/bathroom_accessories_catalogue.pdf\">Bathroom Accessories Catalogue <\/a><br \/><a class=\"pdfcatal\" href=\"\/\/www.keramika.com\/pdf\/e-ceramica\/bathtubs_catalogue.pdf\">Bathtubs Catalogue <\/a><br \/><a class=\"pdfcatal\" href=\"\/\/www.keramika.com\/pdf\/e-ceramica\/hydromassage_catalogue.pdf\">Hydromassage Catalogue <\/a><br \/><a class=\"pdfcatal\" href=\"\/\/www.keramika.com\/pdf\/e-ceramica\/bathroom_furniture_catalogue.pdf\">Bathroom Furniture Catalogue<\/a><br \/><a class=\"pdfcatal\" href=\"\/\/www.keramika.com\/pdf\/e-ceramica\/inox_sanitary_ware.pdf\">Stainless steel sanitary ware catalogue <\/a><br ><\/p>\n","protected":false},"excerpt":{"rendered":"<p>Pipa Rimini za tu\u0161Za monta\u017eo na steno, z ro\u010dico za tu\u0161 Grecia in gibljivo cevjo.Koda izdelka : 5180761Material : Medenina, povr\u0161inska obdelava kromDimenzije : 220x130x70Te\u017ea: 2,0 kg Posami\u010dno pakiranje v kartonsko embala\u017eo.Armatura Rimini Za monta\u017eo na pult ali umivalnik s tremi odprtinami.Koda izdelka : 5181360Material : Medenina, povr\u0161inska obdelava kromDimenzije : 265x205x295Te\u017ea: 3,0 kg Posami\u010dno [&hellip;]<\/p>\n","protected":false},"featured_media":102543,"template":"","meta":[],"product_cat":[600,500,610,999,9991580],"product_tag":[],"_links":{"self":[{"href":"https:\/\/www.keramika.com\/slovenija\/wp-json\/wp\/v2\/product\/102542"}],"collection":[{"href":"https:\/\/www.keramika.com\/slovenija\/wp-json\/wp\/v2\/product"}],"about":[{"href":"https:\/\/www.keramika.com\/slovenija\/wp-json\/wp\/v2\/types\/product"}],"wp:featuredmedia":[{"embeddable":true,"href":"https:\/\/www.keramika.com\/slovenija\/wp-json\/wp\/v2\/media\/102543"}],"wp:attachment":[{"href":"https:\/\/www.keramika.com\/slovenija\/wp-json\/wp\/v2\/media?parent=102542"}],"wp:term":[{"taxonomy":"product_cat","embeddable":true,"href":"https:\/\/www.keramika.com\/slovenija\/wp-json\/wp\/v2\/product_cat?post=102542"},{"taxonomy":"product_tag","embeddable":true,"href":"https:\/\/www.keramika.com\/slovenija\/wp-json\/wp\/v2\/product_tag?post=102542"}],"curies":[{"name":"wp","href":"https:\/\/api.w.org\/{rel}","templated":true}]}}