{"id":102532,"date":"2017-03-22T23:15:17","date_gmt":"2017-03-22T23:15:17","guid":{"rendered":"http:\/\/keramika.holest.com\/slovenija\/product\/elektronski-senzorski-izplakovalnik-za-pisoar\/"},"modified":"2026-01-02T00:01:44","modified_gmt":"2026-01-02T00:01:44","slug":"elektronski-senzorski-izplakovalnik-za-pisoar","status":"publish","type":"product","link":"https:\/\/www.keramika.com\/slovenija\/elektronski-senzorski-izplakovalnik-za-pisoar\/","title":{"rendered":"Elektronski senzorski izplakovalnik za pisoar"},"content":{"rendered":"<p>Elektronski senzorski izplakovalnik Plan<br \/>Za pisoar.  Baterijsko napajanje<br \/>Koda izdelka : 512057113<br \/>Dimenzije : 170x170x12<br \/>Barva : krom satinirano<br \/>Napajanje: 9V baterija <br \/>Priporo\u010den pritisk vode 0,5 &#8211; 8,0 bar (7,0-116 PSI)<br \/>Nastavljiv radij senzorja 300 \u2013 700 mm, tovarni\u0161ka nastavitev 600 mm. Funkcije ( \u010dasovni varnosti izklop, izklop glede na prisotnost\/odsotnost roke, podro\u010dje delovanja senzorja\u2026.) nastavljive z daljinskim upravljalcem. Nastavitev trajanja izpusta vode 3 \u2013 20 sekund, tovarni\u0161ka nastavitev 6 sekund. Avtomatsko izplakovanje na 24 ur, \u010de ni v uporabi, zaradi vzdr\u017eevanja higiene. Idikator mo\u010di baterije.<br \/>Poraba energije: 100 mA<br \/><a class=\"pdfcatal\" href=\"\/\/www.keramika.com\/pdf\/e-ceramica\/mixers.pdf\">Cenik in katalog za armature <\/a><\/p>\n<p><strong>Za veleprodajno ceno nas kontaktirajte na: <a href=\"mailto:keramoteka.salon@gmail.com\">keramoteka.salon@gmail.com<\/a><\/strong><\/p>\n<p>Technical description: Product ID: 512057113<a class=\"pdfcatal\" href=\"\/\/www.keramika.com\/pdf\/e-ceramica\/sanitary_ware_catalogue.pdf \">Sanitary Ware Catalogue <\/a><br \/><a class=\"pdfcatal\" href=\"\/\/www.keramika.com\/pdf\/e-ceramica\/handicaps_sanitary_ware_catalogue.pdf\">Handicaps Sanitary Ware Catalogue <\/a><br \/><a class=\"pdfcatal\" href=\"\/\/www.keramika.com\/pdf\/e-ceramica\/children's_sanitary_ware_catalogue.pdf\">Children&#8217;s Sanitary Ware Catalogue <\/a><br \/><a class=\"pdfcatal\" href=\"\/\/www.keramika.com\/pdf\/e-ceramica\/special_wash_basin_catalogue.pdf\">Special Wash Basin Catalogue <\/a><br \/><a class=\"pdfcatal\" href=\"\/\/www.keramika.com\/pdf\/e-ceramica\/shower_trays_catalogue.pdf\">Shower Trays Catalogue <\/a><br \/><a class=\"pdfcatal\" href=\"\/\/www.keramika.com\/pdf\/e-ceramica\/shower_doors&#038;cabins_catalogue.pdf\">Shower Doors&#038;Cabins Catalogue <\/a><br \/><a class=\"pdfcatal\" href=\"\/\/www.keramika.com\/pdf\/e-ceramica\/mixers.pdf\">Mixers <\/a><br \/><a class=\"pdfcatal\" href=\"\/\/www.keramika.com\/pdf\/e-ceramica\/bathroom_accessories_catalogue.pdf\">Bathroom Accessories Catalogue <\/a><br \/><a class=\"pdfcatal\" href=\"\/\/www.keramika.com\/pdf\/e-ceramica\/bathtubs_catalogue.pdf\">Bathtubs Catalogue <\/a><br \/><a class=\"pdfcatal\" href=\"\/\/www.keramika.com\/pdf\/e-ceramica\/hydromassage_catalogue.pdf\">Hydromassage Catalogue <\/a><br \/><a class=\"pdfcatal\" href=\"\/\/www.keramika.com\/pdf\/e-ceramica\/bathroom_furniture_catalogue.pdf\">Bathroom Furniture Catalogue<\/a><br \/><a class=\"pdfcatal\" href=\"\/\/www.keramika.com\/pdf\/e-ceramica\/inox_sanitary_ware.pdf\">Stainless steel sanitary ware catalogue <\/a><br ><\/p>\n","protected":false},"excerpt":{"rendered":"<p>Elektronski senzorski izplakovalnik PlanZa pisoar. Baterijsko napajanjeKoda izdelka : 512057113Dimenzije : 170x170x12Barva : krom satiniranoNapajanje: 9V baterija Priporo\u010den pritisk vode 0,5 &#8211; 8,0 bar (7,0-116 PSI)Nastavljiv radij senzorja 300 \u2013 700 mm, tovarni\u0161ka nastavitev 600 mm. Funkcije ( \u010dasovni varnosti izklop, izklop glede na prisotnost\/odsotnost roke, podro\u010dje delovanja senzorja\u2026.) nastavljive z daljinskim upravljalcem. Nastavitev trajanja [&hellip;]<\/p>\n","protected":false},"featured_media":102533,"template":"","meta":[],"product_cat":[600,640,500,610,999,9991580],"product_tag":[],"_links":{"self":[{"href":"https:\/\/www.keramika.com\/slovenija\/wp-json\/wp\/v2\/product\/102532"}],"collection":[{"href":"https:\/\/www.keramika.com\/slovenija\/wp-json\/wp\/v2\/product"}],"about":[{"href":"https:\/\/www.keramika.com\/slovenija\/wp-json\/wp\/v2\/types\/product"}],"wp:featuredmedia":[{"embeddable":true,"href":"https:\/\/www.keramika.com\/slovenija\/wp-json\/wp\/v2\/media\/102533"}],"wp:attachment":[{"href":"https:\/\/www.keramika.com\/slovenija\/wp-json\/wp\/v2\/media?parent=102532"}],"wp:term":[{"taxonomy":"product_cat","embeddable":true,"href":"https:\/\/www.keramika.com\/slovenija\/wp-json\/wp\/v2\/product_cat?post=102532"},{"taxonomy":"product_tag","embeddable":true,"href":"https:\/\/www.keramika.com\/slovenija\/wp-json\/wp\/v2\/product_tag?post=102532"}],"curies":[{"name":"wp","href":"https:\/\/api.w.org\/{rel}","templated":true}]}}