{"id":102478,"date":"2017-03-22T23:14:21","date_gmt":"2017-03-22T23:14:21","guid":{"rendered":"http:\/\/keramika.holest.com\/slovenija\/product\/keramicna-wc-skoljka-proget-fd\/"},"modified":"2026-01-02T00:01:38","modified_gmt":"2026-01-02T00:01:38","slug":"keramicna-wc-skoljka-proget-fd","status":"publish","type":"product","link":"https:\/\/www.keramika.com\/slovenija\/keramicna-wc-skoljka-proget-fd\/","title":{"rendered":"Kerami\u010dna WC \u0161koljka Proget F\/D"},"content":{"rendered":"<p>Wc \u0161koljka Proget confort<br \/>Koda izdelka : 130021  <br \/>Material : Porcelan, odporno na kemikalije, dolga \u017eivljenjska doba<br \/>Dimenzije : 370x675x450<br \/>Te\u017ea:  30,2 kg<br \/>Odtok v tla. <\/p>\n<p>Rezervoar za WC \u0161koljko<br \/>Koda izdelka : 130113  Cena : Po dogovoru<br \/>Material : Porcelan<br \/>Dimenzije 370x180x370 Te\u017ea: 13,3 kg<\/p>\n<p>Mehanizem<br \/>Koda izdelka : 33011114  Cena : Po dogovoru<\/p>\n<p>Deska za WC \u0161koljko <br \/>Koda izdelka : 21411 Cena : Po dogovoru<br \/>Te\u017ea 2,4 kg<br \/>Te\u010daji iz nerjave\u010dega jekla.<br \/>Vsi elementi so posami\u010dno pakirani v kartonsko embala\u017eo.<br \/><a class=\"pdfcatal\" href=\"\/\/www.keramika.com\/pdf\/e-ceramica\/sanitary_ware_catalogue.pdf\">Cenik in katalog za sanitarno keramiko <\/a><\/p>\n<p><strong>Za veleprodajno ceno nas kontaktirajte na: <a href=\"mailto:keramoteka.salon@gmail.com\">keramoteka.salon@gmail.com<\/a><\/strong><\/p>\n<p>Technical description: Product ID: 130021<a class=\"pdfcatal\" href=\"\/\/www.keramika.com\/pdf\/e-ceramica\/sanitary_ware_catalogue.pdf \">Sanitary Ware Catalogue <\/a><br \/><a class=\"pdfcatal\" href=\"\/\/www.keramika.com\/pdf\/e-ceramica\/handicaps_sanitary_ware_catalogue.pdf\">Handicaps Sanitary Ware Catalogue <\/a><br \/><a class=\"pdfcatal\" href=\"\/\/www.keramika.com\/pdf\/e-ceramica\/children's_sanitary_ware_catalogue.pdf\">Children&#8217;s Sanitary Ware Catalogue <\/a><br \/><a class=\"pdfcatal\" href=\"\/\/www.keramika.com\/pdf\/e-ceramica\/special_wash_basin_catalogue.pdf\">Special Wash Basin Catalogue <\/a><br \/><a class=\"pdfcatal\" href=\"\/\/www.keramika.com\/pdf\/e-ceramica\/shower_trays_catalogue.pdf\">Shower Trays Catalogue <\/a><br \/><a class=\"pdfcatal\" href=\"\/\/www.keramika.com\/pdf\/e-ceramica\/shower_doors&#038;cabins_catalogue.pdf\">Shower Doors&#038;Cabins Catalogue <\/a><br \/><a class=\"pdfcatal\" href=\"\/\/www.keramika.com\/pdf\/e-ceramica\/mixers.pdf\">Mixers <\/a><br \/><a class=\"pdfcatal\" href=\"\/\/www.keramika.com\/pdf\/e-ceramica\/bathroom_accessories_catalogue.pdf\">Bathroom Accessories Catalogue <\/a><br \/><a class=\"pdfcatal\" href=\"\/\/www.keramika.com\/pdf\/e-ceramica\/bathtubs_catalogue.pdf\">Bathtubs Catalogue <\/a><br \/><a class=\"pdfcatal\" href=\"\/\/www.keramika.com\/pdf\/e-ceramica\/hydromassage_catalogue.pdf\">Hydromassage Catalogue <\/a><br \/><a class=\"pdfcatal\" href=\"\/\/www.keramika.com\/pdf\/e-ceramica\/bathroom_furniture_catalogue.pdf\">Bathroom Furniture Catalogue<\/a><br \/><a class=\"pdfcatal\" href=\"\/\/www.keramika.com\/pdf\/e-ceramica\/inox_sanitary_ware.pdf\">Stainless steel sanitary ware catalogue <\/a><br ><\/p>\n","protected":false},"excerpt":{"rendered":"<p>Wc \u0161koljka Proget confortKoda izdelka : 130021 Material : Porcelan, odporno na kemikalije, dolga \u017eivljenjska dobaDimenzije : 370x675x450Te\u017ea: 30,2 kgOdtok v tla. Rezervoar za WC \u0161koljkoKoda izdelka : 130113 Cena : Po dogovoruMaterial : PorcelanDimenzije 370x180x370 Te\u017ea: 13,3 kg MehanizemKoda izdelka : 33011114 Cena : Po dogovoru Deska za WC \u0161koljko Koda izdelka : 21411 [&hellip;]<\/p>\n","protected":false},"featured_media":102479,"template":"","meta":[],"product_cat":[500,999,9991580,510,515,512],"product_tag":[],"_links":{"self":[{"href":"https:\/\/www.keramika.com\/slovenija\/wp-json\/wp\/v2\/product\/102478"}],"collection":[{"href":"https:\/\/www.keramika.com\/slovenija\/wp-json\/wp\/v2\/product"}],"about":[{"href":"https:\/\/www.keramika.com\/slovenija\/wp-json\/wp\/v2\/types\/product"}],"wp:featuredmedia":[{"embeddable":true,"href":"https:\/\/www.keramika.com\/slovenija\/wp-json\/wp\/v2\/media\/102479"}],"wp:attachment":[{"href":"https:\/\/www.keramika.com\/slovenija\/wp-json\/wp\/v2\/media?parent=102478"}],"wp:term":[{"taxonomy":"product_cat","embeddable":true,"href":"https:\/\/www.keramika.com\/slovenija\/wp-json\/wp\/v2\/product_cat?post=102478"},{"taxonomy":"product_tag","embeddable":true,"href":"https:\/\/www.keramika.com\/slovenija\/wp-json\/wp\/v2\/product_tag?post=102478"}],"curies":[{"name":"wp","href":"https:\/\/api.w.org\/{rel}","templated":true}]}}