{"id":102474,"date":"2017-03-22T23:14:17","date_gmt":"2017-03-22T23:14:17","guid":{"rendered":"http:\/\/keramika.holest.com\/slovenija\/product\/umivalnik-za-invalide-wccare\/"},"modified":"2026-01-02T00:01:37","modified_gmt":"2026-01-02T00:01:37","slug":"umivalnik-za-invalide-wccare","status":"publish","type":"product","link":"https:\/\/www.keramika.com\/slovenija\/umivalnik-za-invalide-wccare\/","title":{"rendered":"Umivalnik za invalide WcCare"},"content":{"rendered":"<p>Umivalnik za invalide New WcCare<br \/>Posebej primeren za osebe z gibalnimi omejitvami.<br \/>Koda izdelka : 129320<br \/>Material : Visoko kvaliteten porcelan zagotavlja enostavno \u010di\u0161\u010denje in dolgo \u017eivljenjsko dobo.<br \/>Monta\u017ea na steno. <br \/>Dimenzije : 650x580x160<br \/>Te\u017ea:  17,7 kg<\/p>\n<p>Sistem za pritrditev pnevmatski<br \/>Omogo\u010da prilagajanje nagiba umivalnika.<br \/>Koda izdelka : 42902<br \/>Material : kovina<br \/>Monta\u017ea na steno. <br \/>Te\u017ea:  7,0 kg<br \/>Cena : Po dogovoru <\/p>\n<p>Sistem za pritrditev <br \/>Negibljiva pritrditev na steno.<br \/>Koda izdelka : 42901<br \/>Material : kovina<br \/>Monta\u017ea na steno. <br \/>Te\u017ea:  2,9 kg<br \/>Cena : Po dogovoru<br \/><a class=\"pdfcatal\" href=\"\/\/www.keramika.com\/pdf\/e-ceramica\/handicaps_sanitary_ware_catalogue.pdf\">Cenik in katalog sanitarne keramike za invalide <\/a><\/p>\n<p><strong>Za veleprodajno ceno nas kontaktirajte na: <a href=\"mailto:keramoteka.salon@gmail.com\">keramoteka.salon@gmail.com<\/a><\/strong><\/p>\n<p>Technical description: Product ID: 129320<a class=\"pdfcatal\" href=\"\/\/www.keramika.com\/pdf\/e-ceramica\/sanitary_ware_catalogue.pdf \">Sanitary Ware Catalogue <\/a><br \/><a class=\"pdfcatal\" href=\"\/\/www.keramika.com\/pdf\/e-ceramica\/handicaps_sanitary_ware_catalogue.pdf\">Handicaps Sanitary Ware Catalogue <\/a><br \/><a class=\"pdfcatal\" href=\"\/\/www.keramika.com\/pdf\/e-ceramica\/children's_sanitary_ware_catalogue.pdf\">Children&#8217;s Sanitary Ware Catalogue <\/a><br \/><a class=\"pdfcatal\" href=\"\/\/www.keramika.com\/pdf\/e-ceramica\/special_wash_basin_catalogue.pdf\">Special Wash Basin Catalogue <\/a><br \/><a class=\"pdfcatal\" href=\"\/\/www.keramika.com\/pdf\/e-ceramica\/shower_trays_catalogue.pdf\">Shower Trays Catalogue <\/a><br \/><a class=\"pdfcatal\" href=\"\/\/www.keramika.com\/pdf\/e-ceramica\/shower_doors&#038;cabins_catalogue.pdf\">Shower Doors&#038;Cabins Catalogue <\/a><br \/><a class=\"pdfcatal\" href=\"\/\/www.keramika.com\/pdf\/e-ceramica\/mixers.pdf\">Mixers <\/a><br \/><a class=\"pdfcatal\" href=\"\/\/www.keramika.com\/pdf\/e-ceramica\/bathroom_accessories_catalogue.pdf\">Bathroom Accessories Catalogue <\/a><br \/><a class=\"pdfcatal\" href=\"\/\/www.keramika.com\/pdf\/e-ceramica\/bathtubs_catalogue.pdf\">Bathtubs Catalogue <\/a><br \/><a class=\"pdfcatal\" href=\"\/\/www.keramika.com\/pdf\/e-ceramica\/hydromassage_catalogue.pdf\">Hydromassage Catalogue <\/a><br \/><a class=\"pdfcatal\" href=\"\/\/www.keramika.com\/pdf\/e-ceramica\/bathroom_furniture_catalogue.pdf\">Bathroom Furniture Catalogue<\/a><br \/><a class=\"pdfcatal\" href=\"\/\/www.keramika.com\/pdf\/e-ceramica\/inox_sanitary_ware.pdf\">Stainless steel sanitary ware catalogue <\/a><br ><\/p>\n","protected":false},"excerpt":{"rendered":"<p>Umivalnik za invalide New WcCarePosebej primeren za osebe z gibalnimi omejitvami.Koda izdelka : 129320Material : Visoko kvaliteten porcelan zagotavlja enostavno \u010di\u0161\u010denje in dolgo \u017eivljenjsko dobo.Monta\u017ea na steno. Dimenzije : 650x580x160Te\u017ea: 17,7 kg Sistem za pritrditev pnevmatskiOmogo\u010da prilagajanje nagiba umivalnika.Koda izdelka : 42902Material : kovinaMonta\u017ea na steno. Te\u017ea: 7,0 kgCena : Po dogovoru Sistem za pritrditev [&hellip;]<\/p>\n","protected":false},"featured_media":102475,"template":"","meta":[],"product_cat":[500,999,9991580,510,514,511],"product_tag":[],"_links":{"self":[{"href":"https:\/\/www.keramika.com\/slovenija\/wp-json\/wp\/v2\/product\/102474"}],"collection":[{"href":"https:\/\/www.keramika.com\/slovenija\/wp-json\/wp\/v2\/product"}],"about":[{"href":"https:\/\/www.keramika.com\/slovenija\/wp-json\/wp\/v2\/types\/product"}],"wp:featuredmedia":[{"embeddable":true,"href":"https:\/\/www.keramika.com\/slovenija\/wp-json\/wp\/v2\/media\/102475"}],"wp:attachment":[{"href":"https:\/\/www.keramika.com\/slovenija\/wp-json\/wp\/v2\/media?parent=102474"}],"wp:term":[{"taxonomy":"product_cat","embeddable":true,"href":"https:\/\/www.keramika.com\/slovenija\/wp-json\/wp\/v2\/product_cat?post=102474"},{"taxonomy":"product_tag","embeddable":true,"href":"https:\/\/www.keramika.com\/slovenija\/wp-json\/wp\/v2\/product_tag?post=102474"}],"curies":[{"name":"wp","href":"https:\/\/api.w.org\/{rel}","templated":true}]}}