{"id":102472,"date":"2017-03-22T23:14:15","date_gmt":"2017-03-22T23:14:15","guid":{"rendered":"http:\/\/keramika.holest.com\/slovenija\/product\/viseca-wc-skoljka-za-invalide-wccare\/"},"modified":"2026-01-02T00:01:37","modified_gmt":"2026-01-02T00:01:37","slug":"viseca-wc-skoljka-za-invalide-wccare","status":"publish","type":"product","link":"https:\/\/www.keramika.com\/slovenija\/viseca-wc-skoljka-za-invalide-wccare\/","title":{"rendered":"Vise\u010da WC \u0161koljka za invalide WCCare"},"content":{"rendered":"<p>Wc \u0161koljka vise\u010da New WcCare<br \/>Koda izdelka : 129032  <br \/>Material : Porcelan, odporno na kemikalije, dolga \u017eivljenjska doba<br \/>Dimenzije : 380x570x390<br \/>Te\u017ea:  26,9 kg<\/p>\n<p>Deska za WC \u0161koljko s po\u010dasnim zapiranjem<br \/>Koda izdelka : 22961 Cena : Po dogovoru <br \/>Popolno prileganje, vgrajen mehanizem omogo\u010da po\u010dasno in tiho zapiranje (slowclose).<br \/>Te\u017ea 3,8 kg<br \/>Te\u010daji iz nerjave\u010dega jekla.<\/p>\n<p>Deska za WC \u0161koljko <br \/>Koda izdelka : 22951 Cena : Po dogovoru<br \/>Te\u017ea 3,8 kg<br \/>Te\u010daji iz nerjave\u010dega jekla.<\/p>\n<p>Deska za WC \u0161koljko s po\u010dasnim zapiranjem in odprtino spredaj<br \/>Koda izdelka : 22931 Cena : Po dogovoru <br \/>Popolno prileganje, vgrajen mehanizem omogo\u010da po\u010dasno in tiho zapiranje (slowclose).<br \/>Te\u017ea 3,2 kg<br \/>Te\u010daji iz nerjave\u010dega jekla.<\/p>\n<p>Deska za WC \u0161koljko z odprtino spredaj<br \/>Koda izdelka : 22911 Cena : Po dogovoru<br \/>Te\u017ea 3,2 kg<br \/>Te\u010daji iz nerjave\u010dega jekla.<\/p>\n<p>Deska za WC \u0161koljko z odprtino spredaj brez pokrova<br \/>Koda izdelka : 2291100A Cena : Po dogovoru<br \/>Te\u017ea 2,0 kg<br \/>Te\u010daji iz nerjave\u010dega jekla.<\/p>\n<p>Deska za WC \u0161koljko brez pokrova<br \/>Koda izdelka : 2295100A Cena : Po dogovoru<br \/>Te\u017ea 2,1 kg<br \/>Te\u010daji iz nerjave\u010dega jekla.<\/p>\n<p>Vsi elementi so posami\u010dno pakirani v kartonsko embala\u017eo.<br \/><a class=\"pdfcatal\" href=\"\/\/www.keramika.com\/pdf\/e-ceramica\/sanitary_ware_catalogue.pdf\">Cenik in katalog za sanitarno keramiko <\/a><\/p>\n<p><strong>Za veleprodajno ceno nas kontaktirajte na: <a href=\"mailto:keramoteka.salon@gmail.com\">keramoteka.salon@gmail.com<\/a><\/strong><\/p>\n<p>Technical description: Product ID: 129032<a class=\"pdfcatal\" href=\"\/\/www.keramika.com\/pdf\/e-ceramica\/sanitary_ware_catalogue.pdf \">Sanitary Ware Catalogue <\/a><br \/><a class=\"pdfcatal\" href=\"\/\/www.keramika.com\/pdf\/e-ceramica\/handicaps_sanitary_ware_catalogue.pdf\">Handicaps Sanitary Ware Catalogue <\/a><br \/><a class=\"pdfcatal\" href=\"\/\/www.keramika.com\/pdf\/e-ceramica\/children's_sanitary_ware_catalogue.pdf\">Children&#8217;s Sanitary Ware Catalogue <\/a><br \/><a class=\"pdfcatal\" href=\"\/\/www.keramika.com\/pdf\/e-ceramica\/special_wash_basin_catalogue.pdf\">Special Wash Basin Catalogue <\/a><br \/><a class=\"pdfcatal\" href=\"\/\/www.keramika.com\/pdf\/e-ceramica\/shower_trays_catalogue.pdf\">Shower Trays Catalogue <\/a><br \/><a class=\"pdfcatal\" href=\"\/\/www.keramika.com\/pdf\/e-ceramica\/shower_doors&#038;cabins_catalogue.pdf\">Shower Doors&#038;Cabins Catalogue <\/a><br \/><a class=\"pdfcatal\" href=\"\/\/www.keramika.com\/pdf\/e-ceramica\/mixers.pdf\">Mixers <\/a><br \/><a class=\"pdfcatal\" href=\"\/\/www.keramika.com\/pdf\/e-ceramica\/bathroom_accessories_catalogue.pdf\">Bathroom Accessories Catalogue <\/a><br \/><a class=\"pdfcatal\" href=\"\/\/www.keramika.com\/pdf\/e-ceramica\/bathtubs_catalogue.pdf\">Bathtubs Catalogue <\/a><br \/><a class=\"pdfcatal\" href=\"\/\/www.keramika.com\/pdf\/e-ceramica\/hydromassage_catalogue.pdf\">Hydromassage Catalogue <\/a><br \/><a class=\"pdfcatal\" href=\"\/\/www.keramika.com\/pdf\/e-ceramica\/bathroom_furniture_catalogue.pdf\">Bathroom Furniture Catalogue<\/a><br \/><a class=\"pdfcatal\" href=\"\/\/www.keramika.com\/pdf\/e-ceramica\/inox_sanitary_ware.pdf\">Stainless steel sanitary ware catalogue <\/a><br ><\/p>\n","protected":false},"excerpt":{"rendered":"<p>Wc \u0161koljka vise\u010da New WcCareKoda izdelka : 129032 Material : Porcelan, odporno na kemikalije, dolga \u017eivljenjska dobaDimenzije : 380x570x390Te\u017ea: 26,9 kg Deska za WC \u0161koljko s po\u010dasnim zapiranjemKoda izdelka : 22961 Cena : Po dogovoru Popolno prileganje, vgrajen mehanizem omogo\u010da po\u010dasno in tiho zapiranje (slowclose).Te\u017ea 3,8 kgTe\u010daji iz nerjave\u010dega jekla. Deska za WC \u0161koljko Koda [&hellip;]<\/p>\n","protected":false},"featured_media":102473,"template":"","meta":[],"product_cat":[500,999,9991580,510,515,511],"product_tag":[],"_links":{"self":[{"href":"https:\/\/www.keramika.com\/slovenija\/wp-json\/wp\/v2\/product\/102472"}],"collection":[{"href":"https:\/\/www.keramika.com\/slovenija\/wp-json\/wp\/v2\/product"}],"about":[{"href":"https:\/\/www.keramika.com\/slovenija\/wp-json\/wp\/v2\/types\/product"}],"wp:featuredmedia":[{"embeddable":true,"href":"https:\/\/www.keramika.com\/slovenija\/wp-json\/wp\/v2\/media\/102473"}],"wp:attachment":[{"href":"https:\/\/www.keramika.com\/slovenija\/wp-json\/wp\/v2\/media?parent=102472"}],"wp:term":[{"taxonomy":"product_cat","embeddable":true,"href":"https:\/\/www.keramika.com\/slovenija\/wp-json\/wp\/v2\/product_cat?post=102472"},{"taxonomy":"product_tag","embeddable":true,"href":"https:\/\/www.keramika.com\/slovenija\/wp-json\/wp\/v2\/product_tag?post=102472"}],"curies":[{"name":"wp","href":"https:\/\/api.w.org\/{rel}","templated":true}]}}