{"id":102462,"date":"2017-03-22T23:14:04","date_gmt":"2017-03-22T23:14:04","guid":{"rendered":"http:\/\/keramika.holest.com\/slovenija\/product\/umivalnik-55-advance\/"},"modified":"2026-01-02T00:01:36","modified_gmt":"2026-01-02T00:01:36","slug":"umivalnik-55-advance","status":"publish","type":"product","link":"https:\/\/www.keramika.com\/slovenija\/umivalnik-55-advance\/","title":{"rendered":"Umivalnik 55 Advance"},"content":{"rendered":"<p>Umivalnik Advance 55<br \/>Koda izdelka : 127300<br \/>Material : Visoko kvaliteten porcelan zagotavlja enostavno \u010di\u0161\u010denje in dolgo \u017eivljenjsko dobo.<br \/>Mo\u017enost monta\u017ee z nogo ali polnogo.<br \/>Dimenzije : 550x480x170<br \/>Te\u017ea:  20.8 kg<\/p>\n<p>Noga za umivalnik Advance<br \/>Koda izdelka : 127200 Cena : Po dogovoru  <br \/>Material : Porcelan<br \/>Dimenzije : 200x210x680<br \/>Te\u017ea:  16,5 kg<\/p>\n<p>Polnoga za umivalnik Advance<br \/>Koda izdelka : 127220 Cena : Po dogovoru  <br \/>Material : Porcelan<br \/>Dimenzije : 225x325x260<br \/>Te\u017ea:  8,1 kg<\/p>\n<p>Na razpolago je tudi<br \/>Umivalnik Advance 60<br \/>Koda izdelka : 127310 Cena : Po dogovoru  <br \/>Material : Porcelan<br \/>Dimenzije : 650x515x170<br \/>Te\u017ea:  25,6 kg<br \/>Vsak element lo\u010deno pakiran v kartonsko embala\u017eo.<\/p>\n<p>Na sliki je <br \/>Armatura za umivalnik Step<br \/>Koda izdelka : 5490300  Cena : Po dogovoru <br \/>Armatura je pakirana v kartonsko embala\u017eo, te\u017ea : 1,8 kg.<\/p>\n<p>Na razpolago velika izbira visoko kvalitetnih armatur.<br \/><a class=\"pdfcatal\" href=\"\/\/www.keramika.com\/pdf\/e-ceramica\/sanitary_ware_catalogue.pdf\">Cenik in katalog za sanitarno keramiko <\/a><\/p>\n<p><a class=\"pdfcatal\" href=\"\/\/www.keramika.com\/pdf\/e-ceramica\/mixers.pdf\">Cenik in katalog za armature <\/a><\/p>\n<p><strong>Za veleprodajno ceno nas kontaktirajte na: <a href=\"mailto:keramoteka.salon@gmail.com\">keramoteka.salon@gmail.com<\/a><\/strong><\/p>\n<p>Technical description: Product ID: 127300<a class=\"pdfcatal\" href=\"\/\/www.keramika.com\/pdf\/e-ceramica\/sanitary_ware_catalogue.pdf \">Sanitary Ware Catalogue <\/a><br \/><a class=\"pdfcatal\" href=\"\/\/www.keramika.com\/pdf\/e-ceramica\/handicaps_sanitary_ware_catalogue.pdf\">Handicaps Sanitary Ware Catalogue <\/a><br \/><a class=\"pdfcatal\" href=\"\/\/www.keramika.com\/pdf\/e-ceramica\/children's_sanitary_ware_catalogue.pdf\">Children&#8217;s Sanitary Ware Catalogue <\/a><br \/><a class=\"pdfcatal\" href=\"\/\/www.keramika.com\/pdf\/e-ceramica\/special_wash_basin_catalogue.pdf\">Special Wash Basin Catalogue <\/a><br \/><a class=\"pdfcatal\" href=\"\/\/www.keramika.com\/pdf\/e-ceramica\/shower_trays_catalogue.pdf\">Shower Trays Catalogue <\/a><br \/><a class=\"pdfcatal\" href=\"\/\/www.keramika.com\/pdf\/e-ceramica\/shower_doors&#038;cabins_catalogue.pdf\">Shower Doors&#038;Cabins Catalogue <\/a><br \/><a class=\"pdfcatal\" href=\"\/\/www.keramika.com\/pdf\/e-ceramica\/mixers.pdf\">Mixers <\/a><br \/><a class=\"pdfcatal\" href=\"\/\/www.keramika.com\/pdf\/e-ceramica\/bathroom_accessories_catalogue.pdf\">Bathroom Accessories Catalogue <\/a><br \/><a class=\"pdfcatal\" href=\"\/\/www.keramika.com\/pdf\/e-ceramica\/bathtubs_catalogue.pdf\">Bathtubs Catalogue <\/a><br \/><a class=\"pdfcatal\" href=\"\/\/www.keramika.com\/pdf\/e-ceramica\/hydromassage_catalogue.pdf\">Hydromassage Catalogue <\/a><br \/><a class=\"pdfcatal\" href=\"\/\/www.keramika.com\/pdf\/e-ceramica\/bathroom_furniture_catalogue.pdf\">Bathroom Furniture Catalogue<\/a><br \/><a class=\"pdfcatal\" href=\"\/\/www.keramika.com\/pdf\/e-ceramica\/inox_sanitary_ware.pdf\">Stainless steel sanitary ware catalogue <\/a><br ><\/p>\n","protected":false},"excerpt":{"rendered":"<p>Umivalnik Advance 55Koda izdelka : 127300Material : Visoko kvaliteten porcelan zagotavlja enostavno \u010di\u0161\u010denje in dolgo \u017eivljenjsko dobo.Mo\u017enost monta\u017ee z nogo ali polnogo.Dimenzije : 550x480x170Te\u017ea: 20.8 kg Noga za umivalnik AdvanceKoda izdelka : 127200 Cena : Po dogovoru Material : PorcelanDimenzije : 200x210x680Te\u017ea: 16,5 kg Polnoga za umivalnik AdvanceKoda izdelka : 127220 Cena : Po dogovoru [&hellip;]<\/p>\n","protected":false},"featured_media":102463,"template":"","meta":[],"product_cat":[500,999,9991580,510,514],"product_tag":[],"_links":{"self":[{"href":"https:\/\/www.keramika.com\/slovenija\/wp-json\/wp\/v2\/product\/102462"}],"collection":[{"href":"https:\/\/www.keramika.com\/slovenija\/wp-json\/wp\/v2\/product"}],"about":[{"href":"https:\/\/www.keramika.com\/slovenija\/wp-json\/wp\/v2\/types\/product"}],"wp:featuredmedia":[{"embeddable":true,"href":"https:\/\/www.keramika.com\/slovenija\/wp-json\/wp\/v2\/media\/102463"}],"wp:attachment":[{"href":"https:\/\/www.keramika.com\/slovenija\/wp-json\/wp\/v2\/media?parent=102462"}],"wp:term":[{"taxonomy":"product_cat","embeddable":true,"href":"https:\/\/www.keramika.com\/slovenija\/wp-json\/wp\/v2\/product_cat?post=102462"},{"taxonomy":"product_tag","embeddable":true,"href":"https:\/\/www.keramika.com\/slovenija\/wp-json\/wp\/v2\/product_tag?post=102462"}],"curies":[{"name":"wp","href":"https:\/\/api.w.org\/{rel}","templated":true}]}}