{"id":102456,"date":"2017-03-22T23:13:57","date_gmt":"2017-03-22T23:13:57","guid":{"rendered":"http:\/\/keramika.holest.com\/slovenija\/product\/wc-skoljka-city-plus-fd\/"},"modified":"2026-01-02T00:01:35","modified_gmt":"2026-01-02T00:01:35","slug":"wc-skoljka-city-plus-fd","status":"publish","type":"product","link":"https:\/\/www.keramika.com\/slovenija\/wc-skoljka-city-plus-fd\/","title":{"rendered":"WC \u0161koljka City Plus F\/D"},"content":{"rendered":"<p>WC \u0161koljka City Plus<br \/>Koda izdelka : 126021  <br \/>Material : Porcelan, visoka kvaliteta zagotavlja enostavno \u010di\u0161\u010denje in dolgo \u017eivljenjsko dobo.<br \/>Dimenzije : 355x600x390<br \/>Te\u017ea:  30,8 kg<br \/>Mo\u017enost odtoka v tla ali steno.<\/p>\n<p>Rezervoar za WC \u0161koljko<br \/>Koda izdelka : 120171  Cena : Po dogovoru<br \/>Material : Porcelan<br \/>Dimenzije 376x150x433 Te\u017ea: 13,3 kg<\/p>\n<p>Mehanizem za WC \u0161koljko z mo\u017enostjo izpusta 3 ali 6 litrov vode<br \/>Koda izdelka : 32071114  Cena : Po dogovoru<br \/>Te\u017ea 0,9 kg<\/p>\n<p>Deska za WC \u0161koljko s po\u010dasnim zapiranjem<br \/>Koda izdelka : 22031 Cena : Po dogovoru<br \/>Te\u017ea 2,4 kg<br \/>Te\u010daji iz nerjave\u010dega jekla. Popolno prileganje, vgrajen mehanizem omogo\u010da po\u010dasno in tiho zapiranje (slowclose).<\/p>\n<p>Deska za WC \u0161koljko <br \/>Koda izdelka : 22011 Cena : Po dogovoru<br \/>Te\u017ea 2,4 kg<br \/>Te\u010daji iz nerjave\u010dega jekla. Popolno prileganje.<br \/>Vsi elementi so posami\u010dno pakirani v kartonsko embala\u017eo.<br \/><a class=\"pdfcatal\" href=\"\/\/www.keramika.com\/pdf\/e-ceramica\/sanitary_ware_catalogue.pdf\">Cenik in katalog za sanitarno keramiko <\/a><\/p>\n<p><strong>Za veleprodajno ceno nas kontaktirajte na: <a href=\"mailto:keramoteka.salon@gmail.com\">keramoteka.salon@gmail.com<\/a><\/strong><\/p>\n<p>Technical description: Product ID: 126021<a class=\"pdfcatal\" href=\"\/\/www.keramika.com\/pdf\/e-ceramica\/sanitary_ware_catalogue.pdf \">Sanitary Ware Catalogue <\/a><br \/><a class=\"pdfcatal\" href=\"\/\/www.keramika.com\/pdf\/e-ceramica\/handicaps_sanitary_ware_catalogue.pdf\">Handicaps Sanitary Ware Catalogue <\/a><br \/><a class=\"pdfcatal\" href=\"\/\/www.keramika.com\/pdf\/e-ceramica\/children's_sanitary_ware_catalogue.pdf\">Children&#8217;s Sanitary Ware Catalogue <\/a><br \/><a class=\"pdfcatal\" href=\"\/\/www.keramika.com\/pdf\/e-ceramica\/special_wash_basin_catalogue.pdf\">Special Wash Basin Catalogue <\/a><br \/><a class=\"pdfcatal\" href=\"\/\/www.keramika.com\/pdf\/e-ceramica\/shower_trays_catalogue.pdf\">Shower Trays Catalogue <\/a><br \/><a class=\"pdfcatal\" href=\"\/\/www.keramika.com\/pdf\/e-ceramica\/shower_doors&#038;cabins_catalogue.pdf\">Shower Doors&#038;Cabins Catalogue <\/a><br \/><a class=\"pdfcatal\" href=\"\/\/www.keramika.com\/pdf\/e-ceramica\/mixers.pdf\">Mixers <\/a><br \/><a class=\"pdfcatal\" href=\"\/\/www.keramika.com\/pdf\/e-ceramica\/bathroom_accessories_catalogue.pdf\">Bathroom Accessories Catalogue <\/a><br \/><a class=\"pdfcatal\" href=\"\/\/www.keramika.com\/pdf\/e-ceramica\/bathtubs_catalogue.pdf\">Bathtubs Catalogue <\/a><br \/><a class=\"pdfcatal\" href=\"\/\/www.keramika.com\/pdf\/e-ceramica\/hydromassage_catalogue.pdf\">Hydromassage Catalogue <\/a><br \/><a class=\"pdfcatal\" href=\"\/\/www.keramika.com\/pdf\/e-ceramica\/bathroom_furniture_catalogue.pdf\">Bathroom Furniture Catalogue<\/a><br \/><a class=\"pdfcatal\" href=\"\/\/www.keramika.com\/pdf\/e-ceramica\/inox_sanitary_ware.pdf\">Stainless steel sanitary ware catalogue <\/a><br ><\/p>\n","protected":false},"excerpt":{"rendered":"<p>WC \u0161koljka City PlusKoda izdelka : 126021 Material : Porcelan, visoka kvaliteta zagotavlja enostavno \u010di\u0161\u010denje in dolgo \u017eivljenjsko dobo.Dimenzije : 355x600x390Te\u017ea: 30,8 kgMo\u017enost odtoka v tla ali steno. Rezervoar za WC \u0161koljkoKoda izdelka : 120171 Cena : Po dogovoruMaterial : PorcelanDimenzije 376x150x433 Te\u017ea: 13,3 kg Mehanizem za WC \u0161koljko z mo\u017enostjo izpusta 3 ali 6 [&hellip;]<\/p>\n","protected":false},"featured_media":102457,"template":"","meta":[],"product_cat":[500,999,9991580,510,515],"product_tag":[],"_links":{"self":[{"href":"https:\/\/www.keramika.com\/slovenija\/wp-json\/wp\/v2\/product\/102456"}],"collection":[{"href":"https:\/\/www.keramika.com\/slovenija\/wp-json\/wp\/v2\/product"}],"about":[{"href":"https:\/\/www.keramika.com\/slovenija\/wp-json\/wp\/v2\/types\/product"}],"wp:featuredmedia":[{"embeddable":true,"href":"https:\/\/www.keramika.com\/slovenija\/wp-json\/wp\/v2\/media\/102457"}],"wp:attachment":[{"href":"https:\/\/www.keramika.com\/slovenija\/wp-json\/wp\/v2\/media?parent=102456"}],"wp:term":[{"taxonomy":"product_cat","embeddable":true,"href":"https:\/\/www.keramika.com\/slovenija\/wp-json\/wp\/v2\/product_cat?post=102456"},{"taxonomy":"product_tag","embeddable":true,"href":"https:\/\/www.keramika.com\/slovenija\/wp-json\/wp\/v2\/product_tag?post=102456"}],"curies":[{"name":"wp","href":"https:\/\/api.w.org\/{rel}","templated":true}]}}