{"id":102448,"date":"2017-03-22T23:13:49","date_gmt":"2017-03-22T23:13:49","guid":{"rendered":"http:\/\/keramika.holest.com\/slovenija\/product\/stojeca-wc-skoljka-10-wd\/"},"modified":"2026-01-02T00:01:33","modified_gmt":"2026-01-02T00:01:33","slug":"stojeca-wc-skoljka-10-wd","status":"publish","type":"product","link":"https:\/\/www.keramika.com\/slovenija\/stojeca-wc-skoljka-10-wd\/","title":{"rendered":"Stoje\u010da WC \u0161koljka 10 W\/D"},"content":{"rendered":"<p>WC \u0161koljka Plus 10 stoje\u010da<br \/>Vi\u0161ja, kot obi\u010dajne \u0161koljke.  Primerno za osebe z gibalnimi omejitvami. <br \/>Koda izdelka : 124012 <br \/>Material : Porcelan, visoka kvaliteta zagotavlja enostavno \u010di\u0161\u010denje in dolgo \u017eivljenjsko dobo.<br \/>Dimenzije : 350x465x490<br \/>Te\u017ea:  25,4 kg<br \/>Posami\u010dno pakiranje v kartonsko embala\u017eo.<\/p>\n<p>Deska za WC \u0161koljko s po\u010dasnim zapiranjem<br \/>Koda izdelka : 22431 Cena : Po dogovoru<br \/>Te\u017ea 1,9 kg<br \/>Te\u010daji iz nerjave\u010dega jekla. Popolno prileganje, vgrajen mehanizem omogo\u010da po\u010dasno in tiho zapiranje (slowclose).<br \/>Posami\u010dno pakiranje v kartonsko embala\u017eo.<\/p>\n<p>Deska za WC \u0161koljko <br \/>Koda izdelka : 22411 Cena : Po dogovoru<br \/>Te\u010daji iz nerjave\u010dega jekla. Popolno prileganje.<br \/><a class=\"pdfcatal\" href=\"\/\/www.keramika.com\/pdf\/e-ceramica\/sanitary_ware_catalogue.pdf\">Cenik in katalog za sanitarno keramiko <\/a><\/p>\n<p><strong>Za veleprodajno ceno nas kontaktirajte na: <a href=\"mailto:keramoteka.salon@gmail.com\">keramoteka.salon@gmail.com<\/a><\/strong><\/p>\n<p>Technical description: Product ID: 124012<a class=\"pdfcatal\" href=\"\/\/www.keramika.com\/pdf\/e-ceramica\/sanitary_ware_catalogue.pdf \">Sanitary Ware Catalogue <\/a><br \/><a class=\"pdfcatal\" href=\"\/\/www.keramika.com\/pdf\/e-ceramica\/handicaps_sanitary_ware_catalogue.pdf\">Handicaps Sanitary Ware Catalogue <\/a><br \/><a class=\"pdfcatal\" href=\"\/\/www.keramika.com\/pdf\/e-ceramica\/children's_sanitary_ware_catalogue.pdf\">Children&#8217;s Sanitary Ware Catalogue <\/a><br \/><a class=\"pdfcatal\" href=\"\/\/www.keramika.com\/pdf\/e-ceramica\/special_wash_basin_catalogue.pdf\">Special Wash Basin Catalogue <\/a><br \/><a class=\"pdfcatal\" href=\"\/\/www.keramika.com\/pdf\/e-ceramica\/shower_trays_catalogue.pdf\">Shower Trays Catalogue <\/a><br \/><a class=\"pdfcatal\" href=\"\/\/www.keramika.com\/pdf\/e-ceramica\/shower_doors&#038;cabins_catalogue.pdf\">Shower Doors&#038;Cabins Catalogue <\/a><br \/><a class=\"pdfcatal\" href=\"\/\/www.keramika.com\/pdf\/e-ceramica\/mixers.pdf\">Mixers <\/a><br \/><a class=\"pdfcatal\" href=\"\/\/www.keramika.com\/pdf\/e-ceramica\/bathroom_accessories_catalogue.pdf\">Bathroom Accessories Catalogue <\/a><br \/><a class=\"pdfcatal\" href=\"\/\/www.keramika.com\/pdf\/e-ceramica\/bathtubs_catalogue.pdf\">Bathtubs Catalogue <\/a><br \/><a class=\"pdfcatal\" href=\"\/\/www.keramika.com\/pdf\/e-ceramica\/hydromassage_catalogue.pdf\">Hydromassage Catalogue <\/a><br \/><a class=\"pdfcatal\" href=\"\/\/www.keramika.com\/pdf\/e-ceramica\/bathroom_furniture_catalogue.pdf\">Bathroom Furniture Catalogue<\/a><br \/><a class=\"pdfcatal\" href=\"\/\/www.keramika.com\/pdf\/e-ceramica\/inox_sanitary_ware.pdf\">Stainless steel sanitary ware catalogue <\/a><br ><\/p>\n","protected":false},"excerpt":{"rendered":"<p>WC \u0161koljka Plus 10 stoje\u010daVi\u0161ja, kot obi\u010dajne \u0161koljke. Primerno za osebe z gibalnimi omejitvami. Koda izdelka : 124012 Material : Porcelan, visoka kvaliteta zagotavlja enostavno \u010di\u0161\u010denje in dolgo \u017eivljenjsko dobo.Dimenzije : 350x465x490Te\u017ea: 25,4 kgPosami\u010dno pakiranje v kartonsko embala\u017eo. Deska za WC \u0161koljko s po\u010dasnim zapiranjemKoda izdelka : 22431 Cena : Po dogovoruTe\u017ea 1,9 kgTe\u010daji iz [&hellip;]<\/p>\n","protected":false},"featured_media":102449,"template":"","meta":[],"product_cat":[500,999,9991580,510,515],"product_tag":[],"_links":{"self":[{"href":"https:\/\/www.keramika.com\/slovenija\/wp-json\/wp\/v2\/product\/102448"}],"collection":[{"href":"https:\/\/www.keramika.com\/slovenija\/wp-json\/wp\/v2\/product"}],"about":[{"href":"https:\/\/www.keramika.com\/slovenija\/wp-json\/wp\/v2\/types\/product"}],"wp:featuredmedia":[{"embeddable":true,"href":"https:\/\/www.keramika.com\/slovenija\/wp-json\/wp\/v2\/media\/102449"}],"wp:attachment":[{"href":"https:\/\/www.keramika.com\/slovenija\/wp-json\/wp\/v2\/media?parent=102448"}],"wp:term":[{"taxonomy":"product_cat","embeddable":true,"href":"https:\/\/www.keramika.com\/slovenija\/wp-json\/wp\/v2\/product_cat?post=102448"},{"taxonomy":"product_tag","embeddable":true,"href":"https:\/\/www.keramika.com\/slovenija\/wp-json\/wp\/v2\/product_tag?post=102448"}],"curies":[{"name":"wp","href":"https:\/\/api.w.org\/{rel}","templated":true}]}}