{"id":102436,"date":"2017-03-22T23:13:36","date_gmt":"2017-03-22T23:13:36","guid":{"rendered":"http:\/\/keramika.holest.com\/slovenija\/product\/umivalnik-60-city\/"},"modified":"2026-01-02T00:01:31","modified_gmt":"2026-01-02T00:01:31","slug":"umivalnik-60-city","status":"publish","type":"product","link":"https:\/\/www.keramika.com\/slovenija\/umivalnik-60-city\/","title":{"rendered":"Umivalnik 60 City"},"content":{"rendered":"<p>Umivalnik City 60<br \/>Koda izdelka :  120310<br \/>Material : Visoko kvaliteten porcelan zagotavlja enostavno \u010di\u0161\u010denje in dolgo \u017eivljenjsko dobo.<br \/>Mo\u017enost monta\u017ee z nogo ali polnogo.<br \/>Dimenzije : 600x500x195<br \/>Te\u017ea:  17,3 kg<\/p>\n<p>Noga za umivalnik City<br \/>Koda izdelka : 120200 Cena : Po dogovoru  <br \/>Material : Porcelan<br \/>Dimenzije : 170x210x685<br \/>Te\u017ea:  13,2 kg<\/p>\n<p>Polnoga za umivalnik City<br \/>Koda izdelka : 120220 Cena : Po dogovoru  <br \/>Material : Porcelan<br \/>Dimenzije : 205x300x430<br \/>Te\u017ea: 11,6 kg<br \/>Vsak element lo\u010deno pakiran v kartonsko embala\u017eo.<\/p>\n<p>Na sliki je <br \/>Armatura za umivalnik Torus<br \/>Koda izdelka : 5370300  Cena : Po dogovoru<br \/>Armatura je pakirana v kartonsko embala\u017eo, te\u017ea : 1,8 kg.<br \/><a class=\"pdfcatal\" href=\"\/\/www.keramika.com\/pdf\/e-ceramica\/sanitary_ware_catalogue.pdf\">Cenik in katalog za sanitarno keramiko <\/a><\/p>\n<p><a class=\"pdfcatal\" href=\"\/\/www.keramika.com\/pdf\/e-ceramica\/mixers.pdf\">Cenik in katalog za armature <\/a><\/p>\n<p><strong>Za veleprodajno ceno nas kontaktirajte na: <a href=\"mailto:keramoteka.salon@gmail.com\">keramoteka.salon@gmail.com<\/a><\/strong><\/p>\n<p>Technical description: Product ID: 120310<a class=\"pdfcatal\" href=\"\/\/www.keramika.com\/pdf\/e-ceramica\/sanitary_ware_catalogue.pdf \">Sanitary Ware Catalogue <\/a><br \/><a class=\"pdfcatal\" href=\"\/\/www.keramika.com\/pdf\/e-ceramica\/handicaps_sanitary_ware_catalogue.pdf\">Handicaps Sanitary Ware Catalogue <\/a><br \/><a class=\"pdfcatal\" href=\"\/\/www.keramika.com\/pdf\/e-ceramica\/children's_sanitary_ware_catalogue.pdf\">Children&#8217;s Sanitary Ware Catalogue <\/a><br \/><a class=\"pdfcatal\" href=\"\/\/www.keramika.com\/pdf\/e-ceramica\/special_wash_basin_catalogue.pdf\">Special Wash Basin Catalogue <\/a><br \/><a class=\"pdfcatal\" href=\"\/\/www.keramika.com\/pdf\/e-ceramica\/shower_trays_catalogue.pdf\">Shower Trays Catalogue <\/a><br \/><a class=\"pdfcatal\" href=\"\/\/www.keramika.com\/pdf\/e-ceramica\/shower_doors&#038;cabins_catalogue.pdf\">Shower Doors&#038;Cabins Catalogue <\/a><br \/><a class=\"pdfcatal\" href=\"\/\/www.keramika.com\/pdf\/e-ceramica\/mixers.pdf\">Mixers <\/a><br \/><a class=\"pdfcatal\" href=\"\/\/www.keramika.com\/pdf\/e-ceramica\/bathroom_accessories_catalogue.pdf\">Bathroom Accessories Catalogue <\/a><br \/><a class=\"pdfcatal\" href=\"\/\/www.keramika.com\/pdf\/e-ceramica\/bathtubs_catalogue.pdf\">Bathtubs Catalogue <\/a><br \/><a class=\"pdfcatal\" href=\"\/\/www.keramika.com\/pdf\/e-ceramica\/hydromassage_catalogue.pdf\">Hydromassage Catalogue <\/a><br \/><a class=\"pdfcatal\" href=\"\/\/www.keramika.com\/pdf\/e-ceramica\/bathroom_furniture_catalogue.pdf\">Bathroom Furniture Catalogue<\/a><br \/><a class=\"pdfcatal\" href=\"\/\/www.keramika.com\/pdf\/e-ceramica\/inox_sanitary_ware.pdf\">Stainless steel sanitary ware catalogue <\/a><br ><\/p>\n","protected":false},"excerpt":{"rendered":"<p>Umivalnik City 60Koda izdelka : 120310Material : Visoko kvaliteten porcelan zagotavlja enostavno \u010di\u0161\u010denje in dolgo \u017eivljenjsko dobo.Mo\u017enost monta\u017ee z nogo ali polnogo.Dimenzije : 600x500x195Te\u017ea: 17,3 kg Noga za umivalnik CityKoda izdelka : 120200 Cena : Po dogovoru Material : PorcelanDimenzije : 170x210x685Te\u017ea: 13,2 kg Polnoga za umivalnik CityKoda izdelka : 120220 Cena : Po dogovoru [&hellip;]<\/p>\n","protected":false},"featured_media":102437,"template":"","meta":[],"product_cat":[500,999,9991580,510,514],"product_tag":[],"_links":{"self":[{"href":"https:\/\/www.keramika.com\/slovenija\/wp-json\/wp\/v2\/product\/102436"}],"collection":[{"href":"https:\/\/www.keramika.com\/slovenija\/wp-json\/wp\/v2\/product"}],"about":[{"href":"https:\/\/www.keramika.com\/slovenija\/wp-json\/wp\/v2\/types\/product"}],"wp:featuredmedia":[{"embeddable":true,"href":"https:\/\/www.keramika.com\/slovenija\/wp-json\/wp\/v2\/media\/102437"}],"wp:attachment":[{"href":"https:\/\/www.keramika.com\/slovenija\/wp-json\/wp\/v2\/media?parent=102436"}],"wp:term":[{"taxonomy":"product_cat","embeddable":true,"href":"https:\/\/www.keramika.com\/slovenija\/wp-json\/wp\/v2\/product_cat?post=102436"},{"taxonomy":"product_tag","embeddable":true,"href":"https:\/\/www.keramika.com\/slovenija\/wp-json\/wp\/v2\/product_tag?post=102436"}],"curies":[{"name":"wp","href":"https:\/\/api.w.org\/{rel}","templated":true}]}}