{"id":102418,"date":"2017-03-22T23:13:18","date_gmt":"2017-03-22T23:13:18","guid":{"rendered":"http:\/\/keramika.holest.com\/slovenija\/product\/ovalni-vgradni-umivalnik-almoradi\/"},"modified":"2026-01-02T00:01:29","modified_gmt":"2026-01-02T00:01:29","slug":"ovalni-vgradni-umivalnik-almoradi","status":"publish","type":"product","link":"https:\/\/www.keramika.com\/slovenija\/ovalni-vgradni-umivalnik-almoradi\/","title":{"rendered":"Ovalni vgradni umivalnik Almoradi"},"content":{"rendered":"<p>Umivalnik  ovalni Almoradi<br \/>Koda izdelka : 118899<br \/>Material : Porcelan, enostavno \u010di\u0161\u010denje, dolga \u017eivljenjska doba<br \/>Dimenzije : 605x360x170<br \/>Te\u017ea:  10,0 kg<br \/>Vgradni umivalnik z odprtino za pipo. Pakirano v kartonsko embala\u017eo.<br \/>Mo\u017enost naro\u010dila umivalnika brez odprtine za pipo. <br \/>Koda izdelka : 118890 Cena: Po dogovoru <\/p>\n<p>Na sliki s kopalni\u0161ko armaturo Tube<br \/>Koda izdelka : 5310300<br \/>Material : Medenina, kromirano<br \/>Dimenzije : 45x165x155<br \/>Te\u017ea:  1,6 kg Cena: Po dogovoru <br \/><a class=\"pdfcatal\" href=\"\/\/www.keramika.com\/pdf\/e-ceramica\/special_wash_basin_catalogue.pdf\">Cenik in katalog za umivalnike <\/a><\/p>\n<p><strong>Za veleprodajno ceno nas kontaktirajte na: <a href=\"mailto:keramoteka.salon@gmail.com\">keramoteka.salon@gmail.com<\/a><\/strong><\/p>\n<p>Technical description: Product ID: 118899<a class=\"pdfcatal\" href=\"\/\/www.keramika.com\/pdf\/e-ceramica\/sanitary_ware_catalogue.pdf \">Sanitary Ware Catalogue <\/a><br \/><a class=\"pdfcatal\" href=\"\/\/www.keramika.com\/pdf\/e-ceramica\/handicaps_sanitary_ware_catalogue.pdf\">Handicaps Sanitary Ware Catalogue <\/a><br \/><a class=\"pdfcatal\" href=\"\/\/www.keramika.com\/pdf\/e-ceramica\/children's_sanitary_ware_catalogue.pdf\">Children&#8217;s Sanitary Ware Catalogue <\/a><br \/><a class=\"pdfcatal\" href=\"\/\/www.keramika.com\/pdf\/e-ceramica\/special_wash_basin_catalogue.pdf\">Special Wash Basin Catalogue <\/a><br \/><a class=\"pdfcatal\" href=\"\/\/www.keramika.com\/pdf\/e-ceramica\/shower_trays_catalogue.pdf\">Shower Trays Catalogue <\/a><br \/><a class=\"pdfcatal\" href=\"\/\/www.keramika.com\/pdf\/e-ceramica\/shower_doors&#038;cabins_catalogue.pdf\">Shower Doors&#038;Cabins Catalogue <\/a><br \/><a class=\"pdfcatal\" href=\"\/\/www.keramika.com\/pdf\/e-ceramica\/mixers.pdf\">Mixers <\/a><br \/><a class=\"pdfcatal\" href=\"\/\/www.keramika.com\/pdf\/e-ceramica\/bathroom_accessories_catalogue.pdf\">Bathroom Accessories Catalogue <\/a><br \/><a class=\"pdfcatal\" href=\"\/\/www.keramika.com\/pdf\/e-ceramica\/bathtubs_catalogue.pdf\">Bathtubs Catalogue <\/a><br \/><a class=\"pdfcatal\" href=\"\/\/www.keramika.com\/pdf\/e-ceramica\/hydromassage_catalogue.pdf\">Hydromassage Catalogue <\/a><br \/><a class=\"pdfcatal\" href=\"\/\/www.keramika.com\/pdf\/e-ceramica\/bathroom_furniture_catalogue.pdf\">Bathroom Furniture Catalogue<\/a><br \/><a class=\"pdfcatal\" href=\"\/\/www.keramika.com\/pdf\/e-ceramica\/inox_sanitary_ware.pdf\">Stainless steel sanitary ware catalogue <\/a><br ><\/p>\n","protected":false},"excerpt":{"rendered":"<p>Umivalnik ovalni AlmoradiKoda izdelka : 118899Material : Porcelan, enostavno \u010di\u0161\u010denje, dolga \u017eivljenjska dobaDimenzije : 605x360x170Te\u017ea: 10,0 kgVgradni umivalnik z odprtino za pipo. Pakirano v kartonsko embala\u017eo.Mo\u017enost naro\u010dila umivalnika brez odprtine za pipo. Koda izdelka : 118890 Cena: Po dogovoru Na sliki s kopalni\u0161ko armaturo TubeKoda izdelka : 5310300Material : Medenina, kromiranoDimenzije : 45x165x155Te\u017ea: 1,6 kg [&hellip;]<\/p>\n","protected":false},"featured_media":102419,"template":"","meta":[],"product_cat":[500,999,9991580,510,514],"product_tag":[],"_links":{"self":[{"href":"https:\/\/www.keramika.com\/slovenija\/wp-json\/wp\/v2\/product\/102418"}],"collection":[{"href":"https:\/\/www.keramika.com\/slovenija\/wp-json\/wp\/v2\/product"}],"about":[{"href":"https:\/\/www.keramika.com\/slovenija\/wp-json\/wp\/v2\/types\/product"}],"wp:featuredmedia":[{"embeddable":true,"href":"https:\/\/www.keramika.com\/slovenija\/wp-json\/wp\/v2\/media\/102419"}],"wp:attachment":[{"href":"https:\/\/www.keramika.com\/slovenija\/wp-json\/wp\/v2\/media?parent=102418"}],"wp:term":[{"taxonomy":"product_cat","embeddable":true,"href":"https:\/\/www.keramika.com\/slovenija\/wp-json\/wp\/v2\/product_cat?post=102418"},{"taxonomy":"product_tag","embeddable":true,"href":"https:\/\/www.keramika.com\/slovenija\/wp-json\/wp\/v2\/product_tag?post=102418"}],"curies":[{"name":"wp","href":"https:\/\/api.w.org\/{rel}","templated":true}]}}